{"id":1035,"date":"2022-06-15T03:01:48","date_gmt":"2022-06-15T03:01:48","guid":{"rendered":"https:\/\/antenchem.com\/?page_id=1035"},"modified":"2022-11-03T02:05:42","modified_gmt":"2022-11-03T02:05:42","slug":"terms-conditions","status":"publish","type":"page","link":"https:\/\/antenchem.com\/es\/terms-conditions\/","title":{"rendered":"T\u00e9rminos y condiciones"},"content":{"rendered":"<div data-elementor-type=\"wp-page\" data-elementor-id=\"1035\" class=\"elementor elementor-1035\" data-elementor-post-type=\"page\">\n\t\t\t\t\t\t<section class=\"elementor-section elementor-top-section elementor-element elementor-element-3e266e3e elementor-section-full_width elementor-section-height-default elementor-section-height-default\" data-id=\"3e266e3e\" data-element_type=\"section\" data-settings=\"{&quot;background_background&quot;:&quot;classic&quot;}\">\n\t\t\t\t\t\t\t<div class=\"elementor-background-overlay\"><\/div>\n\t\t\t\t\t\t\t<div class=\"elementor-container elementor-column-gap-default\">\n\t\t\t\t\t<div class=\"elementor-column elementor-col-100 elementor-top-column elementor-element elementor-element-1ea09f4b\" data-id=\"1ea09f4b\" data-element_type=\"column\">\n\t\t\t<div class=\"elementor-widget-wrap elementor-element-populated\">\n\t\t\t\t\t\t<div class=\"elementor-element elementor-element-3927904f elementor-invisible elementor-widget elementor-widget-heading\" data-id=\"3927904f\" data-element_type=\"widget\" data-settings=\"{&quot;_animation&quot;:&quot;fadeInUp&quot;,&quot;_animation_delay&quot;:200}\" data-widget_type=\"heading.default\">\n\t\t\t\t<div class=\"elementor-widget-container\">\n\t\t\t<style>\/*! elementor - v3.23.0 - 25-07-2024 *\/\n.elementor-heading-title{padding:0;margin:0;line-height:1}.elementor-widget-heading .elementor-heading-title[class*=elementor-size-]>a{color:inherit;font-size:inherit;line-height:inherit}.elementor-widget-heading .elementor-heading-title.elementor-size-small{font-size:15px}.elementor-widget-heading .elementor-heading-title.elementor-size-medium{font-size:19px}.elementor-widget-heading .elementor-heading-title.elementor-size-large{font-size:29px}.elementor-widget-heading .elementor-heading-title.elementor-size-xl{font-size:39px}.elementor-widget-heading .elementor-heading-title.elementor-size-xxl{font-size:59px}<\/style><h2 class=\"elementor-heading-title elementor-size-default\">T\u00e9rminos y condiciones<\/h2>\t\t<\/div>\n\t\t\t\t<\/div>\n\t\t\t\t<div class=\"elementor-element elementor-element-679b9545 elementor-invisible elementor-widget elementor-widget-heading\" data-id=\"679b9545\" data-element_type=\"widget\" data-settings=\"{&quot;_animation&quot;:&quot;fadeInUp&quot;,&quot;_animation_delay&quot;:100}\" data-widget_type=\"heading.default\">\n\t\t\t\t<div class=\"elementor-widget-container\">\n\t\t\t<h4 class=\"elementor-heading-title elementor-size-default\">El poder de la ciencia de Anten<\/h4>\t\t<\/div>\n\t\t\t\t<\/div>\n\t\t\t\t\t<\/div>\n\t\t<\/div>\n\t\t\t\t\t<\/div>\n\t\t<\/section>\n\t\t\t\t<section class=\"elementor-section elementor-top-section elementor-element elementor-element-7a7f9e41 elementor-section-boxed elementor-section-height-default elementor-section-height-default\" data-id=\"7a7f9e41\" data-element_type=\"section\">\n\t\t\t\t\t\t<div class=\"elementor-container elementor-column-gap-default\">\n\t\t\t\t\t<div class=\"elementor-column elementor-col-100 elementor-top-column elementor-element elementor-element-5ce2813b\" data-id=\"5ce2813b\" data-element_type=\"column\">\n\t\t\t<div class=\"elementor-widget-wrap elementor-element-populated\">\n\t\t\t\t\t\t<div class=\"elementor-element elementor-element-f94a32d elementor-invisible elementor-widget elementor-widget-heading\" data-id=\"f94a32d\" data-element_type=\"widget\" data-settings=\"{&quot;_animation&quot;:&quot;fadeInUp&quot;,&quot;_animation_delay&quot;:200}\" data-widget_type=\"heading.default\">\n\t\t\t\t<div class=\"elementor-widget-container\">\n\t\t\t<h1 class=\"elementor-heading-title elementor-size-default\">T\u00e9rminos y condiciones<\/h1>\t\t<\/div>\n\t\t\t\t<\/div>\n\t\t\t\t<div class=\"elementor-element elementor-element-366c4936 elementor-widget elementor-widget-text-editor\" data-id=\"366c4936\" data-element_type=\"widget\" data-widget_type=\"text-editor.default\">\n\t\t\t\t<div class=\"elementor-widget-container\">\n\t\t\t<style>\/*! elementor - v3.23.0 - 25-07-2024 *\/\n.elementor-widget-text-editor.elementor-drop-cap-view-stacked .elementor-drop-cap{background-color:#69727d;color:#fff}.elementor-widget-text-editor.elementor-drop-cap-view-framed .elementor-drop-cap{color:#69727d;border:3px solid;background-color:transparent}.elementor-widget-text-editor:not(.elementor-drop-cap-view-default) .elementor-drop-cap{margin-top:8px}.elementor-widget-text-editor:not(.elementor-drop-cap-view-default) .elementor-drop-cap-letter{width:1em;height:1em}.elementor-widget-text-editor .elementor-drop-cap{float:left;text-align:center;line-height:1;font-size:50px}.elementor-widget-text-editor .elementor-drop-cap-letter{display:inline-block}<\/style>\t\t\t\t<p>Cada usuario de este sitio web acepta lo siguiente:<\/p><p>1. Derechos de autor, confidencialidad y otra propiedad intelectual<\/p><p>Salvo que se indique lo contrario en este sitio web, todas las marcas comerciales, derechos de autor, contenido, informaci\u00f3n, m\u00e9todos comerciales, representaciones gr\u00e1ficas, dise\u00f1os y documentaci\u00f3n publicados en este sitio web, as\u00ed como la &quot;apariencia&quot; de este sitio web (colectivamente, &quot;la propiedad intelectual&quot; ) es propiedad de AntenChem y sus licenciantes. La publicaci\u00f3n de propiedad intelectual no constituye una renuncia, transferencia o licencia de los derechos de propiedad para usted o cualquier tercero.<\/p><p>El contenido del sitio web de Antenchem, incluidos, entre otros, texto, gr\u00e1ficos e \u00edconos, son materiales protegidos por derechos de autor que pertenecen y est\u00e1n controlados por AntenChem y sus licenciantes. Puede descargar una copia de los materiales protegidos por derechos de autor en cualquier computadora e imprimir una copia de los materiales protegidos por derechos de autor \u00fanicamente para su uso en el aprendizaje, la evaluaci\u00f3n o la adquisici\u00f3n de los servicios o productos de AntenChem. No se le otorga ning\u00fan otro permiso para imprimir, copiar, reproducir, distribuir, transmitir, cargar, descargar, almacenar, exhibir en p\u00fablico, alterar o modificar los materiales protegidos por derechos de autor.<\/p><p>Usted acepta mantener cualquier Informaci\u00f3n confidencial (como se define a continuaci\u00f3n) que obtenga como resultado del uso de este sitio en forma confidencial y, a menos que lo exija la ley, no poner la Informaci\u00f3n confidencial a disposici\u00f3n de terceros ni usar la Informaci\u00f3n confidencial para ning\u00fan prop\u00f3sito. que no sean las actividades comerciales para las cuales se le dio acceso a la Informaci\u00f3n confidencial.\u00a0<\/p><p>Usted acepta tomar todas las medidas razonables para garantizar que sus empleados o agentes no divulguen ni distribuyan Informaci\u00f3n Confidencial en violaci\u00f3n de los t\u00e9rminos de este Acuerdo. A los fines de este Acuerdo, &quot;Informaci\u00f3n confidencial&quot; se refiere a toda la informaci\u00f3n patentada etiquetada como &quot;confidencial&quot; o que una persona razonable sabr\u00eda que constituye informaci\u00f3n patentada, incluidos, entre otros, planes comerciales, informes financieros, listas de clientes y otra informaci\u00f3n del cliente. , descripciones de los procesos de fabricaci\u00f3n y desarrollo de productos y planes de marketing.\u00a0<\/p><p>Usted acepta que los aspectos de este sitio, incluidos el dise\u00f1o y la estructura espec\u00edficos de los programas individuales, constituyen secretos comerciales y\/o material protegido por derechos de autor de Antenchem y sus licenciantes. No divulgar\u00e1, proporcionar\u00e1 ni pondr\u00e1 a disposici\u00f3n de ning\u00fan otro modo dichos secretos comerciales o material protegido por derechos de autor a ning\u00fan tercero sin el consentimiento previo por escrito de Antenchem y sus licenciantes. Deber\u00e1 implementar medidas de seguridad razonables para proteger dichos secretos comerciales y material protegido por derechos de autor. El t\u00edtulo de este sitio y todo su contenido permanecer\u00e1 \u00fanicamente con Antenchem y sus licenciantes.<\/p><p>2. Descargo de responsabilidad<\/p><p>Este sitio web incluye informaci\u00f3n relacionada o a la que se hace referencia en la documentaci\u00f3n de oferta de determinados productos de AntenChem. Esta informaci\u00f3n se proporciona solo para su informaci\u00f3n general y no constituye una oferta de venta o una solicitud de una oferta de compra de productos. La informaci\u00f3n no constituye una base suficiente para tomar una decisi\u00f3n con respecto a la compra de cualquier producto. Antes de comprar cualquier producto, consulte a su asesor de productos para obtener informaci\u00f3n y an\u00e1lisis de los productos, sus riesgos y su idoneidad en sus circunstancias particulares.<\/p><p>Si bien AntenChem intenta brindar informaci\u00f3n \u00fatil, AntenChem no garantiza que la informaci\u00f3n sea precisa, actual o adecuada para un prop\u00f3sito en particular. AntenChem no asume ninguna obligaci\u00f3n de actualizar o continuar publicando la informaci\u00f3n. AntenChem no garantiza que el acceso a este sitio web sea ininterrumpido, que este sitio web est\u00e9 libre de virus o que este sitio web no pueda ser manipulado por terceros.<\/p><p>ESTE SITIO WEB Y LA INFORMACI\u00d3N SE PROPORCIONAN &quot;TAL CUAL&quot;, SIN GARANT\u00cdAS DE NING\u00daN TIPO, YA SEA EXPL\u00cdCITA O IMPL\u00cdCITA, INCLUYENDO, ENTRE OTRAS, CUALQUIER GARANT\u00cdA DE T\u00cdTULO O PRECISI\u00d3N O CUALQUIER GARANT\u00cdA IMPL\u00cdCITA DE COMERCIABILIDAD O IDONEIDAD PARA UN PROP\u00d3SITO PARTICULAR. EL USO DE ESTE SITIO WEB Y LA INFORMACI\u00d3N ES A RIESGO EXCLUSIVO DEL USUARIO. EN NING\u00daN CASO Antenchem O SUS LICENCIANTES O PROVEEDORES SER\u00c1N RESPONSABLES DE CUALQUIER DA\u00d1O QUE SURJA O EST\u00c9 RELACIONADO CON ESTE SITIO WEB, CUALQUIER SITIO WEB OPERADO POR UN TERCERO O CUALQUIER INFORMACI\u00d3N CONTENIDA EN ESTE SITIO WEB O CUALQUIER OTRO SITIO WEB, INCLUYENDO, ENTRE OTROS, DA\u00d1OS DIRECTOS, INDIRECTOS, INCIDENTALES, ESPECIALES, CONSECUENCIALES O PUNITIVOS, INCLUYENDO PERO SIN LIMITARSE A LA P\u00c9RDIDA DE DATOS, DE INGRESOS O DE BENEFICIOS, BAJO CUALQUIER TEOR\u00cdA, YA SEA BAJO UN CONTRATO, AGRAVIO (INCLUIDA LA NEGLIGENCIA) O CUALQUIER OTRA TEOR\u00cdA DE RESPONSABILIDAD, INCLUSO SI AntenChem ES CONSCIENTE DE LA POSIBILIDAD DE TALES DA\u00d1OS. NINGUNA INFORMACI\u00d3N ORAL O ESCRITA O CONSEJO PROPORCIONADO POR AntenChem O SUS LICENCIATARIOS O CUALQUIERA DE SUS EMPLEADOS, REPRESENTANTES O REVENDEDORES CREAR\u00c1 NINGUNA GARANT\u00cdA ADICIONAL A LAS DADAS AQU\u00cd. EN LA MEDIDA EN QUE NO SE PUEDE EXCLUIR UNA GARANT\u00cdA IMPL\u00cdCITA, DICHA GARANT\u00cdA EST\u00c1 LIMITADA EN DURACI\u00d3N A NOVENTA (90) D\u00cdAS.\u00a0<\/p><p>DEBIDO A QUE ALGUNAS JURISDICCIONES NO PERMITEN LIMITACIONES SOBRE LA DURACI\u00d3N DE UNA GARANT\u00cdA IMPL\u00cdCITA, LA LIMITACI\u00d3N ANTERIOR PUEDE NO SER APLICABLE EN SU CASO. USTED TAMBI\u00c9N PUEDE TENER OTROS DERECHOS PARTICULARES DE SU JURISDICCI\u00d3N. LAS LIMITACIONES ANTERIORES SE APLICAR\u00c1N INCLUSO SI LA GARANT\u00cdA ESTABLECIDA ANTERIORMENTE NO CUMPLA CON SU PROP\u00d3SITO ESENCIAL. DEBIDO A QUE ALGUNAS JURISDICCIONES NO PERMITEN LA LIMITACI\u00d3N O EXCLUSI\u00d3N DE DA\u00d1OS CONSECUENTES O INCIDENTALES, ALGUNAS O TODAS LAS LIMITACIONES ANTERIORES PUEDEN NO SER APLICABLES A USTED. AUNQUE ORGANIK KIMYA HA TRATADO DE SER LO M\u00c1S PRECISO, COMPLETO Y ACTUALIZADO POSIBLE, AntenChem NO GARANTIZA QUE EL CONTENIDO DEL PRESENTE DOCUMENTO SEA EXACTO, COMPLETO O ACTUAL. ES SU RESPONSABILIDAD VERIFICAR CUALQUIER INFORMACI\u00d3N ANTES DE CONFIAR EN ELLA. EL CONTENIDO DE ESTE SITIO PUEDE INCLUIR INEXACTITUDES T\u00c9CNICAS O ERRORES TIPOGR\u00c1FICOS. DE VEZ EN CUANDO SE REALIZAN CAMBIOS AL CONTENIDO DEL PRESENTE DOCUMENTO. Antenchem PUEDE REALIZAR CAMBIOS EN LOS PRODUCTOS Y\/O LOS SERVICIOS DESCRITOS AQU\u00cd EN CUALQUIER MOMENTO. NOS RESERVAMOS EL DERECHO DE REALIZAR CAMBIOS Y CORRECCIONES EN CUALQUIER MOMENTO, SIN PREVIO AVISO.<\/p><p>3. Enlaces y uso de este sitio web<\/p><p>Este sitio es propiedad de AntenChem y sus licenciantes. Otros sitios pueden vincularse a este sitio siempre que sigan las pautas descritas en nuestra pol\u00edtica de vinculaci\u00f3n.<\/p><p>4. Enlaces a otros sitios web<\/p><p>Peri\u00f3dicamente, se pueden establecer enlaces entre este sitio web y uno o m\u00e1s sitios web operados o proporcionados por terceros. AntenChem no tiene control sobre ninguno de esos otros sitios web o el contenido de los mismos y ni Antenchem ni sus otorgantes de licencia tendr\u00e1n ninguna responsabilidad que surja o est\u00e9 relacionada con dichos sitios web o su contenido. La existencia de dichos enlaces no constituye una aprobaci\u00f3n por parte de AntenChem o sus licenciantes de dichos sitios web, los contenidos de los sitios web o los operadores de los sitios web.<\/p><p>5. Uso Apropiado<\/p><p>Usted acepta cumplir con las leyes de su jurisdicci\u00f3n y cualquier jurisdicci\u00f3n con la que se comunique. Todos los usuarios no publicar\u00e1n contenido que sea inadecuado o de naturaleza no comercial, incluidas, entre otras, declaraciones profanas, obscenas, amenazantes, difamatorias o degradantes. Usted es el \u00fanico responsable de hacer una copia de seguridad de todos los datos que ingresa en el sitio.<\/p><p>6. Seguridad de las Comunicaciones<\/p><p>AntenChem ha tomado medidas para garantizar la autenticidad y seguridad de las comunicaciones enviadas hacia o desde este sitio. La informaci\u00f3n sobre el aspecto de &quot;confianza&quot; del certificado digital utilizado con la capacidad de capa de sockets seguros (SSL) se puede obtener accediendo a nuestra Declaraci\u00f3n de pr\u00e1cticas de certificados digitales (DCPS) (tama\u00f1o PDF = 17kB).<\/p><p>7. Responsabilidad del Usuario Registrado<\/p><p>Si es un usuario registrado, es su responsabilidad mantener la confidencialidad de las contrase\u00f1as que se le proporcionen e informar inmediatamente a Antenchem en caso de p\u00e9rdida o robo de la contrase\u00f1a; hay alg\u00fan cambio en la autorizaci\u00f3n o acceso para el uso de la contrase\u00f1a; o si sus autorizaciones registradas son revocadas. Los ID de usuario y las contrase\u00f1as se le proporcionan personalmente, y usted acepta que no dar\u00e1 su contrase\u00f1a a ninguna otra parte.\u00a0<\/p><p>Salvo que se indique expresamente lo contrario en estos t\u00e9rminos y condiciones, no tendr\u00e1 derecho a (a) intentar transferir, asignar o sublicenciar ning\u00fan derecho de licencia que reciba en virtud de estos t\u00e9rminos y condiciones a ninguna otra persona, y acepta espec\u00edficamente no hacerlo; (b) hacer correcciones de errores o modificar o adaptar el sitio o crear trabajos derivados basados en el sitio, o permitir que terceros hagan lo mismo; o (c) descompilar, descifrar, realizar ingenier\u00eda inversa, desensamblar o reducir cualquier parte del sitio a un formato legible por humanos para obtener acceso a secretos comerciales o informaci\u00f3n confidencial en el sitio. Cualquier supuesta transferencia, cesi\u00f3n o sublicencia por su parte de los derechos limitados y revocables que se le otorgan en virtud de estos t\u00e9rminos y condiciones ser\u00e1 nula.<\/p><p>8. Uso y Confidencialidad de las Comunicaciones<\/p><p>Si env\u00eda un mensaje a este sitio web, como (pero no limitado a) un correo electr\u00f3nico al Webmaster, otorga a AntenChem el derecho de leer y utilizar las comunicaciones como AntenChem considere apropiado a su exclusivo criterio. Por la presente, se le informa que este sitio web no proporciona instalaciones para enviar o recibir comunicaciones confidenciales.<\/p><p>Al usar este sitio, usted reconoce que AntenChem se reservar\u00e1 el derecho de monitorear toda la actividad y tomar las medidas razonables para proteger este sitio web del uso no autorizado.<\/p><p>Lea la Declaraci\u00f3n de privacidad del sitio web para obtener informaci\u00f3n adicional sobre el uso de su informaci\u00f3n.<\/p><p>9. Licencia<\/p><p>AntenChem le ha otorgado una licencia limitada para usar y acceder a este sitio web \u00fanicamente de acuerdo con estos t\u00e9rminos y condiciones. AntenChem puede revocar dicha licencia en cualquier momento, a juicio exclusivo de AntenChem.<\/p><p>Nada de lo contenido en este documento se interpretar\u00e1 como una concesi\u00f3n por implicaci\u00f3n, impedimento legal o de otro modo de cualquier licencia o derecho bajo cualquier patente, marca comercial o derechos de propiedad de AntenChem o cualquier otro tercero. Salvo que se indique expresamente anteriormente, nada de lo contenido en este documento se interpretar\u00e1 como una concesi\u00f3n de licencia o derecho bajo los derechos de autor de AntenChem.<\/p><p>Este sitio y todo el software y los documentos que contiene est\u00e1n protegidos por la ley de derechos de autor de los Estados Unidos y por un tratado internacional. La reproducci\u00f3n o distribuci\u00f3n no autorizada est\u00e1 sujeta a sanciones civiles y penales.<\/p><p>10. Generalidades<\/p><p>Estos T\u00e9rminos y condiciones se interpretar\u00e1n de acuerdo con las leyes de Michigan, sin tener en cuenta sus disposiciones sobre conflictos de leyes. Las disposiciones de estos T\u00e9rminos y Condiciones son separables. Si se determina que alguna disposici\u00f3n de este tipo es inaplicable, dicha inaplicabilidad no afectar\u00e1 a ninguna otra disposici\u00f3n de estos T\u00e9rminos y condiciones, y los T\u00e9rminos y condiciones se interpretar\u00e1n como si dicha disposici\u00f3n inaplicable no hubiera estado contenida en ellos. Ninguna renuncia por parte de AntenChem de ning\u00fan derecho en virtud de la disposici\u00f3n de estos T\u00e9rminos y condiciones se considerar\u00e1 una renuncia a cualquier otro derecho o disposici\u00f3n de una renuncia a ese mismo derecho o disposici\u00f3n en cualquier otro momento.<\/p>\t\t\t\t\t\t<\/div>\n\t\t\t\t<\/div>\n\t\t\t\t\t<\/div>\n\t\t<\/div>\n\t\t\t\t\t<\/div>\n\t\t<\/section>\n\t\t\t\t<\/div>","protected":false},"excerpt":{"rendered":"<p>Power Of Anten&#039;s Science Cada usuario de este sitio web acepta lo siguiente: 1. Derechos de autor, confidencialidad y otra propiedad intelectual Salvo que se indique lo contrario en este sitio web, todas las marcas comerciales, derechos de autor, contenido, informaci\u00f3n, m\u00e9todos comerciales, representaciones gr\u00e1ficas, dise\u00f1os y documentaci\u00f3n publicados en este sitio web, as\u00ed como la \u201capariencia\u201d de este sitio web (colectivamente, \u201cel [\u2026]<\/p>","protected":false},"author":1,"featured_media":2164,"parent":0,"menu_order":0,"comment_status":"closed","ping_status":"closed","template":"","meta":{"footnotes":""},"class_list":["post-1035","page","type-page","status-publish","has-post-thumbnail","hentry"],"_links":{"self":[{"href":"https:\/\/antenchem.com\/es\/wp-json\/wp\/v2\/pages\/1035","targetHints":{"allow":["GET"]}}],"collection":[{"href":"https:\/\/antenchem.com\/es\/wp-json\/wp\/v2\/pages"}],"about":[{"href":"https:\/\/antenchem.com\/es\/wp-json\/wp\/v2\/types\/page"}],"author":[{"embeddable":true,"href":"https:\/\/antenchem.com\/es\/wp-json\/wp\/v2\/users\/1"}],"replies":[{"embeddable":true,"href":"https:\/\/antenchem.com\/es\/wp-json\/wp\/v2\/comments?post=1035"}],"version-history":[{"count":0,"href":"https:\/\/antenchem.com\/es\/wp-json\/wp\/v2\/pages\/1035\/revisions"}],"wp:featuredmedia":[{"embeddable":true,"href":"https:\/\/antenchem.com\/es\/wp-json\/wp\/v2\/media\/2164"}],"wp:attachment":[{"href":"https:\/\/antenchem.com\/es\/wp-json\/wp\/v2\/media?parent=1035"}],"curies":[{"name":"wp","href":"https:\/\/api.w.org\/{rel}","templated":true}]}}