{"id":1041,"date":"2022-06-15T03:04:16","date_gmt":"2022-06-15T03:04:16","guid":{"rendered":"https:\/\/antenchem.com\/?page_id=1041"},"modified":"2022-11-03T02:00:15","modified_gmt":"2022-11-03T02:00:15","slug":"legal-information","status":"publish","type":"page","link":"https:\/\/antenchem.com\/es\/legal-information\/","title":{"rendered":"Informaci\u00f3n legal"},"content":{"rendered":"<div data-elementor-type=\"wp-page\" data-elementor-id=\"1041\" class=\"elementor elementor-1041\" data-elementor-post-type=\"page\">\n\t\t\t\t\t\t<section class=\"elementor-section elementor-top-section elementor-element elementor-element-3232d37d elementor-section-full_width elementor-section-height-default elementor-section-height-default\" data-id=\"3232d37d\" data-element_type=\"section\" data-settings=\"{&quot;background_background&quot;:&quot;classic&quot;}\">\n\t\t\t\t\t\t\t<div class=\"elementor-background-overlay\"><\/div>\n\t\t\t\t\t\t\t<div class=\"elementor-container elementor-column-gap-default\">\n\t\t\t\t\t<div class=\"elementor-column elementor-col-100 elementor-top-column elementor-element elementor-element-54086cbc\" data-id=\"54086cbc\" data-element_type=\"column\">\n\t\t\t<div class=\"elementor-widget-wrap elementor-element-populated\">\n\t\t\t\t\t\t<div class=\"elementor-element elementor-element-5808f824 elementor-invisible elementor-widget elementor-widget-heading\" data-id=\"5808f824\" data-element_type=\"widget\" data-settings=\"{&quot;_animation&quot;:&quot;fadeInUp&quot;,&quot;_animation_delay&quot;:200}\" data-widget_type=\"heading.default\">\n\t\t\t\t<div class=\"elementor-widget-container\">\n\t\t\t<style>\/*! elementor - v3.23.0 - 25-07-2024 *\/\n.elementor-heading-title{padding:0;margin:0;line-height:1}.elementor-widget-heading .elementor-heading-title[class*=elementor-size-]>a{color:inherit;font-size:inherit;line-height:inherit}.elementor-widget-heading .elementor-heading-title.elementor-size-small{font-size:15px}.elementor-widget-heading .elementor-heading-title.elementor-size-medium{font-size:19px}.elementor-widget-heading .elementor-heading-title.elementor-size-large{font-size:29px}.elementor-widget-heading .elementor-heading-title.elementor-size-xl{font-size:39px}.elementor-widget-heading .elementor-heading-title.elementor-size-xxl{font-size:59px}<\/style><h2 class=\"elementor-heading-title elementor-size-default\">Informaci\u00f3n legal<\/h2>\t\t<\/div>\n\t\t\t\t<\/div>\n\t\t\t\t<div class=\"elementor-element elementor-element-1d6703ed elementor-invisible elementor-widget elementor-widget-heading\" data-id=\"1d6703ed\" data-element_type=\"widget\" data-settings=\"{&quot;_animation&quot;:&quot;fadeInUp&quot;,&quot;_animation_delay&quot;:100}\" data-widget_type=\"heading.default\">\n\t\t\t\t<div class=\"elementor-widget-container\">\n\t\t\t<h4 class=\"elementor-heading-title elementor-size-default\">Energ\u00eda de anten qu\u00edmica<\/h4>\t\t<\/div>\n\t\t\t\t<\/div>\n\t\t\t\t\t<\/div>\n\t\t<\/div>\n\t\t\t\t\t<\/div>\n\t\t<\/section>\n\t\t\t\t<section class=\"elementor-section elementor-top-section elementor-element elementor-element-6845adeb elementor-section-boxed elementor-section-height-default elementor-section-height-default\" data-id=\"6845adeb\" data-element_type=\"section\">\n\t\t\t\t\t\t<div class=\"elementor-container elementor-column-gap-default\">\n\t\t\t\t\t<div class=\"elementor-column elementor-col-100 elementor-top-column elementor-element elementor-element-2cf77447\" data-id=\"2cf77447\" data-element_type=\"column\">\n\t\t\t<div class=\"elementor-widget-wrap elementor-element-populated\">\n\t\t\t\t\t\t<div class=\"elementor-element elementor-element-6050d93a elementor-invisible elementor-widget elementor-widget-heading\" data-id=\"6050d93a\" data-element_type=\"widget\" data-settings=\"{&quot;_animation&quot;:&quot;fadeInUp&quot;,&quot;_animation_delay&quot;:200}\" data-widget_type=\"heading.default\">\n\t\t\t\t<div class=\"elementor-widget-container\">\n\t\t\t<h1 class=\"elementor-heading-title elementor-size-default\">Informaci\u00f3n legal<\/h1>\t\t<\/div>\n\t\t\t\t<\/div>\n\t\t\t\t<div class=\"elementor-element elementor-element-5fcc53f1 elementor-widget elementor-widget-text-editor\" data-id=\"5fcc53f1\" data-element_type=\"widget\" data-widget_type=\"text-editor.default\">\n\t\t\t\t<div class=\"elementor-widget-container\">\n\t\t\t<style>\/*! elementor - v3.23.0 - 25-07-2024 *\/\n.elementor-widget-text-editor.elementor-drop-cap-view-stacked .elementor-drop-cap{background-color:#69727d;color:#fff}.elementor-widget-text-editor.elementor-drop-cap-view-framed .elementor-drop-cap{color:#69727d;border:3px solid;background-color:transparent}.elementor-widget-text-editor:not(.elementor-drop-cap-view-default) .elementor-drop-cap{margin-top:8px}.elementor-widget-text-editor:not(.elementor-drop-cap-view-default) .elementor-drop-cap-letter{width:1em;height:1em}.elementor-widget-text-editor .elementor-drop-cap{float:left;text-align:center;line-height:1;font-size:50px}.elementor-widget-text-editor .elementor-drop-cap-letter{display:inline-block}<\/style>\t\t\t\t<p>Este sitio web puede contener otros avisos de propiedad e informaci\u00f3n de derechos de autor, cuyos t\u00e9rminos deben observarse y seguirse. La informaci\u00f3n de este sitio web puede contener inexactitudes t\u00e9cnicas o errores tipogr\u00e1ficos. La informaci\u00f3n puede modificarse o actualizarse sin previo aviso. ANTENCHEM tambi\u00e9n puede realizar mejoras y\/o cambios en los productos y\/o los programas descritos en esta informaci\u00f3n en cualquier momento sin previo aviso. ANTEN QU\u00cdMICA CO., LTD. no desea recibir informaci\u00f3n confidencial o patentada de usted a trav\u00e9s de nuestro sitio web. Tenga en cuenta que cualquier informaci\u00f3n o material enviado a ANTEN CHEMICAL CO., LTD. se considerar\u00e1 NO confidencial.\u00a0<\/p><p>Mediante el env\u00edo de ANTEN CHEMICAL CO., LTD. cualquier informaci\u00f3n o material, usted otorga a ANTEN CHEMICAL CO., LTD. una licencia irrevocable y sin restricciones para usar, reproducir, mostrar, realizar, modificar, transmitir y distribuir esos materiales o informaci\u00f3n, y tambi\u00e9n acepta que ANTEN CHEMICAL CO., LTD. es libre de usar cualquier idea, concepto, conocimiento o t\u00e9cnica que nos env\u00ede para cualquier prop\u00f3sito.<br \/>Sin embargo, no divulgaremos su nombre ni publicitaremos el hecho de que nos envi\u00f3 materiales u otra informaci\u00f3n a menos que:<\/p><p>(a) Obtenemos su permiso para usar su nombre; o<\/p><p>(b) Primero le notificamos que los materiales u otra informaci\u00f3n que env\u00ede a una parte particular de este sitio se publicar\u00e1n o utilizar\u00e1n con su nombre; o<\/p><p>(c) Estamos obligados a hacerlo por ley.<\/p><p>Puede obtener m\u00e1s informaci\u00f3n sobre ANTEN CHEMICAL CO., LTD. pr\u00e1cticas de privacidad en la Web. Informaci\u00f3n ANTEN CHEMICAL CO., LTD. publica en Worldwide Web puede contener referencias o referencias cruzadas a ANTEN CHEMICAL CO., LTD. productos, programas y servicios que no est\u00e1n anunciados o disponibles en su pa\u00eds. Dichas referencias no implican que ANTEN CHEMICAL CO., LTD. tiene la intenci\u00f3n de anunciar tales productos, programas o servicios en su pa\u00eds. Consulte a su local ANTEN CHEMICAL CO., LTD. contacto comercial para obtener informaci\u00f3n sobre los productos, programas y servicios que pueden estar disponibles para usted.\u00a0<\/p><p>Las obligaciones de ANTENCHEM con respecto a sus productos y servicios se rigen \u00fanicamente por los acuerdos bajo los cuales se proporcionan. Si obtiene un producto o servicio de ANTEN CHEMICAL CO., LTD. fuera de este sitio web que se proporciona sin un acuerdo, ese producto o servicio se proporciona &quot;TAL CUAL&quot; sin garant\u00edas de ning\u00fan tipo, expresas o impl\u00edcitas, y el uso de ese producto o servicio es bajo su propio riesgo.<\/p><p>ANTEN QU\u00cdMICA CO., LTD. no hace ninguna representaci\u00f3n sobre ning\u00fan otro sitio web al que pueda acceder a trav\u00e9s de este. Cuando accede a nuestro sitio web, incluso a uno que pueda contener los datos de ANTEN CHEMICAL CO., LTD. -logo, por favor entienda que es independiente de ANTEN CHEMICAL CO., LTD. , y que ANTEN CHEMICAL CO., LTD. no tiene control sobre el contenido de ese sitio web.<\/p><p>Adem\u00e1s, un enlace a un sitio web que no sea de ANTEN CHEMICAL CO., LTD. sitio web no significa que ANTEN CHEMICAL CO., LTD. respalda o acepta cualquier responsabilidad por el contenido o el uso de dicho sitio web.<\/p><p>Depende de usted tomar precauciones para asegurarse de que todo lo que seleccione para su uso est\u00e9 libre de elementos tales como virus, gusanos, troyanos y otros elementos de naturaleza destructiva.<\/p><p>EN NING\u00daN CASO, ORGANIK KIMYA AS SER\u00c1 RESPONSABLE ANTE CUALQUIER PARTE POR CUALQUIER DA\u00d1O DIRECTO, INDIRECTO, ESPECIAL U OTROS DA\u00d1OS CONSECUENTES POR CUALQUIER USO DE ESTE SITIO WEB, O EN CUALQUIER OTRO SITIO WEB HIPERENLACE, INCLUYENDO, SIN LIMITACI\u00d3N, CUALQUIER LUCRO CESANTE, INTERRUPCI\u00d3N DEL NEGOCIO, P\u00c9RDIDA DE PROGRAMAS U OTROS DATOS EN SU SISTEMA DE MANEJO DE INFORMACI\u00d3N O DE CUALQUIER OTRA FORMA, AUNQUE SEA EXPRESAMENTE ADVERTIDO DE LA POSIBILIDAD DE DICHOS DA\u00d1OS.<\/p>\t\t\t\t\t\t<\/div>\n\t\t\t\t<\/div>\n\t\t\t\t\t<\/div>\n\t\t<\/div>\n\t\t\t\t\t<\/div>\n\t\t<\/section>\n\t\t\t\t<\/div>","protected":false},"excerpt":{"rendered":"<p>Energ\u00eda de Anten Chemical Este sitio web puede contener otros avisos de propiedad e informaci\u00f3n de derechos de autor, cuyos t\u00e9rminos deben observarse y seguirse. La informaci\u00f3n de este sitio web puede contener inexactitudes t\u00e9cnicas o errores tipogr\u00e1ficos. La informaci\u00f3n puede modificarse o actualizarse sin previo aviso. ANTENCHEM tambi\u00e9n podr\u00e1 realizar mejoras y\/o cambios en los productos y\/o los programas [\u2026]<\/p>","protected":false},"author":1,"featured_media":0,"parent":0,"menu_order":0,"comment_status":"closed","ping_status":"closed","template":"","meta":{"footnotes":""},"class_list":["post-1041","page","type-page","status-publish","hentry"],"_links":{"self":[{"href":"https:\/\/antenchem.com\/es\/wp-json\/wp\/v2\/pages\/1041","targetHints":{"allow":["GET"]}}],"collection":[{"href":"https:\/\/antenchem.com\/es\/wp-json\/wp\/v2\/pages"}],"about":[{"href":"https:\/\/antenchem.com\/es\/wp-json\/wp\/v2\/types\/page"}],"author":[{"embeddable":true,"href":"https:\/\/antenchem.com\/es\/wp-json\/wp\/v2\/users\/1"}],"replies":[{"embeddable":true,"href":"https:\/\/antenchem.com\/es\/wp-json\/wp\/v2\/comments?post=1041"}],"version-history":[{"count":0,"href":"https:\/\/antenchem.com\/es\/wp-json\/wp\/v2\/pages\/1041\/revisions"}],"wp:attachment":[{"href":"https:\/\/antenchem.com\/es\/wp-json\/wp\/v2\/media?parent=1041"}],"curies":[{"name":"wp","href":"https:\/\/api.w.org\/{rel}","templated":true}]}}