{"id":1062,"date":"2022-06-15T03:18:07","date_gmt":"2022-06-15T03:18:07","guid":{"rendered":"https:\/\/antenchem.com\/?page_id=1062"},"modified":"2022-11-03T02:55:51","modified_gmt":"2022-11-03T02:55:51","slug":"link","status":"publish","type":"page","link":"https:\/\/antenchem.com\/es\/link\/","title":{"rendered":"Enlace"},"content":{"rendered":"<div data-elementor-type=\"wp-page\" data-elementor-id=\"1062\" class=\"elementor elementor-1062\" data-elementor-post-type=\"page\">\n\t\t\t\t\t\t<section class=\"elementor-section elementor-top-section elementor-element elementor-element-7eff258b elementor-section-full_width elementor-section-height-default elementor-section-height-default\" data-id=\"7eff258b\" data-element_type=\"section\" data-settings=\"{&quot;background_background&quot;:&quot;classic&quot;}\">\n\t\t\t\t\t\t\t<div class=\"elementor-background-overlay\"><\/div>\n\t\t\t\t\t\t\t<div class=\"elementor-container elementor-column-gap-default\">\n\t\t\t\t\t<div class=\"elementor-column elementor-col-100 elementor-top-column elementor-element elementor-element-48abf6ab\" data-id=\"48abf6ab\" data-element_type=\"column\">\n\t\t\t<div class=\"elementor-widget-wrap elementor-element-populated\">\n\t\t\t\t\t\t<div class=\"elementor-element elementor-element-6e189226 elementor-invisible elementor-widget elementor-widget-heading\" data-id=\"6e189226\" data-element_type=\"widget\" data-settings=\"{&quot;_animation&quot;:&quot;fadeInUp&quot;,&quot;_animation_delay&quot;:200}\" data-widget_type=\"heading.default\">\n\t\t\t\t<div class=\"elementor-widget-container\">\n\t\t\t<style>\/*! elementor - v3.23.0 - 25-07-2024 *\/\n.elementor-heading-title{padding:0;margin:0;line-height:1}.elementor-widget-heading .elementor-heading-title[class*=elementor-size-]>a{color:inherit;font-size:inherit;line-height:inherit}.elementor-widget-heading .elementor-heading-title.elementor-size-small{font-size:15px}.elementor-widget-heading .elementor-heading-title.elementor-size-medium{font-size:19px}.elementor-widget-heading .elementor-heading-title.elementor-size-large{font-size:29px}.elementor-widget-heading .elementor-heading-title.elementor-size-xl{font-size:39px}.elementor-widget-heading .elementor-heading-title.elementor-size-xxl{font-size:59px}<\/style><h2 class=\"elementor-heading-title elementor-size-default\">Enlace<\/h2>\t\t<\/div>\n\t\t\t\t<\/div>\n\t\t\t\t<div class=\"elementor-element elementor-element-35afb0af elementor-invisible elementor-widget elementor-widget-heading\" data-id=\"35afb0af\" data-element_type=\"widget\" data-settings=\"{&quot;_animation&quot;:&quot;fadeInUp&quot;,&quot;_animation_delay&quot;:100}\" data-widget_type=\"heading.default\">\n\t\t\t\t<div class=\"elementor-widget-container\">\n\t\t\t<h4 class=\"elementor-heading-title elementor-size-default\">Tu mejor socio<\/h4>\t\t<\/div>\n\t\t\t\t<\/div>\n\t\t\t\t\t<\/div>\n\t\t<\/div>\n\t\t\t\t\t<\/div>\n\t\t<\/section>\n\t\t\t\t<section class=\"elementor-section elementor-top-section elementor-element elementor-element-6cbe555c elementor-section-boxed elementor-section-height-default elementor-section-height-default\" data-id=\"6cbe555c\" data-element_type=\"section\">\n\t\t\t\t\t\t<div class=\"elementor-container elementor-column-gap-default\">\n\t\t\t\t\t<div class=\"elementor-column elementor-col-100 elementor-top-column elementor-element elementor-element-62133b2f\" data-id=\"62133b2f\" data-element_type=\"column\">\n\t\t\t<div class=\"elementor-widget-wrap elementor-element-populated\">\n\t\t\t\t\t\t<div class=\"elementor-element elementor-element-4d6812cf elementor-invisible elementor-widget elementor-widget-heading\" data-id=\"4d6812cf\" data-element_type=\"widget\" data-settings=\"{&quot;_animation&quot;:&quot;fadeInUp&quot;,&quot;_animation_delay&quot;:200}\" data-widget_type=\"heading.default\">\n\t\t\t\t<div class=\"elementor-widget-container\">\n\t\t\t<h1 class=\"elementor-heading-title elementor-size-default\">Enlace \u00fatil<\/h1>\t\t<\/div>\n\t\t\t\t<\/div>\n\t\t\t\t<div class=\"elementor-element elementor-element-3c6735d0 elementor-widget elementor-widget-text-editor\" data-id=\"3c6735d0\" data-element_type=\"widget\" data-widget_type=\"text-editor.default\">\n\t\t\t\t<div class=\"elementor-widget-container\">\n\t\t\t<style>\/*! elementor - v3.23.0 - 25-07-2024 *\/\n.elementor-widget-text-editor.elementor-drop-cap-view-stacked .elementor-drop-cap{background-color:#69727d;color:#fff}.elementor-widget-text-editor.elementor-drop-cap-view-framed .elementor-drop-cap{color:#69727d;border:3px solid;background-color:transparent}.elementor-widget-text-editor:not(.elementor-drop-cap-view-default) .elementor-drop-cap{margin-top:8px}.elementor-widget-text-editor:not(.elementor-drop-cap-view-default) .elementor-drop-cap-letter{width:1em;height:1em}.elementor-widget-text-editor .elementor-drop-cap{float:left;text-align:center;line-height:1;font-size:50px}.elementor-widget-text-editor .elementor-drop-cap-letter{display:inline-block}<\/style>\t\t\t\t<p><a href=\"https:\/\/www.google.com\/+Xmzeolite200408\" target=\"_blank\" rel=\"noopener\"><strong>Huiying en Google<\/strong><\/a><br \/><a href=\"https:\/\/cn.linkedin.com\/pub\/kingson-lee\/79\/2\/bb5\" target=\"_blank\" rel=\"noopener\"><strong>Huiying en Linkin<\/strong><\/a><br \/><a href=\"https:\/\/www.facebook.com\/pages\/Anten-Chemical-Co-Ltd\/666814653417963\" target=\"_blank\" rel=\"noopener\"><strong>Antenchem en facebook<\/strong><\/a><br \/>Descripci\u00f3n:<br \/>Antenchem en facebook<\/p><p><a href=\"https:\/\/www.facebook.com\/huiyingchemical\" target=\"_blank\" rel=\"noopener\"><strong>Huiying en facebook<\/strong><\/a><\/p><p>Descripci\u00f3n:<br \/>Huiying qu\u00edmica en facebook<\/p><p><a href=\"https:\/\/www.facebook.com\/antenchemchina\" target=\"_blank\" rel=\"noopener\"><strong>antenquimia facebook<\/strong><\/a><\/p><p>Descripci\u00f3n:<br \/>Facebook de Antenchem para soporte tecnol\u00f3gico<\/p><p><a href=\"https:\/\/antenchem.blogspot.com\/\" target=\"_blank\" rel=\"noopener\"><strong>Anten blogspot<\/strong><\/a><\/p><p>Descripci\u00f3n:<br \/>Es el blog de Anten Chemical<\/p><p><a href=\"https:\/\/antenchemical.blogspot.com\/\" target=\"_blank\" rel=\"noopener\"><strong>Punto de blog qu\u00edmico de Anten<\/strong><\/a><\/p><p>Descripci\u00f3n:<br \/>Anten Chemical es una empresa profesional de productos de tamices moleculares en China.<\/p><p><a href=\"https:\/\/www.sitepromotiondirectory.com\/latest-links.html\" target=\"_blank\" rel=\"noopener\"><strong>sitepromotiondirectory.com enlaces m\u00e1s recientes<\/strong><\/a><\/p><p>Descripci\u00f3n:<\/p><p>directorio de promoci\u00f3n del sitio<\/p><p><a href=\"http:\/\/www.zeolitemin.com\/\" target=\"_blank\" rel=\"noopener\"><strong>Xiamen Zeolitemin Biotech Co., Ltd<\/strong><\/a><\/p><p>Descripci\u00f3n:<br \/>Xiamen Zeolitemin Biotech Co., Ltd<\/p><p><a href=\"http:\/\/www.bza.org\/links\/\" target=\"_blank\" rel=\"noopener\"><strong>Asociaci\u00f3n Brit\u00e1nica de Zeolitas \u2013 BZA<\/strong><\/a><\/p><p>Descripci\u00f3n:<br \/>La Asociaci\u00f3n Brit\u00e1nica de Zeolita se fund\u00f3 en 1977 para proporcionar un foro donde los cient\u00edficos de zeolita pudieran reunirse para revisar y compartir sus \u00faltimos hallazgos. Hoy en d\u00eda, la comunidad de materiales nanoporosos (ordenados) en el Reino Unido cuenta con varios cientos de cient\u00edficos e ingenieros investigadores activos, tanto de la industria como del sector acad\u00e9mico, que reflejan la gran variedad de aplicaciones de los materiales micro y mesoporosos, desde la cat\u00e1lisis y el procesamiento petroqu\u00edmico hasta las separaciones qu\u00edmicas. , detergentes y limpieza ambiental.<\/p><p><a href=\"https:\/\/antenchem.en.alibaba.com\/\" target=\"_blank\" rel=\"noopener\"><strong>Antenchem en Alibaba<\/strong><\/a><\/p><p>Descripci\u00f3n:<br \/>Antenchem en Alibaba<\/p><p><a href=\"https:\/\/en.wikipedia.org\/wiki\/Precipitated_silica\" target=\"_blank\" rel=\"noopener\"><strong>Wikipedia<\/strong><\/a><\/p><p>Descripci\u00f3n:<br \/>Introducci\u00f3n S\u00edlice precipitada de Wikipedia<\/p><p><a href=\"https:\/\/en.wikipedia.org\/wiki\/Silicon_dioxide\" target=\"_blank\" rel=\"noopener\"><strong>Di\u00f3xido de silicio de Wikipedia<\/strong><\/a><\/p><p>Descripci\u00f3n:<br \/>Introducci\u00f3n Di\u00f3xido de silicio de Wikipedia<\/p><p><a href=\"http:\/\/iza-online.org\/ZeoliteComp.htm\" target=\"_blank\" rel=\"noopener\"><strong>La Asociaci\u00f3n Internacional de Zeolitas (IZA)<\/strong><\/a><\/p><p>Descripci\u00f3n:<br \/>La Asociaci\u00f3n Internacional de Zeolita (IZA) se organiz\u00f3 en 1973 en la 3ra Conferencia Internacional de Tamiz Molecular para promover y fomentar el desarrollo de todos los aspectos de la ciencia y la tecnolog\u00eda de la zeolita.<\/p><p><a href=\"https:\/\/en.m.wikipedia.org\/wiki\/Silica\" target=\"_blank\" rel=\"noopener\"><strong>S\u00edlice de Wikipedia<\/strong><\/a><\/p><p>Descripci\u00f3n:<br \/>Introducci\u00f3n S\u00edlice de Wikipedia<\/p><p><a href=\"http:\/\/catalysisclubphilly.org\/\" target=\"_blank\" rel=\"noopener\"><strong>Club de Cat\u00e1lisis de Filadelfia<\/strong><\/a><\/p><p>Descripci\u00f3n:<\/p><p>Catalysis Club of Philadelphia Promoviendo la ciencia de la cat\u00e1lisis desde 1949.<\/p><p><a href=\"https:\/\/www.xmzeolite.com\">Huiying Qu\u00edmica Industrial (Xiamen) Co., Ltd.<\/a><\/p><p>Descripci\u00f3n:<\/p><p>Proceso de zeolita sint\u00e9tica para detergentes para el cuidado del hogar desde 1992.<\/p><p><a href=\"https:\/\/safeweb.norton.com\/report\/show?url=https:\/\/antenchem.com\">Web segura de Norton<\/a><\/p><p><a href=\"https:\/\/www.chemicalregister.com\/Anten_Chemical_Co_Ltd\/Supplier\/sid41994.htm\">registroquimico.com<\/a><\/p><p><a href=\"https:\/\/forum.hardware.fr\/hfr\/Discussions\/Viepratique\/placements-investissements-sondage-sujet_66515_9957.htm\">hardware.fr<\/a><\/p><p><a href=\"https:\/\/alexa.chinaz.com\/antenchem.com\">alexa.chinaz.com<\/a><\/p><p><a href=\"https:\/\/buyersguide.mining.com\/listings\/supplies-consumables-mineral-processing\/anten-chemical-co-ltd\/\">compradoresguia.mining.com<\/a><\/p>\t\t\t\t\t\t<\/div>\n\t\t\t\t<\/div>\n\t\t\t\t\t<\/div>\n\t\t<\/div>\n\t\t\t\t\t<\/div>\n\t\t<\/section>\n\t\t\t\t<\/div>","protected":false},"excerpt":{"rendered":"<p>Su turst Socio V\u00ednculo \u00fatil Huiying en GoogleHuiying en LinkinAntenchem en facebookDescripci\u00f3n:Antenchem en facebook Huiying en facebook Descripci\u00f3n:Huiying Chemical en facebook antenchem facebook Descripci\u00f3n:Antenchem facebook para soporte tecnol\u00f3gico Anten blogspot Descripci\u00f3n:Es Anten Chemical Blog Anten Chemical Blogspot Descripci\u00f3n:Anten Chemical es una empresa profesional de productos de tamices moleculares en China sitepromotiondirectory.com \u00faltimos enlaces Descripci\u00f3n: directorio de promoci\u00f3n del sitio [\u2026]<\/p>","protected":false},"author":1,"featured_media":0,"parent":0,"menu_order":0,"comment_status":"closed","ping_status":"closed","template":"elementor_header_footer","meta":{"footnotes":""},"class_list":["post-1062","page","type-page","status-publish","hentry"],"_links":{"self":[{"href":"https:\/\/antenchem.com\/es\/wp-json\/wp\/v2\/pages\/1062","targetHints":{"allow":["GET"]}}],"collection":[{"href":"https:\/\/antenchem.com\/es\/wp-json\/wp\/v2\/pages"}],"about":[{"href":"https:\/\/antenchem.com\/es\/wp-json\/wp\/v2\/types\/page"}],"author":[{"embeddable":true,"href":"https:\/\/antenchem.com\/es\/wp-json\/wp\/v2\/users\/1"}],"replies":[{"embeddable":true,"href":"https:\/\/antenchem.com\/es\/wp-json\/wp\/v2\/comments?post=1062"}],"version-history":[{"count":0,"href":"https:\/\/antenchem.com\/es\/wp-json\/wp\/v2\/pages\/1062\/revisions"}],"wp:attachment":[{"href":"https:\/\/antenchem.com\/es\/wp-json\/wp\/v2\/media?parent=1062"}],"curies":[{"name":"wp","href":"https:\/\/api.w.org\/{rel}","templated":true}]}}