{"id":1282,"date":"2022-06-17T02:27:36","date_gmt":"2022-06-17T02:27:36","guid":{"rendered":"https:\/\/antenchem.com\/?page_id=1282"},"modified":"2022-11-03T02:00:00","modified_gmt":"2022-11-03T02:00:00","slug":"industrial","status":"publish","type":"page","link":"https:\/\/antenchem.com\/es\/industrial\/","title":{"rendered":"Industrial"},"content":{"rendered":"<div data-elementor-type=\"wp-page\" data-elementor-id=\"1282\" class=\"elementor elementor-1282\" data-elementor-post-type=\"page\">\n\t\t\t\t\t\t<section class=\"elementor-section elementor-top-section elementor-element elementor-element-63d3f8e2 elementor-section-full_width elementor-section-height-default elementor-section-height-default\" data-id=\"63d3f8e2\" data-element_type=\"section\" data-settings=\"{&quot;background_background&quot;:&quot;classic&quot;}\">\n\t\t\t\t\t\t\t<div class=\"elementor-background-overlay\"><\/div>\n\t\t\t\t\t\t\t<div class=\"elementor-container elementor-column-gap-default\">\n\t\t\t\t\t<div class=\"elementor-column elementor-col-100 elementor-top-column elementor-element elementor-element-9d96c01\" data-id=\"9d96c01\" data-element_type=\"column\">\n\t\t\t<div class=\"elementor-widget-wrap elementor-element-populated\">\n\t\t\t\t\t\t<div class=\"elementor-element elementor-element-7969c286 elementor-widget elementor-widget-heading\" data-id=\"7969c286\" data-element_type=\"widget\" data-widget_type=\"heading.default\">\n\t\t\t\t<div class=\"elementor-widget-container\">\n\t\t\t<style>\/*! elementor - v3.23.0 - 25-07-2024 *\/\n.elementor-heading-title{padding:0;margin:0;line-height:1}.elementor-widget-heading .elementor-heading-title[class*=elementor-size-]>a{color:inherit;font-size:inherit;line-height:inherit}.elementor-widget-heading .elementor-heading-title.elementor-size-small{font-size:15px}.elementor-widget-heading .elementor-heading-title.elementor-size-medium{font-size:19px}.elementor-widget-heading .elementor-heading-title.elementor-size-large{font-size:29px}.elementor-widget-heading .elementor-heading-title.elementor-size-xl{font-size:39px}.elementor-widget-heading .elementor-heading-title.elementor-size-xxl{font-size:59px}<\/style><h1 class=\"elementor-heading-title elementor-size-default\">Industrial<\/h1>\t\t<\/div>\n\t\t\t\t<\/div>\n\t\t\t\t<div class=\"elementor-element elementor-element-7b6dd955 elementor-widget elementor-widget-heading\" data-id=\"7b6dd955\" data-element_type=\"widget\" data-widget_type=\"heading.default\">\n\t\t\t\t<div class=\"elementor-widget-container\">\n\t\t\t<h4 class=\"elementor-heading-title elementor-size-default\">M\u00e1s aplicaciones, soporte 24\/7<\/h4>\t\t<\/div>\n\t\t\t\t<\/div>\n\t\t\t\t\t<\/div>\n\t\t<\/div>\n\t\t\t\t\t<\/div>\n\t\t<\/section>\n\t\t\t\t<section class=\"elementor-section elementor-top-section elementor-element elementor-element-23d5528d elementor-section-boxed elementor-section-height-default elementor-section-height-default\" data-id=\"23d5528d\" data-element_type=\"section\" data-settings=\"{&quot;background_background&quot;:&quot;classic&quot;}\">\n\t\t\t\t\t\t<div class=\"elementor-container elementor-column-gap-default\">\n\t\t\t\t\t<div class=\"elementor-column elementor-col-100 elementor-top-column elementor-element elementor-element-66aa982e\" data-id=\"66aa982e\" data-element_type=\"column\">\n\t\t\t<div class=\"elementor-widget-wrap elementor-element-populated\">\n\t\t\t\t\t\t<div class=\"elementor-element elementor-element-7b7d9339 elementor-widget elementor-widget-heading\" data-id=\"7b7d9339\" data-element_type=\"widget\" data-widget_type=\"heading.default\">\n\t\t\t\t<div class=\"elementor-widget-container\">\n\t\t\t<h2 class=\"elementor-heading-title elementor-size-default\">APLICACIONES<\/h2>\t\t<\/div>\n\t\t\t\t<\/div>\n\t\t\t\t<div class=\"elementor-element elementor-element-9c807dc elementor-widget elementor-widget-heading\" data-id=\"9c807dc\" data-element_type=\"widget\" data-widget_type=\"heading.default\">\n\t\t\t\t<div class=\"elementor-widget-container\">\n\t\t\t<h3 class=\"elementor-heading-title elementor-size-default\">Zeolitas | S\u00edlices | Tamices Moleculares | Silicatos | Catalizadores | Cloruro de polialuminio<\/h3>\t\t<\/div>\n\t\t\t\t<\/div>\n\t\t\t\t<div class=\"elementor-element elementor-element-572c4117 elementor-widget elementor-widget-text-editor\" data-id=\"572c4117\" data-element_type=\"widget\" data-widget_type=\"text-editor.default\">\n\t\t\t\t<div class=\"elementor-widget-container\">\n\t\t\t<style>\/*! elementor - v3.23.0 - 25-07-2024 *\/\n.elementor-widget-text-editor.elementor-drop-cap-view-stacked .elementor-drop-cap{background-color:#69727d;color:#fff}.elementor-widget-text-editor.elementor-drop-cap-view-framed .elementor-drop-cap{color:#69727d;border:3px solid;background-color:transparent}.elementor-widget-text-editor:not(.elementor-drop-cap-view-default) .elementor-drop-cap{margin-top:8px}.elementor-widget-text-editor:not(.elementor-drop-cap-view-default) .elementor-drop-cap-letter{width:1em;height:1em}.elementor-widget-text-editor .elementor-drop-cap{float:left;text-align:center;line-height:1;font-size:50px}.elementor-widget-text-editor .elementor-drop-cap-letter{display:inline-block}<\/style>\t\t\t\t<p>Construidos sobre la base de la profesionalidad, la creatividad, la fabricaci\u00f3n y la confianza, los materiales y productos qu\u00edmicos especiales de alto rendimiento de AntenChem\u00ae mejoran los productos y procesos de nuestros socios clientes en todo el mundo.<\/p><p>Seguimos invirtiendo en la f\u00e1brica de material qu\u00edmico de nuevos socios en los \u00faltimos 30 a\u00f1os. Establecimos una inversi\u00f3n en la cadena de suministro industrial y de gesti\u00f3n desde silicato de sodio, zeolita sint\u00e9tica, s\u00edlices precipitadas hasta catalizadores fcc y cloruro de polialuminio.<\/p><p>A trav\u00e9s de nuestra Investigaci\u00f3n y Desarrollo y en asociaci\u00f3n con nuestros clientes, desarrollamos, fabricamos, licenciamos y respaldamos tecnolog\u00edas en catalizadores, materiales a base de s\u00edlice, <a href=\"https:\/\/www.xmzeolite.com\">zeolitas<\/a> productos, y m\u00e1s.<\/p><p>Hemos construido franquicias s\u00f3lidas en grandes mercados globales, con nuestras ventas en segmentos en los que ocupamos el primer o segundo lugar. Somos l\u00edderes mundiales en <a href=\"https:\/\/antenchem.com\/es\/catalysts\/\">catalizadores FCC<\/a> y aditivos catalizadores de polietileno independientes; primero en gel de s\u00edlice especial y selladores de latas; n\u00famero uno en aditivos para cemento y n\u00famero dos en aditivos para concreto; y el n\u00famero uno en impermeabilizaci\u00f3n preaplicada. Este liderazgo se gana a trav\u00e9s del valor de los productos especializados t\u00e9cnicamente diferenciados; conocimientos t\u00e9cnicos y de ciencia de los materiales; capacidades de fabricaci\u00f3n flexibles en todo el mundo; y solidez financiera.<\/p><h5>Nuestros Productos en Aplicaci\u00f3n Industrial<\/h5><p>Nuestro compromiso es entregar valor, de manera segura y sostenible, a nuestros clientes en m\u00e1s de 150 pa\u00edses, a los accionistas y a las comunidades donde operamos en unos 40 pa\u00edses. Desde 1992, hemos trabajado arduamente para ganar y mantener la confianza de los clientes, incluidas muchas de las marcas m\u00e1s reconocidas del mundo, mediante la entrega confiable de productos y servicios de alta calidad en estrecha colaboraci\u00f3n con nuestros clientes.<\/p><p>Con d\u00e9cadas de experiencia en el dise\u00f1o, fabricaci\u00f3n e implementaci\u00f3n de soluciones de tratamiento, Anten est\u00e1 en una posici\u00f3n \u00fanica para ayudar a resolver los desaf\u00edos de su empresa. Nuestros equipos de ingenier\u00eda especializados est\u00e1n disponibles para consultas; no se requiere un acuerdo de servicio.<\/p><p>Con la evaluaci\u00f3n de muestras y procesos, podemos mostrarle formas de optimizar su unidad de procesamiento y hacer coincidir su desaf\u00edo con la soluci\u00f3n adecuada.<\/p>\t\t\t\t\t\t<\/div>\n\t\t\t\t<\/div>\n\t\t\t\t<div class=\"elementor-element elementor-element-a8a4cc7 elementor-widget elementor-widget-spacer\" data-id=\"a8a4cc7\" data-element_type=\"widget\" data-widget_type=\"spacer.default\">\n\t\t\t\t<div class=\"elementor-widget-container\">\n\t\t\t<style>\/*! elementor - v3.23.0 - 25-07-2024 *\/\n.elementor-column .elementor-spacer-inner{height:var(--spacer-size)}.e-con{--container-widget-width:100%}.e-con-inner>.elementor-widget-spacer,.e-con>.elementor-widget-spacer{width:var(--container-widget-width,var(--spacer-size));--align-self:var(--container-widget-align-self,initial);--flex-shrink:0}.e-con-inner>.elementor-widget-spacer>.elementor-widget-container,.e-con>.elementor-widget-spacer>.elementor-widget-container{height:100%;width:100%}.e-con-inner>.elementor-widget-spacer>.elementor-widget-container>.elementor-spacer,.e-con>.elementor-widget-spacer>.elementor-widget-container>.elementor-spacer{height:100%}.e-con-inner>.elementor-widget-spacer>.elementor-widget-container>.elementor-spacer>.elementor-spacer-inner,.e-con>.elementor-widget-spacer>.elementor-widget-container>.elementor-spacer>.elementor-spacer-inner{height:var(--container-widget-height,var(--spacer-size))}.e-con-inner>.elementor-widget-spacer.elementor-widget-empty,.e-con>.elementor-widget-spacer.elementor-widget-empty{position:relative;min-height:22px;min-width:22px}.e-con-inner>.elementor-widget-spacer.elementor-widget-empty .elementor-widget-empty-icon,.e-con>.elementor-widget-spacer.elementor-widget-empty .elementor-widget-empty-icon{position:absolute;top:0;bottom:0;left:0;right:0;margin:auto;padding:0;width:22px;height:22px}<\/style>\t\t<div class=\"elementor-spacer\">\n\t\t\t<div class=\"elementor-spacer-inner\"><\/div>\n\t\t<\/div>\n\t\t\t\t<\/div>\n\t\t\t\t<\/div>\n\t\t\t\t\t<\/div>\n\t\t<\/div>\n\t\t\t\t\t<\/div>\n\t\t<\/section>\n\t\t\t\t<\/div>","protected":false},"excerpt":{"rendered":"<p>M\u00e1s Aplicaciones, Soporte 24\/7 APLICACIONES Zeolitas | S\u00edlices | Tamices Moleculares | Silicatos | Catalizadores | Cloruro de polialuminio Basado en la confianza, la fabricaci\u00f3n y la creatividad profesionales, los productos qu\u00edmicos y materiales especiales de alto rendimiento de AntenChem\u00ae mejoran los productos y procesos de nuestros socios clientes en todo el mundo. Seguimos invirtiendo en la f\u00e1brica de material qu\u00edmico de un nuevo socio en el pasado [\u2026]<\/p>","protected":false},"author":1,"featured_media":2407,"parent":0,"menu_order":0,"comment_status":"closed","ping_status":"closed","template":"","meta":{"footnotes":""},"class_list":["post-1282","page","type-page","status-publish","has-post-thumbnail","hentry"],"_links":{"self":[{"href":"https:\/\/antenchem.com\/es\/wp-json\/wp\/v2\/pages\/1282","targetHints":{"allow":["GET"]}}],"collection":[{"href":"https:\/\/antenchem.com\/es\/wp-json\/wp\/v2\/pages"}],"about":[{"href":"https:\/\/antenchem.com\/es\/wp-json\/wp\/v2\/types\/page"}],"author":[{"embeddable":true,"href":"https:\/\/antenchem.com\/es\/wp-json\/wp\/v2\/users\/1"}],"replies":[{"embeddable":true,"href":"https:\/\/antenchem.com\/es\/wp-json\/wp\/v2\/comments?post=1282"}],"version-history":[{"count":0,"href":"https:\/\/antenchem.com\/es\/wp-json\/wp\/v2\/pages\/1282\/revisions"}],"wp:featuredmedia":[{"embeddable":true,"href":"https:\/\/antenchem.com\/es\/wp-json\/wp\/v2\/media\/2407"}],"wp:attachment":[{"href":"https:\/\/antenchem.com\/es\/wp-json\/wp\/v2\/media?parent=1282"}],"curies":[{"name":"wp","href":"https:\/\/api.w.org\/{rel}","templated":true}]}}