{"id":1301,"date":"2022-06-17T02:35:59","date_gmt":"2022-06-17T02:35:59","guid":{"rendered":"https:\/\/antenchem.com\/?page_id=1301"},"modified":"2023-01-06T07:32:31","modified_gmt":"2023-01-06T07:32:31","slug":"chemical-processing","status":"publish","type":"page","link":"https:\/\/antenchem.com\/es\/chemical-processing\/","title":{"rendered":"Procesamiento qu\u00edmico"},"content":{"rendered":"<div data-elementor-type=\"wp-page\" data-elementor-id=\"1301\" class=\"elementor elementor-1301\" data-elementor-post-type=\"page\">\n\t\t\t\t\t\t<section class=\"elementor-section elementor-top-section elementor-element elementor-element-6077500e elementor-section-full_width elementor-section-height-default elementor-section-height-default\" data-id=\"6077500e\" data-element_type=\"section\" data-settings=\"{&quot;background_background&quot;:&quot;classic&quot;}\">\n\t\t\t\t\t\t\t<div class=\"elementor-background-overlay\"><\/div>\n\t\t\t\t\t\t\t<div class=\"elementor-container elementor-column-gap-default\">\n\t\t\t\t\t<div class=\"elementor-column elementor-col-100 elementor-top-column elementor-element elementor-element-4c60dbe1\" data-id=\"4c60dbe1\" data-element_type=\"column\">\n\t\t\t<div class=\"elementor-widget-wrap elementor-element-populated\">\n\t\t\t\t\t\t<div class=\"elementor-element elementor-element-23addabe elementor-widget elementor-widget-heading\" data-id=\"23addabe\" data-element_type=\"widget\" data-widget_type=\"heading.default\">\n\t\t\t\t<div class=\"elementor-widget-container\">\n\t\t\t<style>\/*! elementor - v3.23.0 - 25-07-2024 *\/\n.elementor-heading-title{padding:0;margin:0;line-height:1}.elementor-widget-heading .elementor-heading-title[class*=elementor-size-]>a{color:inherit;font-size:inherit;line-height:inherit}.elementor-widget-heading .elementor-heading-title.elementor-size-small{font-size:15px}.elementor-widget-heading .elementor-heading-title.elementor-size-medium{font-size:19px}.elementor-widget-heading .elementor-heading-title.elementor-size-large{font-size:29px}.elementor-widget-heading .elementor-heading-title.elementor-size-xl{font-size:39px}.elementor-widget-heading .elementor-heading-title.elementor-size-xxl{font-size:59px}<\/style><h1 class=\"elementor-heading-title elementor-size-default\">Procesamiento qu\u00edmico<\/h1>\t\t<\/div>\n\t\t\t\t<\/div>\n\t\t\t\t<div class=\"elementor-element elementor-element-21ae285e elementor-widget elementor-widget-heading\" data-id=\"21ae285e\" data-element_type=\"widget\" data-widget_type=\"heading.default\">\n\t\t\t\t<div class=\"elementor-widget-container\">\n\t\t\t<h4 class=\"elementor-heading-title elementor-size-default\">Hacer crecer tu negocio<\/h4>\t\t<\/div>\n\t\t\t\t<\/div>\n\t\t\t\t\t<\/div>\n\t\t<\/div>\n\t\t\t\t\t<\/div>\n\t\t<\/section>\n\t\t\t\t<section class=\"elementor-section elementor-top-section elementor-element elementor-element-28564e9e elementor-section-boxed elementor-section-height-default elementor-section-height-default\" data-id=\"28564e9e\" data-element_type=\"section\" data-settings=\"{&quot;background_background&quot;:&quot;classic&quot;}\">\n\t\t\t\t\t\t<div class=\"elementor-container elementor-column-gap-default\">\n\t\t\t\t\t<div class=\"elementor-column elementor-col-100 elementor-top-column elementor-element elementor-element-438d81a0\" data-id=\"438d81a0\" data-element_type=\"column\">\n\t\t\t<div class=\"elementor-widget-wrap elementor-element-populated\">\n\t\t\t\t\t\t<div class=\"elementor-element elementor-element-406d6cb9 elementor-widget elementor-widget-heading\" data-id=\"406d6cb9\" data-element_type=\"widget\" data-widget_type=\"heading.default\">\n\t\t\t\t<div class=\"elementor-widget-container\">\n\t\t\t<h2 class=\"elementor-heading-title elementor-size-default\">Procesamiento qu\u00edmico<\/h2>\t\t<\/div>\n\t\t\t\t<\/div>\n\t\t\t\t<div class=\"elementor-element elementor-element-ffdc6b5 elementor-widget elementor-widget-text-editor\" data-id=\"ffdc6b5\" data-element_type=\"widget\" data-widget_type=\"text-editor.default\">\n\t\t\t\t<div class=\"elementor-widget-container\">\n\t\t\t<style>\/*! elementor - v3.23.0 - 25-07-2024 *\/\n.elementor-widget-text-editor.elementor-drop-cap-view-stacked .elementor-drop-cap{background-color:#69727d;color:#fff}.elementor-widget-text-editor.elementor-drop-cap-view-framed .elementor-drop-cap{color:#69727d;border:3px solid;background-color:transparent}.elementor-widget-text-editor:not(.elementor-drop-cap-view-default) .elementor-drop-cap{margin-top:8px}.elementor-widget-text-editor:not(.elementor-drop-cap-view-default) .elementor-drop-cap-letter{width:1em;height:1em}.elementor-widget-text-editor .elementor-drop-cap{float:left;text-align:center;line-height:1;font-size:50px}.elementor-widget-text-editor .elementor-drop-cap-letter{display:inline-block}<\/style>\t\t\t\t<p>Anten Chemical contin\u00faa brindando m\u00e1s soluciones para el procesamiento qu\u00edmico de aguas residuales y el uso <a href=\"https:\/\/antenchem.com\/es\/4a-zeolite-detergent-grade\/\">zeolitas<\/a> y <a href=\"https:\/\/antenchem.com\/es\/poly-aluminium-chloride-pac\/\">cloruro de polialuminio pac<\/a> productos para la soluci\u00f3n de aguas residuales y <a href=\"https:\/\/zeolitemin.com\" target=\"_blank\" rel=\"noopener\">contaminaci\u00f3n por metales pesados<\/a> ambiente. Nuestro equipo apoyar\u00eda a nuestros clientes para un plan mundial verde juntos.<\/p>\t\t\t\t\t\t<\/div>\n\t\t\t\t<\/div>\n\t\t\t\t<div class=\"elementor-element elementor-element-6510851a elementor-widget elementor-widget-text-editor\" data-id=\"6510851a\" data-element_type=\"widget\" data-widget_type=\"text-editor.default\">\n\t\t\t\t<div class=\"elementor-widget-container\">\n\t\t\t\t\t\t\t<p>Construidos sobre la base de la profesionalidad, la creatividad, la fabricaci\u00f3n y la confianza, los materiales y productos qu\u00edmicos especiales de alto rendimiento de AntenChem\u00ae mejoran los productos y procesos de nuestros socios clientes en todo el mundo. A trav\u00e9s de nuestra Investigaci\u00f3n y Desarrollo y en asociaci\u00f3n con nuestros clientes, desarrollamos, fabricamos, licenciamos y respaldamos tecnolog\u00edas en catalizadores, materiales a base de s\u00edlice, productos de zeolitas y m\u00e1s.<\/p><p>Hemos construido franquicias s\u00f3lidas en grandes mercados globales, con nuestras ventas en segmentos en los que ocupamos el primer o segundo lugar. Somos l\u00edderes mundiales en catalizadores FCC y aditivos independientes para catalizadores de polietileno; primero en gel de s\u00edlice especial y selladores de latas; n\u00famero uno en aditivos para cemento y n\u00famero dos en aditivos para concreto; y el n\u00famero uno en impermeabilizaci\u00f3n preaplicada. Este liderazgo se gana a trav\u00e9s del valor de los productos especializados t\u00e9cnicamente diferenciados; conocimientos t\u00e9cnicos y de ciencia de los materiales; capacidades de fabricaci\u00f3n flexibles en todo el mundo; y solidez financiera.<\/p><p>Nuestro compromiso es entregar valor, de manera segura y sostenible, a nuestros clientes en m\u00e1s de 150 pa\u00edses, a los accionistas y a las comunidades donde operamos en unos 40 pa\u00edses. Desde 1992, hemos trabajado arduamente para ganar y mantener la confianza de los clientes, incluidas muchas de las marcas m\u00e1s reconocidas del mundo, mediante la entrega confiable de productos y servicios de alta calidad en estrecha colaboraci\u00f3n con nuestros clientes.<\/p>\t\t\t\t\t\t<\/div>\n\t\t\t\t<\/div>\n\t\t\t\t\t<\/div>\n\t\t<\/div>\n\t\t\t\t\t<\/div>\n\t\t<\/section>\n\t\t\t\t<section class=\"elementor-section elementor-top-section elementor-element elementor-element-24da410 elementor-section-boxed elementor-section-height-default elementor-section-height-default\" data-id=\"24da410\" data-element_type=\"section\" data-settings=\"{&quot;background_background&quot;:&quot;classic&quot;}\">\n\t\t\t\t\t\t<div class=\"elementor-container elementor-column-gap-default\">\n\t\t\t\t\t<div class=\"elementor-column elementor-col-50 elementor-top-column elementor-element elementor-element-3f8113a\" data-id=\"3f8113a\" data-element_type=\"column\">\n\t\t\t<div class=\"elementor-widget-wrap elementor-element-populated\">\n\t\t\t\t\t\t<div class=\"elementor-element elementor-element-c5b0088 elementor-widget elementor-widget-heading\" data-id=\"c5b0088\" data-element_type=\"widget\" data-widget_type=\"heading.default\">\n\t\t\t\t<div class=\"elementor-widget-container\">\n\t\t\t<h2 class=\"elementor-heading-title elementor-size-default\">Hacer crecer su negocio de manera m\u00e1s efectiva<\/h2>\t\t<\/div>\n\t\t\t\t<\/div>\n\t\t\t\t<div class=\"elementor-element elementor-element-b476001 elementor-widget elementor-widget-text-editor\" data-id=\"b476001\" data-element_type=\"widget\" data-widget_type=\"text-editor.default\">\n\t\t\t\t<div class=\"elementor-widget-container\">\n\t\t\t\t\t\t\t<p>Su camino m\u00e1s exitoso es aquel que ofrece las soluciones y la experiencia que necesita, d\u00f3nde y cu\u00e1ndo las necesita, y de una fuente responsable. Simplificar las operaciones e identificar un \u00fanico punto de responsabilidad, respaldado por la experiencia en su industria y la experiencia en la materia que necesita, puede crear una ventaja significativa para usted.<\/p><p>Con d\u00e9cadas de experiencia en el dise\u00f1o, fabricaci\u00f3n e implementaci\u00f3n de soluciones de tratamiento, Anten\u00ae se encuentra en una posici\u00f3n \u00fanica para ayudar a resolver los desaf\u00edos de su empresa. Nuestros equipos de ingenier\u00eda especializados est\u00e1n disponibles para consultas, no se requiere un acuerdo de servicio.<\/p><p>\u00a0<\/p>\t\t\t\t\t\t<\/div>\n\t\t\t\t<\/div>\n\t\t\t\t\t<\/div>\n\t\t<\/div>\n\t\t\t\t<div class=\"elementor-column elementor-col-50 elementor-top-column elementor-element elementor-element-2e9e7e6\" data-id=\"2e9e7e6\" data-element_type=\"column\">\n\t\t\t<div class=\"elementor-widget-wrap elementor-element-populated\">\n\t\t\t\t\t\t<div class=\"elementor-element elementor-element-0779c50 elementor-widget elementor-widget-image\" data-id=\"0779c50\" data-element_type=\"widget\" data-widget_type=\"image.default\">\n\t\t\t\t<div class=\"elementor-widget-container\">\n\t\t\t<style>\/*! elementor - v3.23.0 - 25-07-2024 *\/\n.elementor-widget-image{text-align:center}.elementor-widget-image a{display:inline-block}.elementor-widget-image a img[src$=\".svg\"]{width:48px}.elementor-widget-image img{vertical-align:middle;display:inline-block}<\/style>\t\t\t\t\t\t\t\t\t\t<img fetchpriority=\"high\" decoding=\"async\" width=\"370\" height=\"455\" src=\"https:\/\/antenchem.com\/wp-content\/uploads\/2022\/07\/Refining-industry.jpg\" class=\"attachment-large size-large wp-image-2419\" alt=\"Procesamiento qu\u00edmico - Aguas residuales de la industria de refinaci\u00f3n por zeolita\" srcset=\"https:\/\/antenchem.com\/wp-content\/uploads\/2022\/07\/Refining-industry.jpg 370w, https:\/\/antenchem.com\/wp-content\/uploads\/2022\/07\/Refining-industry-244x300.jpg 244w, https:\/\/antenchem.com\/wp-content\/uploads\/2022\/07\/Refining-industry-10x12.jpg 10w\" sizes=\"(max-width: 370px) 100vw, 370px\" title=\"\">\t\t\t\t\t\t\t\t\t\t\t\t\t<\/div>\n\t\t\t\t<\/div>\n\t\t\t\t\t<\/div>\n\t\t<\/div>\n\t\t\t\t\t<\/div>\n\t\t<\/section>\n\t\t<div class=\"elementor-element elementor-element-18de30a e-flex e-con-boxed e-con e-parent\" data-id=\"18de30a\" data-element_type=\"container\">\n\t\t\t\t\t<div class=\"e-con-inner\">\n\t\t\t\t<div class=\"elementor-element elementor-element-0d34397 elementor-widget elementor-widget-spacer\" data-id=\"0d34397\" data-element_type=\"widget\" data-widget_type=\"spacer.default\">\n\t\t\t\t<div class=\"elementor-widget-container\">\n\t\t\t<style>\/*! elementor - v3.23.0 - 25-07-2024 *\/\n.elementor-column .elementor-spacer-inner{height:var(--spacer-size)}.e-con{--container-widget-width:100%}.e-con-inner>.elementor-widget-spacer,.e-con>.elementor-widget-spacer{width:var(--container-widget-width,var(--spacer-size));--align-self:var(--container-widget-align-self,initial);--flex-shrink:0}.e-con-inner>.elementor-widget-spacer>.elementor-widget-container,.e-con>.elementor-widget-spacer>.elementor-widget-container{height:100%;width:100%}.e-con-inner>.elementor-widget-spacer>.elementor-widget-container>.elementor-spacer,.e-con>.elementor-widget-spacer>.elementor-widget-container>.elementor-spacer{height:100%}.e-con-inner>.elementor-widget-spacer>.elementor-widget-container>.elementor-spacer>.elementor-spacer-inner,.e-con>.elementor-widget-spacer>.elementor-widget-container>.elementor-spacer>.elementor-spacer-inner{height:var(--container-widget-height,var(--spacer-size))}.e-con-inner>.elementor-widget-spacer.elementor-widget-empty,.e-con>.elementor-widget-spacer.elementor-widget-empty{position:relative;min-height:22px;min-width:22px}.e-con-inner>.elementor-widget-spacer.elementor-widget-empty .elementor-widget-empty-icon,.e-con>.elementor-widget-spacer.elementor-widget-empty .elementor-widget-empty-icon{position:absolute;top:0;bottom:0;left:0;right:0;margin:auto;padding:0;width:22px;height:22px}<\/style>\t\t<div class=\"elementor-spacer\">\n\t\t\t<div class=\"elementor-spacer-inner\"><\/div>\n\t\t<\/div>\n\t\t\t\t<\/div>\n\t\t\t\t<\/div>\n\t\t\t\t\t<\/div>\n\t\t\t\t<\/div>\n\t\t\t\t<\/div>","protected":false},"excerpt":{"rendered":"<p>Hacer crecer su negocio Procesamiento qu\u00edmico Anten Chemical contin\u00faa brindando m\u00e1s soluciones para el procesamiento qu\u00edmico de aguas residuales y utiliza productos de zeolitas y cloruro de polialuminio pac para resolver la contaminaci\u00f3n ambiental por aguas residuales y metales pesados. Nuestro equipo apoyar\u00eda a nuestros clientes para un plan mundial verde juntos. Basado en Professinal,Creative,Fabricaci\u00f3n y confianza, AntenChem\u00ae especialidades qu\u00edmicas de alto rendimiento y [\u2026]<\/p>","protected":false},"author":1,"featured_media":2419,"parent":0,"menu_order":0,"comment_status":"closed","ping_status":"closed","template":"","meta":{"footnotes":""},"class_list":["post-1301","page","type-page","status-publish","has-post-thumbnail","hentry"],"_links":{"self":[{"href":"https:\/\/antenchem.com\/es\/wp-json\/wp\/v2\/pages\/1301","targetHints":{"allow":["GET"]}}],"collection":[{"href":"https:\/\/antenchem.com\/es\/wp-json\/wp\/v2\/pages"}],"about":[{"href":"https:\/\/antenchem.com\/es\/wp-json\/wp\/v2\/types\/page"}],"author":[{"embeddable":true,"href":"https:\/\/antenchem.com\/es\/wp-json\/wp\/v2\/users\/1"}],"replies":[{"embeddable":true,"href":"https:\/\/antenchem.com\/es\/wp-json\/wp\/v2\/comments?post=1301"}],"version-history":[{"count":0,"href":"https:\/\/antenchem.com\/es\/wp-json\/wp\/v2\/pages\/1301\/revisions"}],"wp:featuredmedia":[{"embeddable":true,"href":"https:\/\/antenchem.com\/es\/wp-json\/wp\/v2\/media\/2419"}],"wp:attachment":[{"href":"https:\/\/antenchem.com\/es\/wp-json\/wp\/v2\/media?parent=1301"}],"curies":[{"name":"wp","href":"https:\/\/api.w.org\/{rel}","templated":true}]}}