{"id":1316,"date":"2022-06-17T02:40:19","date_gmt":"2022-06-17T02:40:19","guid":{"rendered":"https:\/\/antenchem.com\/?page_id=1316"},"modified":"2022-11-03T01:39:32","modified_gmt":"2022-11-03T01:39:32","slug":"personal-care-and-cosmetic","status":"publish","type":"page","link":"https:\/\/antenchem.com\/es\/personal-care-and-cosmetic\/","title":{"rendered":"Cuidado Personal y Cosm\u00e9tica"},"content":{"rendered":"<div data-elementor-type=\"wp-page\" data-elementor-id=\"1316\" class=\"elementor elementor-1316\" data-elementor-post-type=\"page\">\n\t\t\t\t\t\t<section class=\"elementor-section elementor-top-section elementor-element elementor-element-2b5a292a elementor-section-full_width elementor-section-height-default elementor-section-height-default\" data-id=\"2b5a292a\" data-element_type=\"section\" data-settings=\"{&quot;background_background&quot;:&quot;classic&quot;}\">\n\t\t\t\t\t\t\t<div class=\"elementor-background-overlay\"><\/div>\n\t\t\t\t\t\t\t<div class=\"elementor-container elementor-column-gap-default\">\n\t\t\t\t\t<div class=\"elementor-column elementor-col-100 elementor-top-column elementor-element elementor-element-1e8ac006\" data-id=\"1e8ac006\" data-element_type=\"column\">\n\t\t\t<div class=\"elementor-widget-wrap elementor-element-populated\">\n\t\t\t\t\t\t<div class=\"elementor-element elementor-element-4daf871c elementor-widget elementor-widget-heading\" data-id=\"4daf871c\" data-element_type=\"widget\" data-widget_type=\"heading.default\">\n\t\t\t\t<div class=\"elementor-widget-container\">\n\t\t\t<style>\/*! elementor - v3.23.0 - 25-07-2024 *\/\n.elementor-heading-title{padding:0;margin:0;line-height:1}.elementor-widget-heading .elementor-heading-title[class*=elementor-size-]>a{color:inherit;font-size:inherit;line-height:inherit}.elementor-widget-heading .elementor-heading-title.elementor-size-small{font-size:15px}.elementor-widget-heading .elementor-heading-title.elementor-size-medium{font-size:19px}.elementor-widget-heading .elementor-heading-title.elementor-size-large{font-size:29px}.elementor-widget-heading .elementor-heading-title.elementor-size-xl{font-size:39px}.elementor-widget-heading .elementor-heading-title.elementor-size-xxl{font-size:59px}<\/style><h1 class=\"elementor-heading-title elementor-size-default\">Cuidado Personal y Cosm\u00e9tica<\/h1>\t\t<\/div>\n\t\t\t\t<\/div>\n\t\t\t\t<div class=\"elementor-element elementor-element-7d774457 elementor-widget elementor-widget-heading\" data-id=\"7d774457\" data-element_type=\"widget\" data-widget_type=\"heading.default\">\n\t\t\t\t<div class=\"elementor-widget-container\">\n\t\t\t<h4 class=\"elementor-heading-title elementor-size-default\">M\u00e1s aplicaciones, soporte 24\/7<\/h4>\t\t<\/div>\n\t\t\t\t<\/div>\n\t\t\t\t\t<\/div>\n\t\t<\/div>\n\t\t\t\t\t<\/div>\n\t\t<\/section>\n\t\t\t\t<section class=\"elementor-section elementor-top-section elementor-element elementor-element-2a2150cb elementor-section-boxed elementor-section-height-default elementor-section-height-default\" data-id=\"2a2150cb\" data-element_type=\"section\" data-settings=\"{&quot;background_background&quot;:&quot;classic&quot;}\">\n\t\t\t\t\t\t<div class=\"elementor-container elementor-column-gap-default\">\n\t\t\t\t\t<div class=\"elementor-column elementor-col-100 elementor-top-column elementor-element elementor-element-74809de4\" data-id=\"74809de4\" data-element_type=\"column\">\n\t\t\t<div class=\"elementor-widget-wrap elementor-element-populated\">\n\t\t\t\t\t\t<div class=\"elementor-element elementor-element-14d42d59 elementor-widget elementor-widget-heading\" data-id=\"14d42d59\" data-element_type=\"widget\" data-widget_type=\"heading.default\">\n\t\t\t\t<div class=\"elementor-widget-container\">\n\t\t\t<h2 class=\"elementor-heading-title elementor-size-default\">\u00c9xito Tu Negocio de Cuidado Personal &amp; Cosm\u00e9tico<\/h2>\t\t<\/div>\n\t\t\t\t<\/div>\n\t\t\t\t<div class=\"elementor-element elementor-element-999d341 elementor-widget elementor-widget-text-editor\" data-id=\"999d341\" data-element_type=\"widget\" data-widget_type=\"text-editor.default\">\n\t\t\t\t<div class=\"elementor-widget-container\">\n\t\t\t<style>\/*! elementor - v3.23.0 - 25-07-2024 *\/\n.elementor-widget-text-editor.elementor-drop-cap-view-stacked .elementor-drop-cap{background-color:#69727d;color:#fff}.elementor-widget-text-editor.elementor-drop-cap-view-framed .elementor-drop-cap{color:#69727d;border:3px solid;background-color:transparent}.elementor-widget-text-editor:not(.elementor-drop-cap-view-default) .elementor-drop-cap{margin-top:8px}.elementor-widget-text-editor:not(.elementor-drop-cap-view-default) .elementor-drop-cap-letter{width:1em;height:1em}.elementor-widget-text-editor .elementor-drop-cap{float:left;text-align:center;line-height:1;font-size:50px}.elementor-widget-text-editor .elementor-drop-cap-letter{display:inline-block}<\/style>\t\t\t\t<p>Cartera de Anten para <a href=\"https:\/\/antenchem.com\/es\/hcbs-personal-care\/\">Cuidado personal<\/a> Los ingredientes consisten en una variedad de aditivos funcionales que mejoran el procesamiento, logran las propiedades deseadas, mejoran el tacto\/sensaci\u00f3n o extienden la estabilidad y la vida \u00fatil de los productos terminados. <a href=\"https:\/\/antenchem.com\/es\/personal-care-and-cosmetic\/\">cosm\u00e9tico<\/a> productos <span style=\"color: var( --e-global-color-text ); font-family: var( --e-global-typography-text-font-family ), Sans-serif; font-size: var( --e-global-typography-text-font-size ); font-weight: var( --e-global-typography-text-font-weight ); letter-spacing: var( --e-global-typography-text-letter-spacing );\">Nuestro compromiso es entregar valor, de manera segura y sostenible, a nuestros clientes en m\u00e1s de 150 pa\u00edses, a los accionistas y a las comunidades donde operamos en unos 40 pa\u00edses. <\/span><\/p><p><span style=\"color: var( --e-global-color-text ); font-family: var( --e-global-typography-text-font-family ), Sans-serif; font-size: var( --e-global-typography-text-font-size ); font-weight: var( --e-global-typography-text-font-weight ); letter-spacing: var( --e-global-typography-text-letter-spacing );\">Desde 1992, hemos trabajado arduamente para ganar y mantener la confianza de los clientes, incluidas muchas de las marcas m\u00e1s reconocidas del mundo, mediante la entrega confiable de productos y servicios de alta calidad en estrecha colaboraci\u00f3n con nuestros clientes.<\/span> En las formulaciones para el cuidado personal, las caracter\u00edsticas f\u00edsicas de la s\u00edlice pueden alterar las cualidades t\u00e1ctiles del producto o mejorar otras propiedades, como:<\/p><ul><li>Mejorar la sensaci\u00f3n de la piel<\/li><li>Adici\u00f3n de uniformidad de pel\u00edcula<\/li><li>Aportando efecto matificante<\/li><li>Sustituci\u00f3n de microesferas polim\u00e9ricas en aplicaciones exfoliantes<\/li><\/ul>\t\t\t\t\t\t<\/div>\n\t\t\t\t<\/div>\n\t\t\t\t<div class=\"elementor-element elementor-element-a688628 elementor-vertical-align-top elementor-widget elementor-widget-icon-box\" data-id=\"a688628\" data-element_type=\"widget\" data-widget_type=\"icon-box.default\">\n\t\t\t\t<div class=\"elementor-widget-container\">\n\t\t\t<link rel=\"stylesheet\" href=\"https:\/\/antenchem.com\/wp-content\/uploads\/elementor\/css\/custom-widget-icon-box.min.css?ver=1724292639\">\t\t<div class=\"elementor-icon-box-wrapper\">\n\n\t\t\t\n\t\t\t\t\t\t<div class=\"elementor-icon-box-content\">\n\n\t\t\t\t\t\t\t\t\t<h3 class=\"elementor-icon-box-title\">\n\t\t\t\t\t\t<a href=\"https:\/\/antenchem.com\/es\/precipitated-silicas\/\" >\n\t\t\t\t\t\t\tS\u00edlices precipitadas Advsil\u00ae para aplicaciones cosm\u00e9ticas, pasta de dientes, caucho, alimentos y selladores\t\t\t\t\t\t<\/a>\n\t\t\t\t\t<\/h3>\n\t\t\t\t\n\t\t\t\t\t\t\t\t\t<p class=\"elementor-icon-box-description\">\n\t\t\t\t\t\tEste producto autobronceador proporciona beneficios adicionales como humectantes y espesantes de origen natural que contribuyen a sus excelentes propiedades de aplicaci\u00f3n. El dise\u00f1o \u00fanico e innovador de la s\u00edlice combina la capacidad de adsorci\u00f3n, el tama\u00f1o de las part\u00edculas, la densidad y el \u00e1rea de la superficie interna para brindar beneficios multifuncionales u optimizar una aplicaci\u00f3n. Esto ayuda a minimizar la cantidad de excipientes utilizados y la complejidad de las formulaciones mientras acelera la fabricaci\u00f3n y, en \u00faltima instancia, mejora la eficacia de la forma de dosificaci\u00f3n final.\t\t\t\t\t<\/p>\n\t\t\t\t\n\t\t\t<\/div>\n\t\t\t\n\t\t<\/div>\n\t\t\t\t<\/div>\n\t\t\t\t<\/div>\n\t\t\t\t<div class=\"elementor-element elementor-element-7989eb8 elementor-widget elementor-widget-spacer\" data-id=\"7989eb8\" data-element_type=\"widget\" data-widget_type=\"spacer.default\">\n\t\t\t\t<div class=\"elementor-widget-container\">\n\t\t\t<style>\/*! elementor - v3.23.0 - 25-07-2024 *\/\n.elementor-column .elementor-spacer-inner{height:var(--spacer-size)}.e-con{--container-widget-width:100%}.e-con-inner>.elementor-widget-spacer,.e-con>.elementor-widget-spacer{width:var(--container-widget-width,var(--spacer-size));--align-self:var(--container-widget-align-self,initial);--flex-shrink:0}.e-con-inner>.elementor-widget-spacer>.elementor-widget-container,.e-con>.elementor-widget-spacer>.elementor-widget-container{height:100%;width:100%}.e-con-inner>.elementor-widget-spacer>.elementor-widget-container>.elementor-spacer,.e-con>.elementor-widget-spacer>.elementor-widget-container>.elementor-spacer{height:100%}.e-con-inner>.elementor-widget-spacer>.elementor-widget-container>.elementor-spacer>.elementor-spacer-inner,.e-con>.elementor-widget-spacer>.elementor-widget-container>.elementor-spacer>.elementor-spacer-inner{height:var(--container-widget-height,var(--spacer-size))}.e-con-inner>.elementor-widget-spacer.elementor-widget-empty,.e-con>.elementor-widget-spacer.elementor-widget-empty{position:relative;min-height:22px;min-width:22px}.e-con-inner>.elementor-widget-spacer.elementor-widget-empty .elementor-widget-empty-icon,.e-con>.elementor-widget-spacer.elementor-widget-empty .elementor-widget-empty-icon{position:absolute;top:0;bottom:0;left:0;right:0;margin:auto;padding:0;width:22px;height:22px}<\/style>\t\t<div class=\"elementor-spacer\">\n\t\t\t<div class=\"elementor-spacer-inner\"><\/div>\n\t\t<\/div>\n\t\t\t\t<\/div>\n\t\t\t\t<\/div>\n\t\t\t\t<div class=\"elementor-element elementor-element-8c467e9 elementor-vertical-align-top elementor-widget elementor-widget-icon-box\" data-id=\"8c467e9\" data-element_type=\"widget\" data-widget_type=\"icon-box.default\">\n\t\t\t\t<div class=\"elementor-widget-container\">\n\t\t\t\t\t<div class=\"elementor-icon-box-wrapper\">\n\n\t\t\t\n\t\t\t\t\t\t<div class=\"elementor-icon-box-content\">\n\n\t\t\t\t\t\t\t\t\t<h3 class=\"elementor-icon-box-title\">\n\t\t\t\t\t\t<a href=\"https:\/\/antenchem.com\/es\/molecular-sieves\/\" >\n\t\t\t\t\t\t\tTamices moleculares Vera\u00ae - Zeolita sint\u00e9tica\t\t\t\t\t\t<\/a>\n\t\t\t\t\t<\/h3>\n\t\t\t\t\n\t\t\t\t\t\t\t\t\t<p class=\"elementor-icon-box-description\">\n\t\t\t\t\t\tLos polvos de zeolita ofrecen una capacidad de adsorci\u00f3n excepcional a niveles de humedad muy bajos cuando se utilizan en el cuidado personal, cosm\u00e9ticos, pinturas, adhesivos y aplicaciones industriales en general. Molecular Sieve Powder de Anten act\u00faa como agente calentador y exfoliante. Son cristales de zeolita micronizados altamente porosos con un fuerte car\u00e1cter hidrof\u00edlico. Es ligeramente abrasivo y se calienta cuando el producto adsorbe la humedad. Muestra una gran afinidad por sustancias polares como el agua, que se adsorbe fuertemente. Su peque\u00f1o tama\u00f1o de poro excluye la adsorci\u00f3n de otros ingredientes de las formulaciones cosm\u00e9ticas como fragancias, prote\u00ednas o aceites. Molecular Sieve Powder se utiliza en cremas, lociones y geles. Est\u00e1 incluido en REACH.\t\t\t\t\t<\/p>\n\t\t\t\t\n\t\t\t<\/div>\n\t\t\t\n\t\t<\/div>\n\t\t\t\t<\/div>\n\t\t\t\t<\/div>\n\t\t\t\t<div class=\"elementor-element elementor-element-d31fdfc elementor-widget elementor-widget-spacer\" data-id=\"d31fdfc\" data-element_type=\"widget\" data-widget_type=\"spacer.default\">\n\t\t\t\t<div class=\"elementor-widget-container\">\n\t\t\t\t\t<div class=\"elementor-spacer\">\n\t\t\t<div class=\"elementor-spacer-inner\"><\/div>\n\t\t<\/div>\n\t\t\t\t<\/div>\n\t\t\t\t<\/div>\n\t\t\t\t<div class=\"elementor-element elementor-element-fda64c9 elementor-vertical-align-top elementor-widget elementor-widget-icon-box\" data-id=\"fda64c9\" data-element_type=\"widget\" data-widget_type=\"icon-box.default\">\n\t\t\t\t<div class=\"elementor-widget-container\">\n\t\t\t\t\t<div class=\"elementor-icon-box-wrapper\">\n\n\t\t\t\n\t\t\t\t\t\t<div class=\"elementor-icon-box-content\">\n\n\t\t\t\t\t\t\t\t\t<h3 class=\"elementor-icon-box-title\">\n\t\t\t\t\t\t<a href=\"https:\/\/antenchem.com\/es\/hcbs-personal-care\/\" >\n\t\t\t\t\t\t\tTamices moleculares HCBS\u00ae\t\t\t\t\t\t<\/a>\n\t\t\t\t\t<\/h3>\n\t\t\t\t\n\t\t\t\t\t\t\t\t\t<p class=\"elementor-icon-box-description\">\n\t\t\t\t\t\tMolecular Sieve Powder de Anten act\u00faa como agente calentador y exfoliante. Es un cristal de zeolita micronizado altamente poroso con un fuerte car\u00e1cter hidrof\u00edlico. Es ligeramente abrasivo y se calienta cuando el producto adsorbe la humedad. Muestra una gran afinidad por sustancias polares como el agua, que se adsorbe fuertemente. Su peque\u00f1o tama\u00f1o de poro excluye la adsorci\u00f3n de otros ingredientes de formulaciones cosm\u00e9ticas como fragancias, prote\u00ednas o aceites. El polvo de tamiz molecular HCBS\u00ae se usa en cremas, lociones y geles. Est\u00e1 incluido en REACH.\t\t\t\t\t<\/p>\n\t\t\t\t\n\t\t\t<\/div>\n\t\t\t\n\t\t<\/div>\n\t\t\t\t<\/div>\n\t\t\t\t<\/div>\n\t\t\t\t<div class=\"elementor-element elementor-element-a7452aa elementor-widget elementor-widget-spacer\" data-id=\"a7452aa\" data-element_type=\"widget\" data-widget_type=\"spacer.default\">\n\t\t\t\t<div class=\"elementor-widget-container\">\n\t\t\t\t\t<div class=\"elementor-spacer\">\n\t\t\t<div class=\"elementor-spacer-inner\"><\/div>\n\t\t<\/div>\n\t\t\t\t<\/div>\n\t\t\t\t<\/div>\n\t\t\t\t<div class=\"elementor-element elementor-element-2497c10 elementor-widget elementor-widget-heading\" data-id=\"2497c10\" data-element_type=\"widget\" data-widget_type=\"heading.default\">\n\t\t\t\t<div class=\"elementor-widget-container\">\n\t\t\t<h3 class=\"elementor-heading-title elementor-size-default\">Soporte t\u00e9cnico y capacidades de laboratorio de \u00faltima generaci\u00f3n<\/h3>\t\t<\/div>\n\t\t\t\t<\/div>\n\t\t\t\t<div class=\"elementor-element elementor-element-78d3755 elementor-widget elementor-widget-text-editor\" data-id=\"78d3755\" data-element_type=\"widget\" data-widget_type=\"text-editor.default\">\n\t\t\t\t<div class=\"elementor-widget-container\">\n\t\t\t\t\t\t\t<p>El experimentado equipo de soporte t\u00e9cnico de Anten gu\u00eda a los clientes hacia el producto correcto para lograr los atributos deseados en la conceptualizaci\u00f3n y desarrollo de nuevos productos de cuidado personal. Un tratamiento facial extremadamente suave con agentes de limpieza suaves y perlas exfoliantes suaves que elimina suavemente las c\u00e9lulas de la piel para una sensaci\u00f3n refrescante.<\/p><p>Pocos ingenieros utilizan <a href=\"https:\/\/zeolitemin.com\" target=\"_blank\" rel=\"noopener\">zeolita natural<\/a> como aglutinante en aplicaciones de cremas faciales. Aunque la funci\u00f3n es menor que la zeolita sint\u00e9tica, el costo es m\u00e1s econ\u00f3mico. Este enfoque colaborativo tambi\u00e9n ayuda a los clientes a extraer el m\u00e1ximo valor del uso de nuestros <a href=\"https:\/\/antenchem.com\/es\/\">s\u00edlice especial<\/a> cartera de productos en su formulaci\u00f3n. Una gama completa de servicios t\u00e9cnicos y de aplicaciones est\u00e1 disponible para respaldar el desarrollo de su producto.<\/p>\t\t\t\t\t\t<\/div>\n\t\t\t\t<\/div>\n\t\t\t\t<div class=\"elementor-element elementor-element-38ebf47 elementor-widget elementor-widget-spacer\" data-id=\"38ebf47\" data-element_type=\"widget\" data-widget_type=\"spacer.default\">\n\t\t\t\t<div class=\"elementor-widget-container\">\n\t\t\t\t\t<div class=\"elementor-spacer\">\n\t\t\t<div class=\"elementor-spacer-inner\"><\/div>\n\t\t<\/div>\n\t\t\t\t<\/div>\n\t\t\t\t<\/div>\n\t\t\t\t\t<\/div>\n\t\t<\/div>\n\t\t\t\t\t<\/div>\n\t\t<\/section>\n\t\t\t\t<\/div>","protected":false},"excerpt":{"rendered":"<p>M\u00e1s aplicaciones, soporte las 24 horas, los 7 d\u00edas de la semana \u00c9xito en su negocio de cuidado personal y cosm\u00e9tica La cartera de ingredientes de cuidado personal de Anten consiste en una variedad de aditivos funcionales que mejoran el procesamiento, logran las propiedades deseadas, mejoran el tacto\/la sensaci\u00f3n o extienden la estabilidad y la vida \u00fatil de productos cosm\u00e9ticos terminados. Nuestro compromiso es entregar valor, de forma segura y sostenible, a nuestros clientes [\u2026]<\/p>","protected":false},"author":1,"featured_media":3042,"parent":0,"menu_order":0,"comment_status":"closed","ping_status":"closed","template":"elementor_header_footer","meta":{"footnotes":""},"class_list":["post-1316","page","type-page","status-publish","has-post-thumbnail","hentry"],"_links":{"self":[{"href":"https:\/\/antenchem.com\/es\/wp-json\/wp\/v2\/pages\/1316","targetHints":{"allow":["GET"]}}],"collection":[{"href":"https:\/\/antenchem.com\/es\/wp-json\/wp\/v2\/pages"}],"about":[{"href":"https:\/\/antenchem.com\/es\/wp-json\/wp\/v2\/types\/page"}],"author":[{"embeddable":true,"href":"https:\/\/antenchem.com\/es\/wp-json\/wp\/v2\/users\/1"}],"replies":[{"embeddable":true,"href":"https:\/\/antenchem.com\/es\/wp-json\/wp\/v2\/comments?post=1316"}],"version-history":[{"count":0,"href":"https:\/\/antenchem.com\/es\/wp-json\/wp\/v2\/pages\/1316\/revisions"}],"wp:featuredmedia":[{"embeddable":true,"href":"https:\/\/antenchem.com\/es\/wp-json\/wp\/v2\/media\/3042"}],"wp:attachment":[{"href":"https:\/\/antenchem.com\/es\/wp-json\/wp\/v2\/media?parent=1316"}],"curies":[{"name":"wp","href":"https:\/\/api.w.org\/{rel}","templated":true}]}}