{"id":1328,"date":"2022-06-17T02:43:27","date_gmt":"2022-06-17T02:43:27","guid":{"rendered":"https:\/\/antenchem.com\/?page_id=1328"},"modified":"2022-11-03T01:37:52","modified_gmt":"2022-11-03T01:37:52","slug":"construction","status":"publish","type":"page","link":"https:\/\/antenchem.com\/es\/construction\/","title":{"rendered":"Construcci\u00f3n"},"content":{"rendered":"<div data-elementor-type=\"wp-page\" data-elementor-id=\"1328\" class=\"elementor elementor-1328\" data-elementor-post-type=\"page\">\n\t\t\t\t\t\t<section class=\"elementor-section elementor-top-section elementor-element elementor-element-67ece6b2 elementor-section-full_width elementor-section-height-default elementor-section-height-default\" data-id=\"67ece6b2\" data-element_type=\"section\" data-settings=\"{&quot;background_background&quot;:&quot;classic&quot;}\">\n\t\t\t\t\t\t\t<div class=\"elementor-background-overlay\"><\/div>\n\t\t\t\t\t\t\t<div class=\"elementor-container elementor-column-gap-default\">\n\t\t\t\t\t<div class=\"elementor-column elementor-col-100 elementor-top-column elementor-element elementor-element-2036179a\" data-id=\"2036179a\" data-element_type=\"column\">\n\t\t\t<div class=\"elementor-widget-wrap elementor-element-populated\">\n\t\t\t\t\t\t<div class=\"elementor-element elementor-element-32d12c24 elementor-widget elementor-widget-heading\" data-id=\"32d12c24\" data-element_type=\"widget\" data-widget_type=\"heading.default\">\n\t\t\t\t<div class=\"elementor-widget-container\">\n\t\t\t<style>\/*! elementor - v3.23.0 - 25-07-2024 *\/\n.elementor-heading-title{padding:0;margin:0;line-height:1}.elementor-widget-heading .elementor-heading-title[class*=elementor-size-]>a{color:inherit;font-size:inherit;line-height:inherit}.elementor-widget-heading .elementor-heading-title.elementor-size-small{font-size:15px}.elementor-widget-heading .elementor-heading-title.elementor-size-medium{font-size:19px}.elementor-widget-heading .elementor-heading-title.elementor-size-large{font-size:29px}.elementor-widget-heading .elementor-heading-title.elementor-size-xl{font-size:39px}.elementor-widget-heading .elementor-heading-title.elementor-size-xxl{font-size:59px}<\/style><h1 class=\"elementor-heading-title elementor-size-default\">Construcci\u00f3n<\/h1>\t\t<\/div>\n\t\t\t\t<\/div>\n\t\t\t\t<div class=\"elementor-element elementor-element-fc72803 elementor-widget elementor-widget-heading\" data-id=\"fc72803\" data-element_type=\"widget\" data-widget_type=\"heading.default\">\n\t\t\t\t<div class=\"elementor-widget-container\">\n\t\t\t<h4 class=\"elementor-heading-title elementor-size-default\">Poder de la naturaleza<\/h4>\t\t<\/div>\n\t\t\t\t<\/div>\n\t\t\t\t\t<\/div>\n\t\t<\/div>\n\t\t\t\t\t<\/div>\n\t\t<\/section>\n\t\t\t\t<section class=\"elementor-section elementor-top-section elementor-element elementor-element-72914684 elementor-section-boxed elementor-section-height-default elementor-section-height-default\" data-id=\"72914684\" data-element_type=\"section\" data-settings=\"{&quot;background_background&quot;:&quot;classic&quot;}\">\n\t\t\t\t\t\t<div class=\"elementor-container elementor-column-gap-default\">\n\t\t\t\t\t<div class=\"elementor-column elementor-col-100 elementor-top-column elementor-element elementor-element-8cec364\" data-id=\"8cec364\" data-element_type=\"column\">\n\t\t\t<div class=\"elementor-widget-wrap elementor-element-populated\">\n\t\t\t\t\t\t<div class=\"elementor-element elementor-element-2b94ce3a elementor-widget elementor-widget-heading\" data-id=\"2b94ce3a\" data-element_type=\"widget\" data-widget_type=\"heading.default\">\n\t\t\t\t<div class=\"elementor-widget-container\">\n\t\t\t<h2 class=\"elementor-heading-title elementor-size-default\">Construcci\u00f3n<\/h2>\t\t<\/div>\n\t\t\t\t<\/div>\n\t\t\t\t<div class=\"elementor-element elementor-element-a4e8928 elementor-widget elementor-widget-text-editor\" data-id=\"a4e8928\" data-element_type=\"widget\" data-widget_type=\"text-editor.default\">\n\t\t\t\t<div class=\"elementor-widget-container\">\n\t\t\t<style>\/*! elementor - v3.23.0 - 25-07-2024 *\/\n.elementor-widget-text-editor.elementor-drop-cap-view-stacked .elementor-drop-cap{background-color:#69727d;color:#fff}.elementor-widget-text-editor.elementor-drop-cap-view-framed .elementor-drop-cap{color:#69727d;border:3px solid;background-color:transparent}.elementor-widget-text-editor:not(.elementor-drop-cap-view-default) .elementor-drop-cap{margin-top:8px}.elementor-widget-text-editor:not(.elementor-drop-cap-view-default) .elementor-drop-cap-letter{width:1em;height:1em}.elementor-widget-text-editor .elementor-drop-cap{float:left;text-align:center;line-height:1;font-size:50px}.elementor-widget-text-editor .elementor-drop-cap-letter{display:inline-block}<\/style>\t\t\t\t<p>Aspha-Min es un aluminosilicato hidratado microcristalino sint\u00e9tico con su t\u00edpica estructura tridimensional que incluye poros y cavidades de tama\u00f1o molecular. Sus canales pueden adsorber diversas sustancias, tanto polares como no polares, mol\u00e9culas inorg\u00e1nicas y org\u00e1nicas, sustancias olorosas, etc. Gracias a sus propiedades \u00fanicas, es capaz de retener sustancias s\u00f3lidas, gaseosas y l\u00edquidas.<\/p>\t\t\t\t\t\t<\/div>\n\t\t\t\t<\/div>\n\t\t\t\t<div class=\"elementor-element elementor-element-954d25f elementor-widget elementor-widget-heading\" data-id=\"954d25f\" data-element_type=\"widget\" data-widget_type=\"heading.default\">\n\t\t\t\t<div class=\"elementor-widget-container\">\n\t\t\t<h3 class=\"elementor-heading-title elementor-size-default\">Alta eficacia del producto Aspha-Min Construction<\/h3>\t\t<\/div>\n\t\t\t\t<\/div>\n\t\t\t\t<div class=\"elementor-element elementor-element-45a4a60 elementor-widget elementor-widget-text-editor\" data-id=\"45a4a60\" data-element_type=\"widget\" data-widget_type=\"text-editor.default\">\n\t\t\t\t<div class=\"elementor-widget-container\">\n\t\t\t\t\t\t\t<p>La aplicaci\u00f3n de AsphaMin reduce la temperatura requerida para la producci\u00f3n de asfalto, lo que ayuda a disminuir las emisiones, en particular durante los meses de invierno, lo que mejora la trabajabilidad del asfalto. AsphaMin extiende el tiempo de trabajabilidad de la mezcla asf\u00e1ltica durante la pavimentaci\u00f3n con asfalto y ayuda a reducir los costos operativos. AsphaMin, un producto a base de zeolita sint\u00e9tica, es una soluci\u00f3n ecol\u00f3gica que no representa una carga ecol\u00f3gica en la pavimentaci\u00f3n de asfalto y mejora las condiciones de trabajo de los trabajadores en la producci\u00f3n, pero tambi\u00e9n durante la colocaci\u00f3n del asfalto.<\/p>\t\t\t\t\t\t<\/div>\n\t\t\t\t<\/div>\n\t\t\t\t<div class=\"elementor-element elementor-element-b43017b elementor-widget elementor-widget-text-editor\" data-id=\"b43017b\" data-element_type=\"widget\" data-widget_type=\"text-editor.default\">\n\t\t\t\t<div class=\"elementor-widget-container\">\n\t\t\t\t\t\t\t<p>Construidos sobre la base de la profesionalidad, la creatividad, la fabricaci\u00f3n y la confianza, los materiales y productos qu\u00edmicos especiales de alto rendimiento de AntenChem\u00ae mejoran los productos y procesos de nuestros socios clientes en todo el mundo. A trav\u00e9s de nuestra Investigaci\u00f3n y Desarrollo y en asociaci\u00f3n con nuestros clientes, desarrollamos, fabricamos, licenciamos y respaldamos tecnolog\u00edas en catalizadores, materiales a base de s\u00edlice, productos de zeolitas y m\u00e1s.<\/p><p>Hemos construido franquicias s\u00f3lidas en grandes mercados globales, con nuestras ventas en segmentos en los que ocupamos el primer o segundo lugar. Somos l\u00edderes mundiales en <a href=\"https:\/\/antenchem.com\/es\/catalysts\/\">catalizadores FCC<\/a> y polietileno independiente <a href=\"https:\/\/antenchem.com\/es\/catalysts-and-additives\/\">aditivos catalizadores<\/a>; primero en <a href=\"https:\/\/antenchem.com\/es\/precipitated-silicas\/\">gel de s\u00edlice especial<\/a> y selladores de latas; n\u00famero uno en aditivos para cemento y n\u00famero dos en aditivos para concreto; y el n\u00famero uno en impermeabilizaci\u00f3n preaplicada. Este liderazgo se gana a trav\u00e9s del valor de los productos especializados t\u00e9cnicamente diferenciados; conocimientos t\u00e9cnicos y de ciencia de los materiales; capacidades de fabricaci\u00f3n flexibles en todo el mundo; y solidez financiera.<\/p><p>Nuestro compromiso es entregar valor, de manera segura y sostenible, a nuestros clientes en m\u00e1s de 150 pa\u00edses, a los accionistas y a las comunidades donde operamos en unos 40 pa\u00edses. Desde 1992, hemos trabajado arduamente para ganar y mantener la confianza de los clientes, incluidas muchas de las marcas m\u00e1s reconocidas del mundo, mediante la entrega confiable de productos y servicios de alta calidad en estrecha colaboraci\u00f3n con nuestros clientes. <a href=\"https:\/\/zeolitemin.com\">Zeolitemina<\/a> co tambien procesamos productos de relacion para la construccion.<\/p>\t\t\t\t\t\t<\/div>\n\t\t\t\t<\/div>\n\t\t\t\t<div class=\"elementor-element elementor-element-4957560 elementor-widget elementor-widget-spacer\" data-id=\"4957560\" data-element_type=\"widget\" data-widget_type=\"spacer.default\">\n\t\t\t\t<div class=\"elementor-widget-container\">\n\t\t\t<style>\/*! elementor - v3.23.0 - 25-07-2024 *\/\n.elementor-column .elementor-spacer-inner{height:var(--spacer-size)}.e-con{--container-widget-width:100%}.e-con-inner>.elementor-widget-spacer,.e-con>.elementor-widget-spacer{width:var(--container-widget-width,var(--spacer-size));--align-self:var(--container-widget-align-self,initial);--flex-shrink:0}.e-con-inner>.elementor-widget-spacer>.elementor-widget-container,.e-con>.elementor-widget-spacer>.elementor-widget-container{height:100%;width:100%}.e-con-inner>.elementor-widget-spacer>.elementor-widget-container>.elementor-spacer,.e-con>.elementor-widget-spacer>.elementor-widget-container>.elementor-spacer{height:100%}.e-con-inner>.elementor-widget-spacer>.elementor-widget-container>.elementor-spacer>.elementor-spacer-inner,.e-con>.elementor-widget-spacer>.elementor-widget-container>.elementor-spacer>.elementor-spacer-inner{height:var(--container-widget-height,var(--spacer-size))}.e-con-inner>.elementor-widget-spacer.elementor-widget-empty,.e-con>.elementor-widget-spacer.elementor-widget-empty{position:relative;min-height:22px;min-width:22px}.e-con-inner>.elementor-widget-spacer.elementor-widget-empty .elementor-widget-empty-icon,.e-con>.elementor-widget-spacer.elementor-widget-empty .elementor-widget-empty-icon{position:absolute;top:0;bottom:0;left:0;right:0;margin:auto;padding:0;width:22px;height:22px}<\/style>\t\t<div class=\"elementor-spacer\">\n\t\t\t<div class=\"elementor-spacer-inner\"><\/div>\n\t\t<\/div>\n\t\t\t\t<\/div>\n\t\t\t\t<\/div>\n\t\t\t\t\t<\/div>\n\t\t<\/div>\n\t\t\t\t\t<\/div>\n\t\t<\/section>\n\t\t\t\t<\/div>","protected":false},"excerpt":{"rendered":"<p>Power Of Nature Construction Aspha-Min es un aluminosilicato hidratado microcristalino sint\u00e9tico con su t\u00edpica estructura tridimensional que incluye poros y cavidades de tama\u00f1o molecular. Sus canales pueden adsorber diversas sustancias, tanto polares como no polares, mol\u00e9culas inorg\u00e1nicas y org\u00e1nicas, sustancias olorosas, etc. Gracias a sus propiedades \u00fanicas, es capaz de retener s\u00f3lidos, gases y [\u2026]<\/p>","protected":false},"author":1,"featured_media":2697,"parent":0,"menu_order":0,"comment_status":"closed","ping_status":"closed","template":"","meta":{"footnotes":""},"class_list":["post-1328","page","type-page","status-publish","has-post-thumbnail","hentry"],"_links":{"self":[{"href":"https:\/\/antenchem.com\/es\/wp-json\/wp\/v2\/pages\/1328","targetHints":{"allow":["GET"]}}],"collection":[{"href":"https:\/\/antenchem.com\/es\/wp-json\/wp\/v2\/pages"}],"about":[{"href":"https:\/\/antenchem.com\/es\/wp-json\/wp\/v2\/types\/page"}],"author":[{"embeddable":true,"href":"https:\/\/antenchem.com\/es\/wp-json\/wp\/v2\/users\/1"}],"replies":[{"embeddable":true,"href":"https:\/\/antenchem.com\/es\/wp-json\/wp\/v2\/comments?post=1328"}],"version-history":[{"count":0,"href":"https:\/\/antenchem.com\/es\/wp-json\/wp\/v2\/pages\/1328\/revisions"}],"wp:featuredmedia":[{"embeddable":true,"href":"https:\/\/antenchem.com\/es\/wp-json\/wp\/v2\/media\/2697"}],"wp:attachment":[{"href":"https:\/\/antenchem.com\/es\/wp-json\/wp\/v2\/media?parent=1328"}],"curies":[{"name":"wp","href":"https:\/\/api.w.org\/{rel}","templated":true}]}}