{"id":2511,"date":"2022-07-25T01:50:56","date_gmt":"2022-07-25T01:50:56","guid":{"rendered":"https:\/\/antenchem.com\/?page_id=2511"},"modified":"2023-01-06T07:32:44","modified_gmt":"2023-01-06T07:32:44","slug":"pulp-and-paper","status":"publish","type":"page","link":"https:\/\/antenchem.com\/es\/pulp-and-paper\/","title":{"rendered":"Pulpo y papel"},"content":{"rendered":"<div data-elementor-type=\"wp-page\" data-elementor-id=\"2511\" class=\"elementor elementor-2511\" data-elementor-post-type=\"page\">\n\t\t\t\t\t\t<section class=\"elementor-section elementor-top-section elementor-element elementor-element-7a9d00fa elementor-section-full_width elementor-section-height-default elementor-section-height-default\" data-id=\"7a9d00fa\" data-element_type=\"section\" data-settings=\"{&quot;background_background&quot;:&quot;classic&quot;}\">\n\t\t\t\t\t\t\t<div class=\"elementor-background-overlay\"><\/div>\n\t\t\t\t\t\t\t<div class=\"elementor-container elementor-column-gap-default\">\n\t\t\t\t\t<div class=\"elementor-column elementor-col-100 elementor-top-column elementor-element elementor-element-6df1910\" data-id=\"6df1910\" data-element_type=\"column\">\n\t\t\t<div class=\"elementor-widget-wrap elementor-element-populated\">\n\t\t\t\t\t\t<div class=\"elementor-element elementor-element-17b9d495 elementor-widget elementor-widget-heading\" data-id=\"17b9d495\" data-element_type=\"widget\" data-widget_type=\"heading.default\">\n\t\t\t\t<div class=\"elementor-widget-container\">\n\t\t\t<style>\/*! elementor - v3.23.0 - 25-07-2024 *\/\n.elementor-heading-title{padding:0;margin:0;line-height:1}.elementor-widget-heading .elementor-heading-title[class*=elementor-size-]>a{color:inherit;font-size:inherit;line-height:inherit}.elementor-widget-heading .elementor-heading-title.elementor-size-small{font-size:15px}.elementor-widget-heading .elementor-heading-title.elementor-size-medium{font-size:19px}.elementor-widget-heading .elementor-heading-title.elementor-size-large{font-size:29px}.elementor-widget-heading .elementor-heading-title.elementor-size-xl{font-size:39px}.elementor-widget-heading .elementor-heading-title.elementor-size-xxl{font-size:59px}<\/style><h1 class=\"elementor-heading-title elementor-size-default\">Pulpo y papel<\/h1>\t\t<\/div>\n\t\t\t\t<\/div>\n\t\t\t\t<div class=\"elementor-element elementor-element-558eb38f elementor-widget elementor-widget-heading\" data-id=\"558eb38f\" data-element_type=\"widget\" data-widget_type=\"heading.default\">\n\t\t\t\t<div class=\"elementor-widget-container\">\n\t\t\t<h4 class=\"elementor-heading-title elementor-size-default\">Poder de la naturaleza<\/h4>\t\t<\/div>\n\t\t\t\t<\/div>\n\t\t\t\t\t<\/div>\n\t\t<\/div>\n\t\t\t\t\t<\/div>\n\t\t<\/section>\n\t\t\t\t<section class=\"elementor-section elementor-top-section elementor-element elementor-element-4fc8c701 elementor-section-boxed elementor-section-height-default elementor-section-height-default elementor-invisible\" data-id=\"4fc8c701\" data-element_type=\"section\" data-settings=\"{&quot;animation&quot;:&quot;fadeInUp&quot;}\">\n\t\t\t\t\t\t<div class=\"elementor-container elementor-column-gap-default\">\n\t\t\t\t\t<div class=\"elementor-column elementor-col-100 elementor-top-column elementor-element elementor-element-31b848a1\" data-id=\"31b848a1\" data-element_type=\"column\">\n\t\t\t<div class=\"elementor-widget-wrap elementor-element-populated\">\n\t\t\t\t\t\t<div class=\"elementor-element elementor-element-3a3991d8 elementor-widget elementor-widget-heading\" data-id=\"3a3991d8\" data-element_type=\"widget\" data-widget_type=\"heading.default\">\n\t\t\t\t<div class=\"elementor-widget-container\">\n\t\t\t<h2 class=\"elementor-heading-title elementor-size-default\">Para la Industria de la Celulosa y el Papel<\/h2>\t\t<\/div>\n\t\t\t\t<\/div>\n\t\t\t\t<div class=\"elementor-element elementor-element-581e5080 elementor-widget elementor-widget-text-editor\" data-id=\"581e5080\" data-element_type=\"widget\" data-widget_type=\"text-editor.default\">\n\t\t\t\t<div class=\"elementor-widget-container\">\n\t\t\t<style>\/*! elementor - v3.23.0 - 25-07-2024 *\/\n.elementor-widget-text-editor.elementor-drop-cap-view-stacked .elementor-drop-cap{background-color:#69727d;color:#fff}.elementor-widget-text-editor.elementor-drop-cap-view-framed .elementor-drop-cap{color:#69727d;border:3px solid;background-color:transparent}.elementor-widget-text-editor:not(.elementor-drop-cap-view-default) .elementor-drop-cap{margin-top:8px}.elementor-widget-text-editor:not(.elementor-drop-cap-view-default) .elementor-drop-cap-letter{width:1em;height:1em}.elementor-widget-text-editor .elementor-drop-cap{float:left;text-align:center;line-height:1;font-size:50px}.elementor-widget-text-editor .elementor-drop-cap-letter{display:inline-block}<\/style>\t\t\t\t<p>Anten\u00ae ofrece productos qu\u00edmicos de preparaci\u00f3n de zeolita rentables y de calidad, que ayudan a las f\u00e1bricas de papel a promover sus iniciativas de sostenibilidad a trav\u00e9s de nuestras amplias capacidades y experiencia inigualable.<\/p>\t\t\t\t\t\t<\/div>\n\t\t\t\t<\/div>\n\t\t\t\t<div class=\"elementor-element elementor-element-a1441e4 elementor-widget elementor-widget-text-editor\" data-id=\"a1441e4\" data-element_type=\"widget\" data-widget_type=\"text-editor.default\">\n\t\t\t\t<div class=\"elementor-widget-container\">\n\t\t\t\t\t\t\t<p>La calidad es importante en la fabricaci\u00f3n de papel<br \/>Debido a que la calidad no se puede comprometer, Anten\u00ae se adhiere continuamente a los m\u00e1s altos est\u00e1ndares. Analizamos la composici\u00f3n qu\u00edmica de los env\u00edos. Realizamos controles de calidad del tanque mensualmente. Con nuestro propio laboratorio y qu\u00edmicos, probamos regularmente los productos de zeolita usada para asegurarnos de que cumplimos con sus est\u00e1ndares. Nuestros productos qu\u00edmicos para el procesamiento de pulpa incluyen:<\/p><p>Zeolita NZ-100<br \/>Zeolita SZ-004<\/p>\t\t\t\t\t\t<\/div>\n\t\t\t\t<\/div>\n\t\t\t\t<section class=\"elementor-section elementor-inner-section elementor-element elementor-element-ff83aef elementor-section-boxed elementor-section-height-default elementor-section-height-default\" data-id=\"ff83aef\" data-element_type=\"section\">\n\t\t\t\t\t\t<div class=\"elementor-container elementor-column-gap-default\">\n\t\t\t\t\t<div class=\"elementor-column elementor-col-50 elementor-inner-column elementor-element elementor-element-c468b04\" data-id=\"c468b04\" data-element_type=\"column\">\n\t\t\t<div class=\"elementor-widget-wrap elementor-element-populated\">\n\t\t\t\t\t\t<div class=\"elementor-element elementor-element-27cd85e elementor-widget elementor-widget-heading\" data-id=\"27cd85e\" data-element_type=\"widget\" data-widget_type=\"heading.default\">\n\t\t\t\t<div class=\"elementor-widget-container\">\n\t\t\t<h2 class=\"elementor-heading-title elementor-size-default\">\u00bfQu\u00e9 son los productos qu\u00edmicos de maquillaje en la fabricaci\u00f3n de papel?<\/h2>\t\t<\/div>\n\t\t\t\t<\/div>\n\t\t\t\t<div class=\"elementor-element elementor-element-ef20c45 elementor-widget elementor-widget-text-editor\" data-id=\"ef20c45\" data-element_type=\"widget\" data-widget_type=\"text-editor.default\">\n\t\t\t\t<div class=\"elementor-widget-container\">\n\t\t\t\t\t\t\t<p>La zeolita se usa para reemplazar el material de TiO2 con pulpa para la fabricaci\u00f3n de papel y para mejorar la capacidad de absorci\u00f3n del revestimiento del papel de tinta. Ayuda en la reducci\u00f3n del impacto ambiental de la pulpa qu\u00edmica y ayuda a los fabricantes a reducir costos de manera m\u00e1s efectiva.<\/p>\t\t\t\t\t\t<\/div>\n\t\t\t\t<\/div>\n\t\t\t\t<div class=\"elementor-element elementor-element-4be1cf0 elementor-widget elementor-widget-heading\" data-id=\"4be1cf0\" data-element_type=\"widget\" data-widget_type=\"heading.default\">\n\t\t\t\t<div class=\"elementor-widget-container\">\n\t\t\t<h2 class=\"elementor-heading-title elementor-size-default\">Promoci\u00f3n de la sostenibilidad<\/h2>\t\t<\/div>\n\t\t\t\t<\/div>\n\t\t\t\t<div class=\"elementor-element elementor-element-4816763 elementor-widget elementor-widget-text-editor\" data-id=\"4816763\" data-element_type=\"widget\" data-widget_type=\"text-editor.default\">\n\t\t\t\t<div class=\"elementor-widget-container\">\n\t\t\t\t\t\t\t<p>Adem\u00e1s de ofrecer importantes ventajas de costos, el uso de productos de zeolita ayuda a promover el reciclaje y la sustentabilidad ambiental en otras industrias.<\/p>\t\t\t\t\t\t<\/div>\n\t\t\t\t<\/div>\n\t\t\t\t<div class=\"elementor-element elementor-element-af5be63 elementor-widget elementor-widget-heading\" data-id=\"af5be63\" data-element_type=\"widget\" data-widget_type=\"heading.default\">\n\t\t\t\t<div class=\"elementor-widget-container\">\n\t\t\t<h2 class=\"elementor-heading-title elementor-size-default\">Conservaci\u00f3n del agua<\/h2>\t\t<\/div>\n\t\t\t\t<\/div>\n\t\t\t\t<div class=\"elementor-element elementor-element-78d5f7b elementor-widget elementor-widget-text-editor\" data-id=\"78d5f7b\" data-element_type=\"widget\" data-widget_type=\"text-editor.default\">\n\t\t\t\t<div class=\"elementor-widget-container\">\n\t\t\t\t\t\t\t<p><span style=\"color: var( --e-global-color-text ); font-family: var( --e-global-typography-text-font-family ), Sans-serif; font-size: var( --e-global-typography-text-font-size ); font-weight: var( --e-global-typography-text-font-weight ); letter-spacing: var( --e-global-typography-text-letter-spacing );\">Al suministrar series de zeolita, Anten\u00ae ayuda a las empresas de pulpa y papel a reducir su costo de reciclado.<\/span><br><\/p>\t\t\t\t\t\t<\/div>\n\t\t\t\t<\/div>\n\t\t\t\t\t<\/div>\n\t\t<\/div>\n\t\t\t\t<div class=\"elementor-column elementor-col-50 elementor-inner-column elementor-element elementor-element-48f0c2e\" data-id=\"48f0c2e\" data-element_type=\"column\">\n\t\t\t<div class=\"elementor-widget-wrap elementor-element-populated\">\n\t\t\t\t\t\t<div class=\"elementor-element elementor-element-1c854c3 elementor-widget elementor-widget-image\" data-id=\"1c854c3\" data-element_type=\"widget\" data-widget_type=\"image.default\">\n\t\t\t\t<div class=\"elementor-widget-container\">\n\t\t\t<style>\/*! elementor - v3.23.0 - 25-07-2024 *\/\n.elementor-widget-image{text-align:center}.elementor-widget-image a{display:inline-block}.elementor-widget-image a img[src$=\".svg\"]{width:48px}.elementor-widget-image img{vertical-align:middle;display:inline-block}<\/style>\t\t\t\t\t\t\t\t\t\t<img fetchpriority=\"high\" decoding=\"async\" width=\"800\" height=\"533\" src=\"https:\/\/antenchem.com\/wp-content\/uploads\/2022\/06\/Inkjet-paper-h2.jpg\" class=\"attachment-large size-large wp-image-1898\" alt=\"Papel para inyecci\u00f3n de tinta utilizando tamices moleculares de zeolita\" srcset=\"https:\/\/antenchem.com\/wp-content\/uploads\/2022\/06\/Inkjet-paper-h2.jpg 800w, https:\/\/antenchem.com\/wp-content\/uploads\/2022\/06\/Inkjet-paper-h2-300x200.jpg 300w, https:\/\/antenchem.com\/wp-content\/uploads\/2022\/06\/Inkjet-paper-h2-768x512.jpg 768w, https:\/\/antenchem.com\/wp-content\/uploads\/2022\/06\/Inkjet-paper-h2-18x12.jpg 18w\" sizes=\"(max-width: 800px) 100vw, 800px\" title=\"\">\t\t\t\t\t\t\t\t\t\t\t\t\t<\/div>\n\t\t\t\t<\/div>\n\t\t\t\t\t<\/div>\n\t\t<\/div>\n\t\t\t\t\t<\/div>\n\t\t<\/section>\n\t\t\t\t<section class=\"elementor-section elementor-inner-section elementor-element elementor-element-6aa06330 elementor-section-boxed elementor-section-height-default elementor-section-height-default\" data-id=\"6aa06330\" data-element_type=\"section\">\n\t\t\t\t\t\t<div class=\"elementor-container elementor-column-gap-default\">\n\t\t\t\t\t<div class=\"elementor-column elementor-col-100 elementor-inner-column elementor-element elementor-element-6df19b7e\" data-id=\"6df19b7e\" data-element_type=\"column\">\n\t\t\t<div class=\"elementor-widget-wrap elementor-element-populated\">\n\t\t\t\t\t\t<div class=\"elementor-element elementor-element-b1f6cab elementor-widget elementor-widget-heading\" data-id=\"b1f6cab\" data-element_type=\"widget\" data-widget_type=\"heading.default\">\n\t\t\t\t<div class=\"elementor-widget-container\">\n\t\t\t<h3 class=\"elementor-heading-title elementor-size-default\"><a href=\"https:\/\/antenchem.com\/es\/molecular-sieves\/\">Tamices moleculares Vera\u00ae<\/a><\/h3>\t\t<\/div>\n\t\t\t\t<\/div>\n\t\t\t\t<div class=\"elementor-element elementor-element-220c90ca elementor-widget elementor-widget-text-editor\" data-id=\"220c90ca\" data-element_type=\"widget\" data-widget_type=\"text-editor.default\">\n\t\t\t\t<div class=\"elementor-widget-container\">\n\t\t\t\t\t\t\t<p>Los tamices moleculares de zeolita AntenChem son materiales cristalinos, altamente porosos, que pertenecen a la clase de silicatos de al\u00famina.\u00a0<span style=\"color: var( --e-global-color-text ); font-family: var( --e-global-typography-text-font-family ), Sans-serif; font-size: var( --e-global-typography-text-font-size ); font-weight: var( --e-global-typography-text-font-weight ); letter-spacing: var( --e-global-typography-text-letter-spacing );\">Estos cristales tienen una estructura tridimensional, con poros de di\u00e1metros definidos con precisi\u00f3n. Est\u00e1n dise\u00f1ados para permitir la adsorci\u00f3n de mol\u00e9culas m\u00e1s peque\u00f1as como agua, CO2 y H2S mientras excluyen mol\u00e9culas m\u00e1s grandes, de ah\u00ed el nombre de &quot;tamiz molecular&quot;. AntenChem ofrece una amplia gama de tama\u00f1os de poro para &quot;tamizar&quot; mol\u00e9culas de varios tama\u00f1os y formas, incluidos gases y l\u00edquidos.<\/span><\/p>\t\t\t\t\t\t<\/div>\n\t\t\t\t<\/div>\n\t\t\t\t\t<\/div>\n\t\t<\/div>\n\t\t\t\t\t<\/div>\n\t\t<\/section>\n\t\t\t\t<section class=\"elementor-section elementor-inner-section elementor-element elementor-element-7593062a elementor-section-boxed elementor-section-height-default elementor-section-height-default\" data-id=\"7593062a\" data-element_type=\"section\">\n\t\t\t\t\t\t<div class=\"elementor-container elementor-column-gap-default\">\n\t\t\t\t\t<div class=\"elementor-column elementor-col-100 elementor-inner-column elementor-element elementor-element-6917fb52\" data-id=\"6917fb52\" data-element_type=\"column\">\n\t\t\t<div class=\"elementor-widget-wrap elementor-element-populated\">\n\t\t\t\t\t\t<div class=\"elementor-element elementor-element-572b4146 elementor-widget elementor-widget-heading\" data-id=\"572b4146\" data-element_type=\"widget\" data-widget_type=\"heading.default\">\n\t\t\t\t<div class=\"elementor-widget-container\">\n\t\t\t<h3 class=\"elementor-heading-title elementor-size-default\"><a href=\"https:\/\/antenchem.com\/es\/synthetic-low-iron-sodium-silicates\/\">Silicatos de sodio sint\u00e9ticos Jbloc\u00ae<\/a><\/h3>\t\t<\/div>\n\t\t\t\t<\/div>\n\t\t\t\t<div class=\"elementor-element elementor-element-438267f3 elementor-widget elementor-widget-text-editor\" data-id=\"438267f3\" data-element_type=\"widget\" data-widget_type=\"text-editor.default\">\n\t\t\t\t<div class=\"elementor-widget-container\">\n\t\t\t\t\t\t\t<p><span style=\"color: var( --e-global-color-text ); font-family: var( --e-global-typography-text-font-family ), Sans-serif; font-size: var( --e-global-typography-text-font-size ); font-weight: var( --e-global-typography-text-font-weight ); letter-spacing: var( --e-global-typography-text-letter-spacing );\">Con instalaciones de fabricaci\u00f3n de silicato, centros de I+D y oficinas de ventas en todo el mundo, estamos bien equipados para enfrentar los desaf\u00edos del mercado global actual al mismo tiempo que brindamos servicio y soporte local. Nuestras capacidades de fabricaci\u00f3n a gran escala, estricto control de calidad y cadena de suministro segura completan una asociaci\u00f3n en la que puede confiar.<\/span><\/p>\t\t\t\t\t\t<\/div>\n\t\t\t\t<\/div>\n\t\t\t\t\t<\/div>\n\t\t<\/div>\n\t\t\t\t\t<\/div>\n\t\t<\/section>\n\t\t\t\t<div class=\"elementor-element elementor-element-dac3ea9 elementor-widget elementor-widget-text-editor\" data-id=\"dac3ea9\" data-element_type=\"widget\" data-widget_type=\"text-editor.default\">\n\t\t\t\t<div class=\"elementor-widget-container\">\n\t\t\t\t\t\t\t<p>Su camino m\u00e1s exitoso es aquel que ofrece las soluciones y la experiencia que necesita, d\u00f3nde y cu\u00e1ndo las necesita, y de una fuente responsable. Simplificar las operaciones e identificar un \u00fanico punto de responsabilidad, respaldado por la experiencia en su industria y la experiencia en la materia que necesita, puede crear una ventaja significativa para usted.<\/p>\t\t\t\t\t\t<\/div>\n\t\t\t\t<\/div>\n\t\t\t\t<div class=\"elementor-element elementor-element-58978b6 elementor-widget elementor-widget-spacer\" data-id=\"58978b6\" data-element_type=\"widget\" data-widget_type=\"spacer.default\">\n\t\t\t\t<div class=\"elementor-widget-container\">\n\t\t\t<style>\/*! elementor - v3.23.0 - 25-07-2024 *\/\n.elementor-column .elementor-spacer-inner{height:var(--spacer-size)}.e-con{--container-widget-width:100%}.e-con-inner>.elementor-widget-spacer,.e-con>.elementor-widget-spacer{width:var(--container-widget-width,var(--spacer-size));--align-self:var(--container-widget-align-self,initial);--flex-shrink:0}.e-con-inner>.elementor-widget-spacer>.elementor-widget-container,.e-con>.elementor-widget-spacer>.elementor-widget-container{height:100%;width:100%}.e-con-inner>.elementor-widget-spacer>.elementor-widget-container>.elementor-spacer,.e-con>.elementor-widget-spacer>.elementor-widget-container>.elementor-spacer{height:100%}.e-con-inner>.elementor-widget-spacer>.elementor-widget-container>.elementor-spacer>.elementor-spacer-inner,.e-con>.elementor-widget-spacer>.elementor-widget-container>.elementor-spacer>.elementor-spacer-inner{height:var(--container-widget-height,var(--spacer-size))}.e-con-inner>.elementor-widget-spacer.elementor-widget-empty,.e-con>.elementor-widget-spacer.elementor-widget-empty{position:relative;min-height:22px;min-width:22px}.e-con-inner>.elementor-widget-spacer.elementor-widget-empty .elementor-widget-empty-icon,.e-con>.elementor-widget-spacer.elementor-widget-empty .elementor-widget-empty-icon{position:absolute;top:0;bottom:0;left:0;right:0;margin:auto;padding:0;width:22px;height:22px}<\/style>\t\t<div class=\"elementor-spacer\">\n\t\t\t<div class=\"elementor-spacer-inner\"><\/div>\n\t\t<\/div>\n\t\t\t\t<\/div>\n\t\t\t\t<\/div>\n\t\t\t\t\t<\/div>\n\t\t<\/div>\n\t\t\t\t\t<\/div>\n\t\t<\/section>\n\t\t\t\t<\/div>","protected":false},"excerpt":{"rendered":"<p>Pulpa y papel El poder de la naturaleza Para la industria de la pulpa y el papel Anten\u00ae ofrece compuestos qu\u00edmicos de zeolita de calidad y rentables, que ayudan a las f\u00e1bricas de papel a promover sus iniciativas de sustentabilidad a trav\u00e9s de nuestras amplias capacidades y experiencia inigualable. La calidad importa en la fabricaci\u00f3n de papel Debido a que la calidad no se puede comprometer, Anten\u00ae se adhiere continuamente a los m\u00e1s altos est\u00e1ndares. Analizamos la composici\u00f3n qu\u00edmica [\u2026]<\/p>","protected":false},"author":1,"featured_media":1899,"parent":0,"menu_order":0,"comment_status":"closed","ping_status":"closed","template":"elementor_header_footer","meta":{"footnotes":""},"class_list":["post-2511","page","type-page","status-publish","has-post-thumbnail","hentry"],"_links":{"self":[{"href":"https:\/\/antenchem.com\/es\/wp-json\/wp\/v2\/pages\/2511","targetHints":{"allow":["GET"]}}],"collection":[{"href":"https:\/\/antenchem.com\/es\/wp-json\/wp\/v2\/pages"}],"about":[{"href":"https:\/\/antenchem.com\/es\/wp-json\/wp\/v2\/types\/page"}],"author":[{"embeddable":true,"href":"https:\/\/antenchem.com\/es\/wp-json\/wp\/v2\/users\/1"}],"replies":[{"embeddable":true,"href":"https:\/\/antenchem.com\/es\/wp-json\/wp\/v2\/comments?post=2511"}],"version-history":[{"count":0,"href":"https:\/\/antenchem.com\/es\/wp-json\/wp\/v2\/pages\/2511\/revisions"}],"wp:featuredmedia":[{"embeddable":true,"href":"https:\/\/antenchem.com\/es\/wp-json\/wp\/v2\/media\/1899"}],"wp:attachment":[{"href":"https:\/\/antenchem.com\/es\/wp-json\/wp\/v2\/media?parent=2511"}],"curies":[{"name":"wp","href":"https:\/\/api.w.org\/{rel}","templated":true}]}}