{"id":3,"date":"2022-06-06T08:41:28","date_gmt":"2022-06-06T08:41:28","guid":{"rendered":"http:\/\/okzeolites.tk\/?page_id=3"},"modified":"2022-11-03T02:05:01","modified_gmt":"2022-11-03T02:05:01","slug":"privacy-policy","status":"publish","type":"page","link":"https:\/\/antenchem.com\/es\/privacy-policy\/","title":{"rendered":"Pol\u00edtica de privacidad"},"content":{"rendered":"<div data-elementor-type=\"wp-page\" data-elementor-id=\"3\" class=\"elementor elementor-3\" data-elementor-post-type=\"page\">\n\t\t\t\t\t\t<section class=\"elementor-section elementor-top-section elementor-element elementor-element-332cb3a4 elementor-section-full_width elementor-section-height-default elementor-section-height-default\" data-id=\"332cb3a4\" data-element_type=\"section\" data-settings=\"{&quot;background_background&quot;:&quot;classic&quot;}\">\n\t\t\t\t\t\t\t<div class=\"elementor-background-overlay\"><\/div>\n\t\t\t\t\t\t\t<div class=\"elementor-container elementor-column-gap-default\">\n\t\t\t\t\t<div class=\"elementor-column elementor-col-100 elementor-top-column elementor-element elementor-element-3ada00bb\" data-id=\"3ada00bb\" data-element_type=\"column\">\n\t\t\t<div class=\"elementor-widget-wrap elementor-element-populated\">\n\t\t\t\t\t\t<div class=\"elementor-element elementor-element-31607434 elementor-invisible elementor-widget elementor-widget-heading\" data-id=\"31607434\" data-element_type=\"widget\" data-settings=\"{&quot;_animation&quot;:&quot;fadeInUp&quot;,&quot;_animation_delay&quot;:200}\" data-widget_type=\"heading.default\">\n\t\t\t\t<div class=\"elementor-widget-container\">\n\t\t\t<style>\/*! elementor - v3.23.0 - 25-07-2024 *\/\n.elementor-heading-title{padding:0;margin:0;line-height:1}.elementor-widget-heading .elementor-heading-title[class*=elementor-size-]>a{color:inherit;font-size:inherit;line-height:inherit}.elementor-widget-heading .elementor-heading-title.elementor-size-small{font-size:15px}.elementor-widget-heading .elementor-heading-title.elementor-size-medium{font-size:19px}.elementor-widget-heading .elementor-heading-title.elementor-size-large{font-size:29px}.elementor-widget-heading .elementor-heading-title.elementor-size-xl{font-size:39px}.elementor-widget-heading .elementor-heading-title.elementor-size-xxl{font-size:59px}<\/style><h2 class=\"elementor-heading-title elementor-size-default\">Pol\u00edtica de privacidad<\/h2>\t\t<\/div>\n\t\t\t\t<\/div>\n\t\t\t\t<div class=\"elementor-element elementor-element-6a17d7b0 elementor-invisible elementor-widget elementor-widget-heading\" data-id=\"6a17d7b0\" data-element_type=\"widget\" data-settings=\"{&quot;_animation&quot;:&quot;fadeInUp&quot;,&quot;_animation_delay&quot;:100}\" data-widget_type=\"heading.default\">\n\t\t\t\t<div class=\"elementor-widget-container\">\n\t\t\t<h4 class=\"elementor-heading-title elementor-size-default\">El poder de la ciencia de Anten<\/h4>\t\t<\/div>\n\t\t\t\t<\/div>\n\t\t\t\t\t<\/div>\n\t\t<\/div>\n\t\t\t\t\t<\/div>\n\t\t<\/section>\n\t\t\t\t<section class=\"elementor-section elementor-top-section elementor-element elementor-element-12f32778 elementor-section-boxed elementor-section-height-default elementor-section-height-default\" data-id=\"12f32778\" data-element_type=\"section\">\n\t\t\t\t\t\t<div class=\"elementor-container elementor-column-gap-default\">\n\t\t\t\t\t<div class=\"elementor-column elementor-col-100 elementor-top-column elementor-element elementor-element-3e5c7d57\" data-id=\"3e5c7d57\" data-element_type=\"column\">\n\t\t\t<div class=\"elementor-widget-wrap elementor-element-populated\">\n\t\t\t\t\t\t<div class=\"elementor-element elementor-element-789fb767 elementor-invisible elementor-widget elementor-widget-heading\" data-id=\"789fb767\" data-element_type=\"widget\" data-settings=\"{&quot;_animation&quot;:&quot;fadeInUp&quot;,&quot;_animation_delay&quot;:200}\" data-widget_type=\"heading.default\">\n\t\t\t\t<div class=\"elementor-widget-container\">\n\t\t\t<h1 class=\"elementor-heading-title elementor-size-default\">Pol\u00edtica de privacidad<\/h1>\t\t<\/div>\n\t\t\t\t<\/div>\n\t\t\t\t<div class=\"elementor-element elementor-element-7623560 elementor-widget elementor-widget-text-editor\" data-id=\"7623560\" data-element_type=\"widget\" data-widget_type=\"text-editor.default\">\n\t\t\t\t<div class=\"elementor-widget-container\">\n\t\t\t<style>\/*! elementor - v3.23.0 - 25-07-2024 *\/\n.elementor-widget-text-editor.elementor-drop-cap-view-stacked .elementor-drop-cap{background-color:#69727d;color:#fff}.elementor-widget-text-editor.elementor-drop-cap-view-framed .elementor-drop-cap{color:#69727d;border:3px solid;background-color:transparent}.elementor-widget-text-editor:not(.elementor-drop-cap-view-default) .elementor-drop-cap{margin-top:8px}.elementor-widget-text-editor:not(.elementor-drop-cap-view-default) .elementor-drop-cap-letter{width:1em;height:1em}.elementor-widget-text-editor .elementor-drop-cap{float:left;text-align:center;line-height:1;font-size:50px}.elementor-widget-text-editor .elementor-drop-cap-letter{display:inline-block}<\/style>\t\t\t\t<p>1. General<\/p><p>Su privacidad es importante para nosotros. AntenChem se compromete a salvaguardar su privacidad en l\u00ednea. Si tiene preguntas sobre esta Declaraci\u00f3n, por favor cont\u00e1ctenos.<\/p><p>2. Naturaleza de la informaci\u00f3n recopilada<\/p><p>AntenChem recopila informaci\u00f3n de varias maneras desde diferentes partes de nuestro sitio web. Parte de la informaci\u00f3n se recopila cuando se registra. Cuanta m\u00e1s informaci\u00f3n nos proporcione, mejor podremos personalizar su experiencia.<\/p><p>Adem\u00e1s del registro, podemos solicitarle informaci\u00f3n en otros momentos, incluidos (entre otros) cuando participa en un sorteo, concurso o promoci\u00f3n patrocinado por AntenChem; y cuando nos informe de un problema.<\/p><p>Si se comunica con AntenChem, podemos mantener un registro de esa correspondencia. AntenChem tambi\u00e9n pide ocasionalmente a los usuarios que completen encuestas que utilizamos con fines de investigaci\u00f3n.<\/p><p>3. Uso de \u201cCookies\u201d<\/p><p>Las &quot;cookies&quot; son piezas de informaci\u00f3n que se utilizan para almacenar y rastrear informaci\u00f3n sobre usted. Las cookies se almacenan en el disco duro de su computadora. Usamos cookies para: recordarnos qui\u00e9n es usted y acceder a la informaci\u00f3n de su cuenta para brindarle un servicio m\u00e1s personalizado; estimar el n\u00famero de visitantes a nuestro sitio; para procesar los art\u00edculos que compra; y para realizar un seguimiento de sus entradas, env\u00edos y estado en algunas promociones, sorteos y concursos.<\/p><p>4. Privacidad de terceros<\/p><p>AntenChem utiliza p\u00edxeles o archivos GIF transparentes para ayudar a administrar la publicidad en l\u00ednea. Estos archivos GIF son proporcionados por nuestro socio de administraci\u00f3n de anuncios.<\/p><p>5. Presentaciones<\/p><p>Al usar el sitio web de AntenChem, usted acepta que AntenChem tendr\u00e1 derecho a usar y divulgar cualquier informaci\u00f3n que nos env\u00ede dentro de nuestra empresa, seg\u00fan corresponda, sin compensaci\u00f3n ni reconocimiento de su fuente. AntenChem tendr\u00e1 la libertad de utilizar cualquier idea, concepto, conocimiento o t\u00e9cnica, directa o indirectamente o en funci\u00f3n de la informaci\u00f3n que proporcione a AntenChem a trav\u00e9s de nuestro sitio web, lo que incluye, entre otros, el desarrollo, la fabricaci\u00f3n y la comercializaci\u00f3n de productos o servicios.<\/p><p>6. Protecci\u00f3n y Uso de la Informaci\u00f3n<\/p><p>AntenChem utiliza tecnolog\u00eda de punta para salvaguardar su informaci\u00f3n de manera segura. La informaci\u00f3n de su cuenta est\u00e1 encriptada y protegida con contrase\u00f1a para que solo usted tenga acceso a su informaci\u00f3n personal. Los detalles de su nombre de usuario y contrase\u00f1a se transmiten a nuestro servidor en forma cifrada de alta seguridad mediante SSL (capa de conexi\u00f3n segura). Puede editar su informaci\u00f3n en cualquier momento utilizando su contrase\u00f1a. De vez en cuando podemos ofrecerle ofertas especiales basadas en la informaci\u00f3n que ha proporcionado. Puede indicarnos que eliminemos su nombre y direcci\u00f3n o que los eliminemos de nuestras listas de correo en cualquier momento.<\/p><p>AntenChem toma medidas para garantizar que su informaci\u00f3n se trate de forma segura y de acuerdo con los t\u00e9rminos y condiciones pertinentes y esta pol\u00edtica de privacidad. Desafortunadamente, la transmisi\u00f3n de datos a trav\u00e9s de Internet no puede garantizarse como 100% segura. Por lo tanto, mientras nos esforzamos por proteger su informaci\u00f3n, Organik Kimya no puede asegurar ni garantizar la seguridad de este sitio y usted lo usa bajo su propio riesgo.<\/p>\t\t\t\t\t\t<\/div>\n\t\t\t\t<\/div>\n\t\t\t\t\t<\/div>\n\t\t<\/div>\n\t\t\t\t\t<\/div>\n\t\t<\/section>\n\t\t\t\t<\/div>","protected":false},"excerpt":{"rendered":"<p>El poder de la ciencia de Anten 1. General Su privacidad es importante para nosotros. AntenChem se compromete a salvaguardar su privacidad en l\u00ednea. Si tiene preguntas sobre esta Declaraci\u00f3n, por favor cont\u00e1ctenos. 2. Naturaleza de la informaci\u00f3n recopilada AntenChem recopila informaci\u00f3n de varias formas en diferentes partes de nuestro sitio web. Parte de la informaci\u00f3n se recopila cuando se registra. El [\u2026]<\/p>","protected":false},"author":1,"featured_media":2164,"parent":0,"menu_order":0,"comment_status":"closed","ping_status":"closed","template":"elementor_header_footer","meta":{"footnotes":""},"class_list":["post-3","page","type-page","status-publish","has-post-thumbnail","hentry"],"_links":{"self":[{"href":"https:\/\/antenchem.com\/es\/wp-json\/wp\/v2\/pages\/3","targetHints":{"allow":["GET"]}}],"collection":[{"href":"https:\/\/antenchem.com\/es\/wp-json\/wp\/v2\/pages"}],"about":[{"href":"https:\/\/antenchem.com\/es\/wp-json\/wp\/v2\/types\/page"}],"author":[{"embeddable":true,"href":"https:\/\/antenchem.com\/es\/wp-json\/wp\/v2\/users\/1"}],"replies":[{"embeddable":true,"href":"https:\/\/antenchem.com\/es\/wp-json\/wp\/v2\/comments?post=3"}],"version-history":[{"count":0,"href":"https:\/\/antenchem.com\/es\/wp-json\/wp\/v2\/pages\/3\/revisions"}],"wp:featuredmedia":[{"embeddable":true,"href":"https:\/\/antenchem.com\/es\/wp-json\/wp\/v2\/media\/2164"}],"wp:attachment":[{"href":"https:\/\/antenchem.com\/es\/wp-json\/wp\/v2\/media?parent=3"}],"curies":[{"name":"wp","href":"https:\/\/api.w.org\/{rel}","templated":true}]}}