{"id":533,"date":"2022-06-12T02:09:30","date_gmt":"2022-06-12T02:09:30","guid":{"rendered":"https:\/\/antenchem.com\/?page_id=533"},"modified":"2023-09-21T03:03:21","modified_gmt":"2023-09-21T03:03:21","slug":"culture","status":"publish","type":"page","link":"https:\/\/antenchem.com\/es\/about\/culture\/","title":{"rendered":"Cultura"},"content":{"rendered":"<div data-elementor-type=\"wp-page\" data-elementor-id=\"533\" class=\"elementor elementor-533\" data-elementor-post-type=\"page\">\n\t\t\t\t\t\t<section class=\"elementor-section elementor-top-section elementor-element elementor-element-6f13fe25 elementor-section-full_width elementor-section-height-default elementor-section-height-default\" data-id=\"6f13fe25\" data-element_type=\"section\" data-settings=\"{&quot;background_background&quot;:&quot;classic&quot;}\">\n\t\t\t\t\t\t\t<div class=\"elementor-background-overlay\"><\/div>\n\t\t\t\t\t\t\t<div class=\"elementor-container elementor-column-gap-default\">\n\t\t\t\t\t<div class=\"elementor-column elementor-col-100 elementor-top-column elementor-element elementor-element-25ea4098\" data-id=\"25ea4098\" data-element_type=\"column\">\n\t\t\t<div class=\"elementor-widget-wrap elementor-element-populated\">\n\t\t\t\t\t\t<div class=\"elementor-element elementor-element-380f8659 elementor-invisible elementor-widget elementor-widget-heading\" data-id=\"380f8659\" data-element_type=\"widget\" data-settings=\"{&quot;_animation&quot;:&quot;fadeInUp&quot;,&quot;_animation_delay&quot;:200}\" data-widget_type=\"heading.default\">\n\t\t\t\t<div class=\"elementor-widget-container\">\n\t\t\t<style>\/*! elementor - v3.23.0 - 25-07-2024 *\/\n.elementor-heading-title{padding:0;margin:0;line-height:1}.elementor-widget-heading .elementor-heading-title[class*=elementor-size-]>a{color:inherit;font-size:inherit;line-height:inherit}.elementor-widget-heading .elementor-heading-title.elementor-size-small{font-size:15px}.elementor-widget-heading .elementor-heading-title.elementor-size-medium{font-size:19px}.elementor-widget-heading .elementor-heading-title.elementor-size-large{font-size:29px}.elementor-widget-heading .elementor-heading-title.elementor-size-xl{font-size:39px}.elementor-widget-heading .elementor-heading-title.elementor-size-xxl{font-size:59px}<\/style><h1 class=\"elementor-heading-title elementor-size-default\">Cultura<\/h1>\t\t<\/div>\n\t\t\t\t<\/div>\n\t\t\t\t<div class=\"elementor-element elementor-element-4f57439a elementor-invisible elementor-widget elementor-widget-heading\" data-id=\"4f57439a\" data-element_type=\"widget\" data-settings=\"{&quot;_animation&quot;:&quot;fadeInUp&quot;,&quot;_animation_delay&quot;:100}\" data-widget_type=\"heading.default\">\n\t\t\t\t<div class=\"elementor-widget-container\">\n\t\t\t<h4 class=\"elementor-heading-title elementor-size-default\">M\u00e1s experiencia profesional<\/h4>\t\t<\/div>\n\t\t\t\t<\/div>\n\t\t\t\t\t<\/div>\n\t\t<\/div>\n\t\t\t\t\t<\/div>\n\t\t<\/section>\n\t\t\t\t<section class=\"elementor-section elementor-top-section elementor-element elementor-element-5cba8611 elementor-section-boxed elementor-section-height-default elementor-section-height-default\" data-id=\"5cba8611\" data-element_type=\"section\">\n\t\t\t\t\t\t<div class=\"elementor-container elementor-column-gap-default\">\n\t\t\t\t\t<div class=\"elementor-column elementor-col-100 elementor-top-column elementor-element elementor-element-2a6db0e2\" data-id=\"2a6db0e2\" data-element_type=\"column\">\n\t\t\t<div class=\"elementor-widget-wrap elementor-element-populated\">\n\t\t\t\t\t\t<div class=\"elementor-element elementor-element-2713fbed elementor-invisible elementor-widget elementor-widget-heading\" data-id=\"2713fbed\" data-element_type=\"widget\" data-settings=\"{&quot;_animation&quot;:&quot;fadeInUp&quot;,&quot;_animation_delay&quot;:300}\" data-widget_type=\"heading.default\">\n\t\t\t\t<div class=\"elementor-widget-container\">\n\t\t\t<h2 class=\"elementor-heading-title elementor-size-default\">Fuentes de materiales m\u00e1s sostenibles, optimizando el procesamiento<\/h2>\t\t<\/div>\n\t\t\t\t<\/div>\n\t\t\t\t<section class=\"elementor-section elementor-inner-section elementor-element elementor-element-58f75779 elementor-section-boxed elementor-section-height-default elementor-section-height-default\" data-id=\"58f75779\" data-element_type=\"section\">\n\t\t\t\t\t\t<div class=\"elementor-container elementor-column-gap-default\">\n\t\t\t\t\t<div class=\"elementor-column elementor-col-25 elementor-inner-column elementor-element elementor-element-4672848d elementor-invisible\" data-id=\"4672848d\" data-element_type=\"column\" data-settings=\"{&quot;animation&quot;:&quot;fadeInUp&quot;,&quot;animation_delay&quot;:400}\">\n\t\t\t<div class=\"elementor-widget-wrap elementor-element-populated\">\n\t\t\t\t\t\t<div class=\"elementor-element elementor-element-6921733 elementor-widget elementor-widget-image\" data-id=\"6921733\" data-element_type=\"widget\" data-widget_type=\"image.default\">\n\t\t\t\t<div class=\"elementor-widget-container\">\n\t\t\t<style>\/*! elementor - v3.23.0 - 25-07-2024 *\/\n.elementor-widget-image{text-align:center}.elementor-widget-image a{display:inline-block}.elementor-widget-image a img[src$=\".svg\"]{width:48px}.elementor-widget-image img{vertical-align:middle;display:inline-block}<\/style>\t\t\t\t\t\t\t\t\t\t<img decoding=\"async\" width=\"86\" height=\"80\" src=\"https:\/\/antenchem.com\/wp-content\/uploads\/2022\/06\/water-energy_3463548_termwater20energypage1position48page1position48related_id3463548originsearch.png\" class=\"attachment-full size-full wp-image-242\" alt=\"Conozca m\u00e1s cultura de Anten Chemical\" srcset=\"https:\/\/antenchem.com\/wp-content\/uploads\/2022\/06\/water-energy_3463548_termwater20energypage1position48page1position48related_id3463548originsearch.png 86w, https:\/\/antenchem.com\/wp-content\/uploads\/2022\/06\/water-energy_3463548_termwater20energypage1position48page1position48related_id3463548originsearch-13x12.png 13w\" sizes=\"(max-width: 86px) 100vw, 86px\" title=\"\">\t\t\t\t\t\t\t\t\t\t\t\t\t<\/div>\n\t\t\t\t<\/div>\n\t\t\t\t<div class=\"elementor-element elementor-element-4ca9e558 elementor-widget elementor-widget-heading\" data-id=\"4ca9e558\" data-element_type=\"widget\" data-widget_type=\"heading.default\">\n\t\t\t\t<div class=\"elementor-widget-container\">\n\t\t\t<h2 class=\"elementor-heading-title elementor-size-default\"><a href=\"https:\/\/antenchem.com\/es\/about\/culture\/\">Cultura<\/a><\/h2>\t\t<\/div>\n\t\t\t\t<\/div>\n\t\t\t\t\t<\/div>\n\t\t<\/div>\n\t\t\t\t<div class=\"elementor-column elementor-col-25 elementor-inner-column elementor-element elementor-element-7458ce5e elementor-invisible\" data-id=\"7458ce5e\" data-element_type=\"column\" data-settings=\"{&quot;animation&quot;:&quot;fadeInUp&quot;,&quot;animation_delay&quot;:500}\">\n\t\t\t<div class=\"elementor-widget-wrap elementor-element-populated\">\n\t\t\t\t\t\t<div class=\"elementor-element elementor-element-1a41a03 elementor-widget elementor-widget-image\" data-id=\"1a41a03\" data-element_type=\"widget\" data-widget_type=\"image.default\">\n\t\t\t\t<div class=\"elementor-widget-container\">\n\t\t\t\t\t\t\t\t\t\t\t\t\t<img decoding=\"async\" width=\"64\" height=\"80\" src=\"https:\/\/antenchem.com\/wp-content\/uploads\/2022\/06\/list_4998004_related_id4998004originsearch.png\" class=\"attachment-full size-full wp-image-261\" alt=\"Conozca m\u00e1s historia de Anten Chemical\" srcset=\"https:\/\/antenchem.com\/wp-content\/uploads\/2022\/06\/list_4998004_related_id4998004originsearch.png 64w, https:\/\/antenchem.com\/wp-content\/uploads\/2022\/06\/list_4998004_related_id4998004originsearch-10x12.png 10w\" sizes=\"(max-width: 64px) 100vw, 64px\" title=\"\">\t\t\t\t\t\t\t\t\t\t\t\t\t<\/div>\n\t\t\t\t<\/div>\n\t\t\t\t<div class=\"elementor-element elementor-element-27fbf3bc elementor-widget elementor-widget-heading\" data-id=\"27fbf3bc\" data-element_type=\"widget\" data-widget_type=\"heading.default\">\n\t\t\t\t<div class=\"elementor-widget-container\">\n\t\t\t<h2 class=\"elementor-heading-title elementor-size-default\"><a href=\"https:\/\/antenchem.com\/es\/about\/history\/\">Nuestra historia<\/a><\/h2>\t\t<\/div>\n\t\t\t\t<\/div>\n\t\t\t\t\t<\/div>\n\t\t<\/div>\n\t\t\t\t<div class=\"elementor-column elementor-col-25 elementor-inner-column elementor-element elementor-element-37a4f5d elementor-invisible\" data-id=\"37a4f5d\" data-element_type=\"column\" data-settings=\"{&quot;animation&quot;:&quot;fadeInUp&quot;,&quot;animation_delay&quot;:600}\">\n\t\t\t<div class=\"elementor-widget-wrap elementor-element-populated\">\n\t\t\t\t\t\t<div class=\"elementor-element elementor-element-2a059772 elementor-widget elementor-widget-image\" data-id=\"2a059772\" data-element_type=\"widget\" data-widget_type=\"image.default\">\n\t\t\t\t<div class=\"elementor-widget-container\">\n\t\t\t\t\t\t\t\t\t\t\t\t\t<img decoding=\"async\" width=\"83\" height=\"80\" src=\"https:\/\/antenchem.com\/wp-content\/uploads\/2022\/06\/handshake_1365457_termpartnerpage1position3page1position3related_id1365457originsearch.png\" class=\"attachment-full size-full wp-image-322\" alt=\"Anten Chemical mejora continuamente nuestra tecnolog\u00eda de zeolitas, s\u00edlices, catalizadores, silicatos, PAC y tamices moleculares.\" srcset=\"https:\/\/antenchem.com\/wp-content\/uploads\/2022\/06\/handshake_1365457_termpartnerpage1position3page1position3related_id1365457originsearch.png 83w, https:\/\/antenchem.com\/wp-content\/uploads\/2022\/06\/handshake_1365457_termpartnerpage1position3page1position3related_id1365457originsearch-12x12.png 12w\" sizes=\"(max-width: 83px) 100vw, 83px\" title=\"\">\t\t\t\t\t\t\t\t\t\t\t\t\t<\/div>\n\t\t\t\t<\/div>\n\t\t\t\t<div class=\"elementor-element elementor-element-24055de5 elementor-widget elementor-widget-heading\" data-id=\"24055de5\" data-element_type=\"widget\" data-widget_type=\"heading.default\">\n\t\t\t\t<div class=\"elementor-widget-container\">\n\t\t\t<h2 class=\"elementor-heading-title elementor-size-default\"><a href=\"https:\/\/antenchem.com\/es\/about\/continually-improving\/\">Mejorando Continuamente<\/a><\/h2>\t\t<\/div>\n\t\t\t\t<\/div>\n\t\t\t\t\t<\/div>\n\t\t<\/div>\n\t\t\t\t<div class=\"elementor-column elementor-col-25 elementor-inner-column elementor-element elementor-element-73fa276b elementor-invisible\" data-id=\"73fa276b\" data-element_type=\"column\" data-settings=\"{&quot;animation&quot;:&quot;fadeInUp&quot;,&quot;animation_delay&quot;:700}\">\n\t\t\t<div class=\"elementor-widget-wrap elementor-element-populated\">\n\t\t\t\t\t\t<div class=\"elementor-element elementor-element-107673ed elementor-widget elementor-widget-image\" data-id=\"107673ed\" data-element_type=\"widget\" data-widget_type=\"image.default\">\n\t\t\t\t<div class=\"elementor-widget-container\">\n\t\t\t\t\t\t\t\t\t\t\t\t\t<img loading=\"lazy\" decoding=\"async\" width=\"40\" height=\"40\" src=\"https:\/\/antenchem.com\/wp-content\/uploads\/2022\/06\/call.png\" class=\"attachment-full size-full wp-image-224\" alt=\"Anten Chemical coopera con nuestros clientes sobre zeolitas, s\u00edlices, catalizadores, silicatos, PAC y tamices moleculares.\" srcset=\"https:\/\/antenchem.com\/wp-content\/uploads\/2022\/06\/call.png 40w, https:\/\/antenchem.com\/wp-content\/uploads\/2022\/06\/call-12x12.png 12w\" sizes=\"(max-width: 40px) 100vw, 40px\" title=\"\">\t\t\t\t\t\t\t\t\t\t\t\t\t<\/div>\n\t\t\t\t<\/div>\n\t\t\t\t<div class=\"elementor-element elementor-element-1fcc6399 elementor-widget elementor-widget-heading\" data-id=\"1fcc6399\" data-element_type=\"widget\" data-widget_type=\"heading.default\">\n\t\t\t\t<div class=\"elementor-widget-container\">\n\t\t\t<h2 class=\"elementor-heading-title elementor-size-default\"><a href=\"https:\/\/antenchem.com\/es\/contact\/\">Cont\u00e1ctenos<\/a><\/h2>\t\t<\/div>\n\t\t\t\t<\/div>\n\t\t\t\t\t<\/div>\n\t\t<\/div>\n\t\t\t\t\t<\/div>\n\t\t<\/section>\n\t\t\t\t\t<\/div>\n\t\t<\/div>\n\t\t\t\t\t<\/div>\n\t\t<\/section>\n\t\t\t\t<section class=\"elementor-section elementor-top-section elementor-element elementor-element-3fc5d84e elementor-section-boxed elementor-section-height-default elementor-section-height-default\" data-id=\"3fc5d84e\" data-element_type=\"section\" data-settings=\"{&quot;background_background&quot;:&quot;classic&quot;}\">\n\t\t\t\t\t\t<div class=\"elementor-container elementor-column-gap-default\">\n\t\t\t\t\t<div class=\"elementor-column elementor-col-50 elementor-top-column elementor-element elementor-element-7e579fb\" data-id=\"7e579fb\" data-element_type=\"column\">\n\t\t\t<div class=\"elementor-widget-wrap elementor-element-populated\">\n\t\t\t\t\t\t<div class=\"elementor-element elementor-element-53d21f8 elementor-widget elementor-widget-image\" data-id=\"53d21f8\" data-element_type=\"widget\" data-widget_type=\"image.default\">\n\t\t\t\t<div class=\"elementor-widget-container\">\n\t\t\t\t\t\t\t\t\t\t\t\t\t<img loading=\"lazy\" decoding=\"async\" width=\"500\" height=\"500\" src=\"https:\/\/antenchem.com\/wp-content\/uploads\/2022\/08\/lab-research.jpg\" class=\"attachment-large size-large wp-image-2888\" alt=\"investigaci\u00f3n de laboratorio de la ciencia de anten&#039;s\" srcset=\"https:\/\/antenchem.com\/wp-content\/uploads\/2022\/08\/lab-research.jpg 500w, https:\/\/antenchem.com\/wp-content\/uploads\/2022\/08\/lab-research-300x300.jpg 300w, https:\/\/antenchem.com\/wp-content\/uploads\/2022\/08\/lab-research-150x150.jpg 150w, https:\/\/antenchem.com\/wp-content\/uploads\/2022\/08\/lab-research-12x12.jpg 12w\" sizes=\"(max-width: 500px) 100vw, 500px\" title=\"\">\t\t\t\t\t\t\t\t\t\t\t\t\t<\/div>\n\t\t\t\t<\/div>\n\t\t\t\t\t<\/div>\n\t\t<\/div>\n\t\t\t\t<div class=\"elementor-column elementor-col-50 elementor-top-column elementor-element elementor-element-2d177c0e\" data-id=\"2d177c0e\" data-element_type=\"column\">\n\t\t\t<div class=\"elementor-widget-wrap elementor-element-populated\">\n\t\t\t\t\t\t<div class=\"elementor-element elementor-element-485bf248 elementor-invisible elementor-widget elementor-widget-heading\" data-id=\"485bf248\" data-element_type=\"widget\" data-settings=\"{&quot;_animation&quot;:&quot;fadeInUp&quot;,&quot;_animation_delay&quot;:300}\" data-widget_type=\"heading.default\">\n\t\t\t\t<div class=\"elementor-widget-container\">\n\t\t\t<h2 class=\"elementor-heading-title elementor-size-default\">Nuestra cultura<\/h2>\t\t<\/div>\n\t\t\t\t<\/div>\n\t\t\t\t<div class=\"elementor-element elementor-element-52b1f68 elementor-invisible elementor-widget elementor-widget-text-editor\" data-id=\"52b1f68\" data-element_type=\"widget\" data-settings=\"{&quot;_animation&quot;:&quot;fadeInUp&quot;,&quot;_animation_delay&quot;:400}\" data-widget_type=\"text-editor.default\">\n\t\t\t\t<div class=\"elementor-widget-container\">\n\t\t\t<style>\/*! elementor - v3.23.0 - 25-07-2024 *\/\n.elementor-widget-text-editor.elementor-drop-cap-view-stacked .elementor-drop-cap{background-color:#69727d;color:#fff}.elementor-widget-text-editor.elementor-drop-cap-view-framed .elementor-drop-cap{color:#69727d;border:3px solid;background-color:transparent}.elementor-widget-text-editor:not(.elementor-drop-cap-view-default) .elementor-drop-cap{margin-top:8px}.elementor-widget-text-editor:not(.elementor-drop-cap-view-default) .elementor-drop-cap-letter{width:1em;height:1em}.elementor-widget-text-editor .elementor-drop-cap{float:left;text-align:center;line-height:1;font-size:50px}.elementor-widget-text-editor .elementor-drop-cap-letter{display:inline-block}<\/style>\t\t\t\t<p>En esta secci\u00f3n, perfilamos algunas de las iniciativas y principios organizacionales m\u00e1s destacados que ayudan a definir nuestra cultura.<\/p><p>Lo invitamos a obtener m\u00e1s informaci\u00f3n sobre nuestra estrategia pionera Six Sigma, que nos permite mejorar continuamente la forma en que hacemos las cosas para que podamos capturar un mayor valor no solo para nosotros, sino tambi\u00e9n para nuestros clientes. Tambi\u00e9n ofrecemos un vistazo a nuestro enfoque, a menudo evaluado comparativamente, para mantenernos actualizados a trav\u00e9s de oportunidades de aprendizaje para todos los empleados que mejoran sus habilidades personales y desarrollan un conocimiento m\u00e1s profundo. Valoramos nuestra diversidad y la aprovechamos como una ventaja competitiva. Y nuestros l\u00edderes se encuentran entre los m\u00e1s respetados en los negocios.<\/p><p>Los Comportamientos diferencian los niveles de desempe\u00f1o en AntenChem. Aquellos que los encarnan y los desarrollan personalmente, y que ayudan a otros a hacer lo mismo, impulsan el \u00e9xito individual y empresarial. Evaluamos a los empleados en funci\u00f3n de los resultados que logran y el grado en que exhiben los Comportamientos de Antenchem. Los Comportamientos existen para garantizar que cumplamos con nuestros compromisos a corto y largo plazo para resolver muchos de los problemas m\u00e1s complejos del mundo.<\/p><p>\u2013 Estamos construyendo un mundo m\u00e1s seguro y protegido\u2026<br \/>\u2013 M\u00e1s c\u00f3modo y eficiente energ\u00e9ticamente\u2026<br \/>\u2013 M\u00e1s innovadores y productivos.<br \/>\u2013 Somos Antenchem.<\/p><p>Nuestra diversidad, estrategias y enfoque en industrias y tecnolog\u00edas clave nos han brindado una extensa historia de logros. AntenChem fue fundada y moldeada por gente t\u00e9cnica inventiva y un liderazgo superior. Estos mismos valores impulsan a Antenchem hoy.<\/p>\t\t\t\t\t\t<\/div>\n\t\t\t\t<\/div>\n\t\t\t\t<div class=\"elementor-element elementor-element-2b2dda3 elementor-widget elementor-widget-text-editor\" data-id=\"2b2dda3\" data-element_type=\"widget\" data-widget_type=\"text-editor.default\">\n\t\t\t\t<div class=\"elementor-widget-container\">\n\t\t\t\t\t\t\t<p>\u00a0<\/p><p><a href=\"https:\/\/antenchem.com\/es\/about\/company-profile\/\">Perfil de la empresa<\/a> | <a href=\"https:\/\/antenchem.com\/es\/about\/history\/\">Nuestra historia<\/a> | <a href=\"https:\/\/antenchem.com\/es\/about\/continually-improving\/\">Mejorando Continuamente<\/a> | <a href=\"https:\/\/antenchem.com\/es\/about\/culture\/\">Nuestra cultura<\/a> | <a href=\"https:\/\/antenchem.com\/es\/about\/\">Sobre<\/a> | <a href=\"https:\/\/antenchem.com\/es\/blog\/\">Blog<\/a><\/p>\t\t\t\t\t\t<\/div>\n\t\t\t\t<\/div>\n\t\t\t\t\t<\/div>\n\t\t<\/div>\n\t\t\t\t\t<\/div>\n\t\t<\/section>\n\t\t\t\t<section class=\"elementor-section elementor-top-section elementor-element elementor-element-52e55961 elementor-section-boxed elementor-section-height-default elementor-section-height-default\" data-id=\"52e55961\" data-element_type=\"section\">\n\t\t\t\t\t\t<div class=\"elementor-container elementor-column-gap-default\">\n\t\t\t\t\t<div class=\"elementor-column elementor-col-50 elementor-top-column elementor-element elementor-element-7c8c0f17\" data-id=\"7c8c0f17\" data-element_type=\"column\">\n\t\t\t<div class=\"elementor-widget-wrap elementor-element-populated\">\n\t\t\t\t\t\t<div class=\"elementor-element elementor-element-8fc7d7c elementor-invisible elementor-widget elementor-widget-heading\" data-id=\"8fc7d7c\" data-element_type=\"widget\" data-settings=\"{&quot;_animation&quot;:&quot;fadeInUp&quot;,&quot;_animation_delay&quot;:400}\" data-widget_type=\"heading.default\">\n\t\t\t\t<div class=\"elementor-widget-container\">\n\t\t\t<h2 class=\"elementor-heading-title elementor-size-default\">C\u00f3mo trabajamos<\/h2>\t\t<\/div>\n\t\t\t\t<\/div>\n\t\t\t\t<div class=\"elementor-element elementor-element-5160a1bd elementor-invisible elementor-widget elementor-widget-text-editor\" data-id=\"5160a1bd\" data-element_type=\"widget\" data-settings=\"{&quot;_animation&quot;:&quot;fadeInUp&quot;,&quot;_animation_delay&quot;:300}\" data-widget_type=\"text-editor.default\">\n\t\t\t\t<div class=\"elementor-widget-container\">\n\t\t\t\t\t\t\t<p>Comprenda nuestra din\u00e1mica y obtenga una perspectiva interna de los procesos que han convertido a Antenchem en una de las empresas m\u00e1s exitosas del mundo y a nuestros empleados en los m\u00e1s avanzados.<\/p>\t\t\t\t\t\t<\/div>\n\t\t\t\t<\/div>\n\t\t\t\t<div class=\"elementor-element elementor-element-d9a0fa5 elementor-invisible elementor-widget elementor-widget-heading\" data-id=\"d9a0fa5\" data-element_type=\"widget\" data-settings=\"{&quot;_animation&quot;:&quot;fadeInUp&quot;,&quot;_animation_delay&quot;:400}\" data-widget_type=\"heading.default\">\n\t\t\t\t<div class=\"elementor-widget-container\">\n\t\t\t<h2 class=\"elementor-heading-title elementor-size-default\">lo que hacemos<\/h2>\t\t<\/div>\n\t\t\t\t<\/div>\n\t\t\t\t<div class=\"elementor-element elementor-element-6a672fc elementor-invisible elementor-widget elementor-widget-text-editor\" data-id=\"6a672fc\" data-element_type=\"widget\" data-settings=\"{&quot;_animation&quot;:&quot;fadeInUp&quot;,&quot;_animation_delay&quot;:300}\" data-widget_type=\"text-editor.default\">\n\t\t\t\t<div class=\"elementor-widget-container\">\n\t\t\t\t\t\t\t<p>Explore nuestras industrias y tecnolog\u00edas, los lugares en los que destacamos y las \u00e1reas en las que ofrecemos productos y servicios que cambian y mejoran la vida de miles de personas todos los d\u00edas.<\/p>\t\t\t\t\t\t<\/div>\n\t\t\t\t<\/div>\n\t\t\t\t<div class=\"elementor-element elementor-element-e0ebb04 elementor-invisible elementor-widget elementor-widget-heading\" data-id=\"e0ebb04\" data-element_type=\"widget\" data-settings=\"{&quot;_animation&quot;:&quot;fadeInUp&quot;,&quot;_animation_delay&quot;:400}\" data-widget_type=\"heading.default\">\n\t\t\t\t<div class=\"elementor-widget-container\">\n\t\t\t<h2 class=\"elementor-heading-title elementor-size-default\">Nuestra historia<\/h2>\t\t<\/div>\n\t\t\t\t<\/div>\n\t\t\t\t<div class=\"elementor-element elementor-element-396e790 elementor-invisible elementor-widget elementor-widget-text-editor\" data-id=\"396e790\" data-element_type=\"widget\" data-settings=\"{&quot;_animation&quot;:&quot;fadeInUp&quot;,&quot;_animation_delay&quot;:300}\" data-widget_type=\"text-editor.default\">\n\t\t\t\t<div class=\"elementor-widget-container\">\n\t\t\t\t\t\t\t<p>Encuentre pruebas convincentes de nuestro liderazgo en soluciones de automatizaci\u00f3n y control, impulsado por nuestros empleados y sus inventos<\/p>\t\t\t\t\t\t<\/div>\n\t\t\t\t<\/div>\n\t\t\t\t<div class=\"elementor-element elementor-element-d99fc87 elementor-widget elementor-widget-heading\" data-id=\"d99fc87\" data-element_type=\"widget\" data-widget_type=\"heading.default\">\n\t\t\t\t<div class=\"elementor-widget-container\">\n\t\t\t<h3 class=\"elementor-heading-title elementor-size-default\">Haz crecer tu carrera con nosotros<\/h3>\t\t<\/div>\n\t\t\t\t<\/div>\n\t\t\t\t<div class=\"elementor-element elementor-element-cf4def5 elementor-widget elementor-widget-text-editor\" data-id=\"cf4def5\" data-element_type=\"widget\" data-widget_type=\"text-editor.default\">\n\t\t\t\t<div class=\"elementor-widget-container\">\n\t\t\t\t\t\t\t<p>Nuestra cultura centrada en los empleados se centra en la seguridad, el bienestar y el compromiso. Posicionar a nuestro equipo para hacer crecer sus carreras y ser la fuerza impulsora detr\u00e1s de las soluciones que ayudan a los clientes a tener \u00e9xito.<\/p>\t\t\t\t\t\t<\/div>\n\t\t\t\t<\/div>\n\t\t\t\t\t<\/div>\n\t\t<\/div>\n\t\t\t\t<div class=\"elementor-column elementor-col-50 elementor-top-column elementor-element elementor-element-7581b27c elementor-invisible\" data-id=\"7581b27c\" data-element_type=\"column\" data-settings=\"{&quot;animation&quot;:&quot;fadeInRight&quot;,&quot;animation_delay&quot;:300}\">\n\t\t\t<div class=\"elementor-widget-wrap elementor-element-populated\">\n\t\t\t\t\t\t<div class=\"elementor-element elementor-element-518dd0ab elementor-widget elementor-widget-image\" data-id=\"518dd0ab\" data-element_type=\"widget\" data-widget_type=\"image.default\">\n\t\t\t\t<div class=\"elementor-widget-container\">\n\t\t\t\t\t\t\t\t\t\t\t\t\t<img loading=\"lazy\" decoding=\"async\" width=\"525\" height=\"653\" src=\"https:\/\/antenchem.com\/wp-content\/uploads\/2022\/06\/Mask-group-1.jpg\" class=\"attachment-full size-full wp-image-283\" alt=\"Anten Chemical ahorra m\u00e1s energ\u00eda para nuestra producci\u00f3n de zeolitas, s\u00edlices, catalizadores, silicatos, PAC y tamices moleculares.\" srcset=\"https:\/\/antenchem.com\/wp-content\/uploads\/2022\/06\/Mask-group-1.jpg 525w, https:\/\/antenchem.com\/wp-content\/uploads\/2022\/06\/Mask-group-1-241x300.jpg 241w, https:\/\/antenchem.com\/wp-content\/uploads\/2022\/06\/Mask-group-1-10x12.jpg 10w\" sizes=\"(max-width: 525px) 100vw, 525px\" title=\"\">\t\t\t\t\t\t\t\t\t\t\t\t\t<\/div>\n\t\t\t\t<\/div>\n\t\t\t\t\t<\/div>\n\t\t<\/div>\n\t\t\t\t\t<\/div>\n\t\t<\/section>\n\t\t\t\t<\/div>","protected":false},"excerpt":{"rendered":"<p>M\u00e1s Experiencia profesional Fuentes de materiales m\u00e1s sustentables, optimizando el procesamiento Cultura Nuestra Historia Mejorando Continuamente Cont\u00e1ctenos Nuestra Cultura En esta secci\u00f3n, describimos algunas de las iniciativas y principios organizacionales m\u00e1s destacados que ayudan a definir nuestra cultura. Lo invitamos a conocer m\u00e1s sobre nuestra estrategia pionera Six Sigma, que nos permite mejorar continuamente [\u2026]<\/p>","protected":false},"author":1,"featured_media":0,"parent":449,"menu_order":0,"comment_status":"closed","ping_status":"closed","template":"elementor_header_footer","meta":{"footnotes":""},"class_list":["post-533","page","type-page","status-publish","hentry"],"_links":{"self":[{"href":"https:\/\/antenchem.com\/es\/wp-json\/wp\/v2\/pages\/533","targetHints":{"allow":["GET"]}}],"collection":[{"href":"https:\/\/antenchem.com\/es\/wp-json\/wp\/v2\/pages"}],"about":[{"href":"https:\/\/antenchem.com\/es\/wp-json\/wp\/v2\/types\/page"}],"author":[{"embeddable":true,"href":"https:\/\/antenchem.com\/es\/wp-json\/wp\/v2\/users\/1"}],"replies":[{"embeddable":true,"href":"https:\/\/antenchem.com\/es\/wp-json\/wp\/v2\/comments?post=533"}],"version-history":[{"count":0,"href":"https:\/\/antenchem.com\/es\/wp-json\/wp\/v2\/pages\/533\/revisions"}],"up":[{"embeddable":true,"href":"https:\/\/antenchem.com\/es\/wp-json\/wp\/v2\/pages\/449"}],"wp:attachment":[{"href":"https:\/\/antenchem.com\/es\/wp-json\/wp\/v2\/media?parent=533"}],"curies":[{"name":"wp","href":"https:\/\/api.w.org\/{rel}","templated":true}]}}