{"id":907,"date":"2022-06-14T01:36:04","date_gmt":"2022-06-14T01:36:04","guid":{"rendered":"https:\/\/antenchem.com\/?page_id=907"},"modified":"2023-09-21T03:05:55","modified_gmt":"2023-09-21T03:05:55","slug":"continually-improving","status":"publish","type":"page","link":"https:\/\/antenchem.com\/es\/about\/continually-improving\/","title":{"rendered":"Mejorando Continuamente"},"content":{"rendered":"<div data-elementor-type=\"wp-page\" data-elementor-id=\"907\" class=\"elementor elementor-907\" data-elementor-post-type=\"page\">\n\t\t\t\t\t\t<section class=\"elementor-section elementor-top-section elementor-element elementor-element-41c35663 elementor-section-full_width elementor-section-height-default elementor-section-height-default\" data-id=\"41c35663\" data-element_type=\"section\" data-settings=\"{&quot;background_background&quot;:&quot;classic&quot;}\">\n\t\t\t\t\t\t\t<div class=\"elementor-background-overlay\"><\/div>\n\t\t\t\t\t\t\t<div class=\"elementor-container elementor-column-gap-default\">\n\t\t\t\t\t<div class=\"elementor-column elementor-col-100 elementor-top-column elementor-element elementor-element-580d3b\" data-id=\"580d3b\" data-element_type=\"column\">\n\t\t\t<div class=\"elementor-widget-wrap elementor-element-populated\">\n\t\t\t\t\t\t<div class=\"elementor-element elementor-element-30880a2a elementor-invisible elementor-widget elementor-widget-heading\" data-id=\"30880a2a\" data-element_type=\"widget\" data-settings=\"{&quot;_animation&quot;:&quot;fadeInUp&quot;,&quot;_animation_delay&quot;:200}\" data-widget_type=\"heading.default\">\n\t\t\t\t<div class=\"elementor-widget-container\">\n\t\t\t<style>\/*! elementor - v3.23.0 - 25-07-2024 *\/\n.elementor-heading-title{padding:0;margin:0;line-height:1}.elementor-widget-heading .elementor-heading-title[class*=elementor-size-]>a{color:inherit;font-size:inherit;line-height:inherit}.elementor-widget-heading .elementor-heading-title.elementor-size-small{font-size:15px}.elementor-widget-heading .elementor-heading-title.elementor-size-medium{font-size:19px}.elementor-widget-heading .elementor-heading-title.elementor-size-large{font-size:29px}.elementor-widget-heading .elementor-heading-title.elementor-size-xl{font-size:39px}.elementor-widget-heading .elementor-heading-title.elementor-size-xxl{font-size:59px}<\/style><h1 class=\"elementor-heading-title elementor-size-default\">Mejorando Continuamente<\/h1>\t\t<\/div>\n\t\t\t\t<\/div>\n\t\t\t\t<div class=\"elementor-element elementor-element-13d33050 elementor-invisible elementor-widget elementor-widget-heading\" data-id=\"13d33050\" data-element_type=\"widget\" data-settings=\"{&quot;_animation&quot;:&quot;fadeInUp&quot;,&quot;_animation_delay&quot;:100}\" data-widget_type=\"heading.default\">\n\t\t\t\t<div class=\"elementor-widget-container\">\n\t\t\t<h4 class=\"elementor-heading-title elementor-size-default\">Mejor proveedor de productos qu\u00edmicos<\/h4>\t\t<\/div>\n\t\t\t\t<\/div>\n\t\t\t\t\t<\/div>\n\t\t<\/div>\n\t\t\t\t\t<\/div>\n\t\t<\/section>\n\t\t\t\t<section class=\"elementor-section elementor-top-section elementor-element elementor-element-49afd805 elementor-section-boxed elementor-section-height-default elementor-section-height-default\" data-id=\"49afd805\" data-element_type=\"section\">\n\t\t\t\t\t\t<div class=\"elementor-container elementor-column-gap-default\">\n\t\t\t\t\t<div class=\"elementor-column elementor-col-100 elementor-top-column elementor-element elementor-element-640d063a\" data-id=\"640d063a\" data-element_type=\"column\">\n\t\t\t<div class=\"elementor-widget-wrap elementor-element-populated\">\n\t\t\t\t\t\t<div class=\"elementor-element elementor-element-4413d65e elementor-invisible elementor-widget elementor-widget-heading\" data-id=\"4413d65e\" data-element_type=\"widget\" data-settings=\"{&quot;_animation&quot;:&quot;fadeInUp&quot;,&quot;_animation_delay&quot;:300}\" data-widget_type=\"heading.default\">\n\t\t\t\t<div class=\"elementor-widget-container\">\n\t\t\t<h2 class=\"elementor-heading-title elementor-size-default\">optimizando la producci\u00f3n<\/h2>\t\t<\/div>\n\t\t\t\t<\/div>\n\t\t\t\t<div class=\"elementor-element elementor-element-c8f477a elementor-invisible elementor-widget elementor-widget-heading\" data-id=\"c8f477a\" data-element_type=\"widget\" data-settings=\"{&quot;_animation&quot;:&quot;fadeInUp&quot;,&quot;_animation_delay&quot;:300}\" data-widget_type=\"heading.default\">\n\t\t\t\t<div class=\"elementor-widget-container\">\n\t\t\t<h2 class=\"elementor-heading-title elementor-size-default\">Fuentes de materiales m\u00e1s sostenibles<\/h2>\t\t<\/div>\n\t\t\t\t<\/div>\n\t\t\t\t<section class=\"elementor-section elementor-inner-section elementor-element elementor-element-7e3a4eec elementor-section-boxed elementor-section-height-default elementor-section-height-default\" data-id=\"7e3a4eec\" data-element_type=\"section\">\n\t\t\t\t\t\t<div class=\"elementor-container elementor-column-gap-default\">\n\t\t\t\t\t<div class=\"elementor-column elementor-col-25 elementor-inner-column elementor-element elementor-element-4bca443b elementor-invisible\" data-id=\"4bca443b\" data-element_type=\"column\" data-settings=\"{&quot;animation&quot;:&quot;fadeInUp&quot;,&quot;animation_delay&quot;:400}\">\n\t\t\t<div class=\"elementor-widget-wrap elementor-element-populated\">\n\t\t\t\t\t\t<div class=\"elementor-element elementor-element-11bfd354 elementor-widget elementor-widget-image\" data-id=\"11bfd354\" data-element_type=\"widget\" data-widget_type=\"image.default\">\n\t\t\t\t<div class=\"elementor-widget-container\">\n\t\t\t<style>\/*! elementor - v3.23.0 - 25-07-2024 *\/\n.elementor-widget-image{text-align:center}.elementor-widget-image a{display:inline-block}.elementor-widget-image a img[src$=\".svg\"]{width:48px}.elementor-widget-image img{vertical-align:middle;display:inline-block}<\/style>\t\t\t\t\t\t\t\t\t\t<img decoding=\"async\" width=\"86\" height=\"80\" src=\"https:\/\/antenchem.com\/wp-content\/uploads\/2022\/06\/water-energy_3463548_termwater20energypage1position48page1position48related_id3463548originsearch.png\" class=\"attachment-full size-full wp-image-242\" alt=\"Conozca m\u00e1s cultura de Anten Chemical\" srcset=\"https:\/\/antenchem.com\/wp-content\/uploads\/2022\/06\/water-energy_3463548_termwater20energypage1position48page1position48related_id3463548originsearch.png 86w, https:\/\/antenchem.com\/wp-content\/uploads\/2022\/06\/water-energy_3463548_termwater20energypage1position48page1position48related_id3463548originsearch-13x12.png 13w\" sizes=\"(max-width: 86px) 100vw, 86px\" title=\"\">\t\t\t\t\t\t\t\t\t\t\t\t\t<\/div>\n\t\t\t\t<\/div>\n\t\t\t\t<div class=\"elementor-element elementor-element-2595909f elementor-widget elementor-widget-heading\" data-id=\"2595909f\" data-element_type=\"widget\" data-widget_type=\"heading.default\">\n\t\t\t\t<div class=\"elementor-widget-container\">\n\t\t\t<h2 class=\"elementor-heading-title elementor-size-default\"><a href=\"https:\/\/antenchem.com\/es\/about\/culture\/\">Cultura<\/a><\/h2>\t\t<\/div>\n\t\t\t\t<\/div>\n\t\t\t\t\t<\/div>\n\t\t<\/div>\n\t\t\t\t<div class=\"elementor-column elementor-col-25 elementor-inner-column elementor-element elementor-element-211c42b8 elementor-invisible\" data-id=\"211c42b8\" data-element_type=\"column\" data-settings=\"{&quot;animation&quot;:&quot;fadeInUp&quot;,&quot;animation_delay&quot;:500}\">\n\t\t\t<div class=\"elementor-widget-wrap elementor-element-populated\">\n\t\t\t\t\t\t<div class=\"elementor-element elementor-element-166c92a4 elementor-widget elementor-widget-image\" data-id=\"166c92a4\" data-element_type=\"widget\" data-widget_type=\"image.default\">\n\t\t\t\t<div class=\"elementor-widget-container\">\n\t\t\t\t\t\t\t\t\t\t\t\t\t<img decoding=\"async\" width=\"64\" height=\"80\" src=\"https:\/\/antenchem.com\/wp-content\/uploads\/2022\/06\/list_4998004_related_id4998004originsearch.png\" class=\"attachment-full size-full wp-image-261\" alt=\"Conozca m\u00e1s historia de Anten Chemical\" srcset=\"https:\/\/antenchem.com\/wp-content\/uploads\/2022\/06\/list_4998004_related_id4998004originsearch.png 64w, https:\/\/antenchem.com\/wp-content\/uploads\/2022\/06\/list_4998004_related_id4998004originsearch-10x12.png 10w\" sizes=\"(max-width: 64px) 100vw, 64px\" title=\"\">\t\t\t\t\t\t\t\t\t\t\t\t\t<\/div>\n\t\t\t\t<\/div>\n\t\t\t\t<div class=\"elementor-element elementor-element-2397847f elementor-widget elementor-widget-heading\" data-id=\"2397847f\" data-element_type=\"widget\" data-widget_type=\"heading.default\">\n\t\t\t\t<div class=\"elementor-widget-container\">\n\t\t\t<h2 class=\"elementor-heading-title elementor-size-default\"><a href=\"https:\/\/antenchem.com\/es\/about\/history\/\">Nuestra historia<\/a><\/h2>\t\t<\/div>\n\t\t\t\t<\/div>\n\t\t\t\t\t<\/div>\n\t\t<\/div>\n\t\t\t\t<div class=\"elementor-column elementor-col-25 elementor-inner-column elementor-element elementor-element-7fc73659 elementor-invisible\" data-id=\"7fc73659\" data-element_type=\"column\" data-settings=\"{&quot;animation&quot;:&quot;fadeInUp&quot;,&quot;animation_delay&quot;:600}\">\n\t\t\t<div class=\"elementor-widget-wrap elementor-element-populated\">\n\t\t\t\t\t\t<div class=\"elementor-element elementor-element-951189c elementor-widget elementor-widget-image\" data-id=\"951189c\" data-element_type=\"widget\" data-widget_type=\"image.default\">\n\t\t\t\t<div class=\"elementor-widget-container\">\n\t\t\t\t\t\t\t\t\t\t\t\t\t<img decoding=\"async\" width=\"83\" height=\"80\" src=\"https:\/\/antenchem.com\/wp-content\/uploads\/2022\/06\/handshake_1365457_termpartnerpage1position3page1position3related_id1365457originsearch.png\" class=\"attachment-full size-full wp-image-322\" alt=\"Anten Chemical mejora continuamente nuestra tecnolog\u00eda de zeolitas, s\u00edlices, catalizadores, silicatos, PAC y tamices moleculares.\" srcset=\"https:\/\/antenchem.com\/wp-content\/uploads\/2022\/06\/handshake_1365457_termpartnerpage1position3page1position3related_id1365457originsearch.png 83w, https:\/\/antenchem.com\/wp-content\/uploads\/2022\/06\/handshake_1365457_termpartnerpage1position3page1position3related_id1365457originsearch-12x12.png 12w\" sizes=\"(max-width: 83px) 100vw, 83px\" title=\"\">\t\t\t\t\t\t\t\t\t\t\t\t\t<\/div>\n\t\t\t\t<\/div>\n\t\t\t\t<div class=\"elementor-element elementor-element-6b29b140 elementor-widget elementor-widget-heading\" data-id=\"6b29b140\" data-element_type=\"widget\" data-widget_type=\"heading.default\">\n\t\t\t\t<div class=\"elementor-widget-container\">\n\t\t\t<h2 class=\"elementor-heading-title elementor-size-default\"><a href=\"https:\/\/antenchem.com\/es\/about\/continually-improving\/\">Mejorando Continuamente<\/a><\/h2>\t\t<\/div>\n\t\t\t\t<\/div>\n\t\t\t\t\t<\/div>\n\t\t<\/div>\n\t\t\t\t<div class=\"elementor-column elementor-col-25 elementor-inner-column elementor-element elementor-element-70924584 elementor-invisible\" data-id=\"70924584\" data-element_type=\"column\" data-settings=\"{&quot;animation&quot;:&quot;fadeInUp&quot;,&quot;animation_delay&quot;:700}\">\n\t\t\t<div class=\"elementor-widget-wrap elementor-element-populated\">\n\t\t\t\t\t\t<div class=\"elementor-element elementor-element-b398868 elementor-widget elementor-widget-image\" data-id=\"b398868\" data-element_type=\"widget\" data-widget_type=\"image.default\">\n\t\t\t\t<div class=\"elementor-widget-container\">\n\t\t\t\t\t\t\t\t\t\t\t\t\t<img loading=\"lazy\" decoding=\"async\" width=\"40\" height=\"40\" src=\"https:\/\/antenchem.com\/wp-content\/uploads\/2022\/06\/call.png\" class=\"attachment-full size-full wp-image-224\" alt=\"Anten Chemical coopera con nuestros clientes sobre zeolitas, s\u00edlices, catalizadores, silicatos, PAC y tamices moleculares.\" srcset=\"https:\/\/antenchem.com\/wp-content\/uploads\/2022\/06\/call.png 40w, https:\/\/antenchem.com\/wp-content\/uploads\/2022\/06\/call-12x12.png 12w\" sizes=\"(max-width: 40px) 100vw, 40px\" title=\"\">\t\t\t\t\t\t\t\t\t\t\t\t\t<\/div>\n\t\t\t\t<\/div>\n\t\t\t\t<div class=\"elementor-element elementor-element-12d7b95f elementor-widget elementor-widget-heading\" data-id=\"12d7b95f\" data-element_type=\"widget\" data-widget_type=\"heading.default\">\n\t\t\t\t<div class=\"elementor-widget-container\">\n\t\t\t<h2 class=\"elementor-heading-title elementor-size-default\"><a href=\"https:\/\/antenchem.com\/es\/contact\/\">Cont\u00e1ctenos<\/a><\/h2>\t\t<\/div>\n\t\t\t\t<\/div>\n\t\t\t\t\t<\/div>\n\t\t<\/div>\n\t\t\t\t\t<\/div>\n\t\t<\/section>\n\t\t\t\t\t<\/div>\n\t\t<\/div>\n\t\t\t\t\t<\/div>\n\t\t<\/section>\n\t\t\t\t<section class=\"elementor-section elementor-top-section elementor-element elementor-element-7ef6d80f elementor-section-boxed elementor-section-height-default elementor-section-height-default elementor-invisible\" data-id=\"7ef6d80f\" data-element_type=\"section\" data-settings=\"{&quot;animation&quot;:&quot;fadeInUp&quot;}\">\n\t\t\t\t\t\t<div class=\"elementor-container elementor-column-gap-default\">\n\t\t\t\t\t<div class=\"elementor-column elementor-col-100 elementor-top-column elementor-element elementor-element-27516091\" data-id=\"27516091\" data-element_type=\"column\">\n\t\t\t<div class=\"elementor-widget-wrap elementor-element-populated\">\n\t\t\t\t\t\t<div class=\"elementor-element elementor-element-553563dd elementor-invisible elementor-widget elementor-widget-heading\" data-id=\"553563dd\" data-element_type=\"widget\" data-settings=\"{&quot;_animation&quot;:&quot;fadeInUp&quot;,&quot;_animation_delay&quot;:200}\" data-widget_type=\"heading.default\">\n\t\t\t\t<div class=\"elementor-widget-container\">\n\t\t\t<h1 class=\"elementor-heading-title elementor-size-default\">Mejorando Continuamente<\/h1>\t\t<\/div>\n\t\t\t\t<\/div>\n\t\t\t\t<section class=\"elementor-section elementor-inner-section elementor-element elementor-element-e9c3b80 elementor-section-boxed elementor-section-height-default elementor-section-height-default\" data-id=\"e9c3b80\" data-element_type=\"section\">\n\t\t\t\t\t\t<div class=\"elementor-container elementor-column-gap-default\">\n\t\t\t\t\t<div class=\"elementor-column elementor-col-50 elementor-inner-column elementor-element elementor-element-64122cd\" data-id=\"64122cd\" data-element_type=\"column\">\n\t\t\t<div class=\"elementor-widget-wrap elementor-element-populated\">\n\t\t\t\t\t\t<div class=\"elementor-element elementor-element-7dad156 elementor-widget elementor-widget-image\" data-id=\"7dad156\" data-element_type=\"widget\" data-widget_type=\"image.default\">\n\t\t\t\t<div class=\"elementor-widget-container\">\n\t\t\t\t\t\t\t\t\t\t\t\t\t<img loading=\"lazy\" decoding=\"async\" width=\"426\" height=\"582\" src=\"https:\/\/antenchem.com\/wp-content\/uploads\/2022\/08\/Continually-Improving.jpg\" class=\"attachment-full size-full wp-image-2687\" alt=\"Anten Chemical mejora continuamente nuestra producci\u00f3n de zeolitas, s\u00edlices, catalizadores, silicatos, PAC y tamices moleculares.\" srcset=\"https:\/\/antenchem.com\/wp-content\/uploads\/2022\/08\/Continually-Improving.jpg 426w, https:\/\/antenchem.com\/wp-content\/uploads\/2022\/08\/Continually-Improving-220x300.jpg 220w, https:\/\/antenchem.com\/wp-content\/uploads\/2022\/08\/Continually-Improving-9x12.jpg 9w\" sizes=\"(max-width: 426px) 100vw, 426px\" title=\"\">\t\t\t\t\t\t\t\t\t\t\t\t\t<\/div>\n\t\t\t\t<\/div>\n\t\t\t\t\t<\/div>\n\t\t<\/div>\n\t\t\t\t<div class=\"elementor-column elementor-col-50 elementor-inner-column elementor-element elementor-element-2592495\" data-id=\"2592495\" data-element_type=\"column\">\n\t\t\t<div class=\"elementor-widget-wrap elementor-element-populated\">\n\t\t\t\t\t\t<div class=\"elementor-element elementor-element-55a16114 elementor-widget elementor-widget-text-editor\" data-id=\"55a16114\" data-element_type=\"widget\" data-widget_type=\"text-editor.default\">\n\t\t\t\t<div class=\"elementor-widget-container\">\n\t\t\t<style>\/*! elementor - v3.23.0 - 25-07-2024 *\/\n.elementor-widget-text-editor.elementor-drop-cap-view-stacked .elementor-drop-cap{background-color:#69727d;color:#fff}.elementor-widget-text-editor.elementor-drop-cap-view-framed .elementor-drop-cap{color:#69727d;border:3px solid;background-color:transparent}.elementor-widget-text-editor:not(.elementor-drop-cap-view-default) .elementor-drop-cap{margin-top:8px}.elementor-widget-text-editor:not(.elementor-drop-cap-view-default) .elementor-drop-cap-letter{width:1em;height:1em}.elementor-widget-text-editor .elementor-drop-cap{float:left;text-align:center;line-height:1;font-size:50px}.elementor-widget-text-editor .elementor-drop-cap-letter{display:inline-block}<\/style>\t\t\t\t<p>Antenchem ha llevado sus m\u00e9todos de mejora continua de procesos a un nuevo nivel. Como nuestra estrategia general, Six Sigma Plus integra todas las herramientas de mejora que hemos desarrollado a lo largo de los a\u00f1os. Estos incluyen metodolog\u00edas como:<\/p><ul><li class=\"textsize-1\">Voz del Cliente<\/li><li class=\"textsize-1\">Lean Enterprise<\/li><li class=\"textsize-1\">Planificaci\u00f3n de recursos empresariales<\/li><li class=\"textsize-1\">El proceso de evaluaci\u00f3n del valor de la calidad<\/li><li class=\"textsize-1\">Nuevas habilidades y t\u00e9cnicas para el Mantenimiento Productivo Total<\/li><li class=\"textsize-1\">Aplicaciones m\u00e1s amplias para la gesti\u00f3n basada en actividades<\/li><\/ul>\t\t\t\t\t\t<\/div>\n\t\t\t\t<\/div>\n\t\t\t\t<div class=\"elementor-element elementor-element-3c1a41d elementor-widget elementor-widget-heading\" data-id=\"3c1a41d\" data-element_type=\"widget\" data-widget_type=\"heading.default\">\n\t\t\t\t<div class=\"elementor-widget-container\">\n\t\t\t<h2 class=\"elementor-heading-title elementor-size-default\">Estas herramientas y m\u00e9todos Six Sigma Plus mejoran nuestros procesos comerciales para:<\/h2>\t\t<\/div>\n\t\t\t\t<\/div>\n\t\t\t\t<div class=\"elementor-element elementor-element-e69cf66 elementor-widget elementor-widget-text-editor\" data-id=\"e69cf66\" data-element_type=\"widget\" data-widget_type=\"text-editor.default\">\n\t\t\t\t<div class=\"elementor-widget-container\">\n\t\t\t\t\t\t\t<ul><li><span class=\"textsize-1\">Entender mejor las expectativas del cliente<\/span><\/li><li><span class=\"textsize-1\">Mejorar la capacidad de nuestros procesos para cumplir y superar esas expectativas<\/span><\/li><li><span class=\"textsize-1\">Habilite el \u00e9xito de nuestra estrategia de creaci\u00f3n de valor de comercio electr\u00f3nico<\/span><\/li><li><span class=\"textsize-1\">Pronosticar el impacto de esas mejoras en nuestro negocio<\/span><\/li><\/ul>\t\t\t\t\t\t<\/div>\n\t\t\t\t<\/div>\n\t\t\t\t<div class=\"elementor-element elementor-element-870f0d2 elementor-widget elementor-widget-text-editor\" data-id=\"870f0d2\" data-element_type=\"widget\" data-widget_type=\"text-editor.default\">\n\t\t\t\t<div class=\"elementor-widget-container\">\n\t\t\t\t\t\t\t<p>\u00a0<\/p><p><a href=\"https:\/\/antenchem.com\/es\/about\/company-profile\/\">Perfil de la empresa<\/a> | <a href=\"https:\/\/antenchem.com\/es\/about\/history\/\">Nuestra historia<\/a> | <a href=\"https:\/\/antenchem.com\/es\/about\/continually-improving\/\">Mejorando Continuamente<\/a> | <a href=\"https:\/\/antenchem.com\/es\/about\/culture\/\">Nuestra cultura<\/a> | <a href=\"https:\/\/antenchem.com\/es\/about\/\">Sobre<\/a> | <a href=\"https:\/\/antenchem.com\/es\/blog\/\">Blog<\/a><\/p>\t\t\t\t\t\t<\/div>\n\t\t\t\t<\/div>\n\t\t\t\t\t<\/div>\n\t\t<\/div>\n\t\t\t\t\t<\/div>\n\t\t<\/section>\n\t\t\t\t\t<\/div>\n\t\t<\/div>\n\t\t\t\t\t<\/div>\n\t\t<\/section>\n\t\t\t\t<\/div>","protected":false},"excerpt":{"rendered":"<p>El mejor proveedor de productos qu\u00edmicos optimizando la producci\u00f3n Fuentes de materiales m\u00e1s sostenibles Cultura Nuestra historia Mejora continua Cont\u00e1ctenos Mejora continua Antenchem ha llevado sus m\u00e9todos de mejora continua de procesos a un nuevo nivel. Como nuestra estrategia general, Six Sigma Plus integra todas las herramientas de mejora que hemos desarrollado a lo largo de los a\u00f1os. Estos incluyen metodolog\u00edas tales como: Voice of the [\u2026]<\/p>","protected":false},"author":1,"featured_media":4214,"parent":449,"menu_order":0,"comment_status":"closed","ping_status":"closed","template":"","meta":{"footnotes":""},"class_list":["post-907","page","type-page","status-publish","has-post-thumbnail","hentry"],"_links":{"self":[{"href":"https:\/\/antenchem.com\/es\/wp-json\/wp\/v2\/pages\/907","targetHints":{"allow":["GET"]}}],"collection":[{"href":"https:\/\/antenchem.com\/es\/wp-json\/wp\/v2\/pages"}],"about":[{"href":"https:\/\/antenchem.com\/es\/wp-json\/wp\/v2\/types\/page"}],"author":[{"embeddable":true,"href":"https:\/\/antenchem.com\/es\/wp-json\/wp\/v2\/users\/1"}],"replies":[{"embeddable":true,"href":"https:\/\/antenchem.com\/es\/wp-json\/wp\/v2\/comments?post=907"}],"version-history":[{"count":0,"href":"https:\/\/antenchem.com\/es\/wp-json\/wp\/v2\/pages\/907\/revisions"}],"up":[{"embeddable":true,"href":"https:\/\/antenchem.com\/es\/wp-json\/wp\/v2\/pages\/449"}],"wp:featuredmedia":[{"embeddable":true,"href":"https:\/\/antenchem.com\/es\/wp-json\/wp\/v2\/media\/4214"}],"wp:attachment":[{"href":"https:\/\/antenchem.com\/es\/wp-json\/wp\/v2\/media?parent=907"}],"curies":[{"name":"wp","href":"https:\/\/api.w.org\/{rel}","templated":true}]}}