{"id":998,"date":"2022-06-14T08:15:22","date_gmt":"2022-06-14T08:15:22","guid":{"rendered":"https:\/\/antenchem.com\/?page_id=998"},"modified":"2022-11-03T02:04:50","modified_gmt":"2022-11-03T02:04:50","slug":"press-release","status":"publish","type":"page","link":"https:\/\/antenchem.com\/es\/press-release\/","title":{"rendered":"Presione soltar"},"content":{"rendered":"<div data-elementor-type=\"wp-page\" data-elementor-id=\"998\" class=\"elementor elementor-998\" data-elementor-post-type=\"page\">\n\t\t\t\t\t\t<section class=\"elementor-section elementor-top-section elementor-element elementor-element-73f1d9e elementor-section-full_width elementor-section-height-default elementor-section-height-default\" data-id=\"73f1d9e\" data-element_type=\"section\" data-settings=\"{&quot;background_background&quot;:&quot;classic&quot;}\">\n\t\t\t\t\t\t\t<div class=\"elementor-background-overlay\"><\/div>\n\t\t\t\t\t\t\t<div class=\"elementor-container elementor-column-gap-default\">\n\t\t\t\t\t<div class=\"elementor-column elementor-col-100 elementor-top-column elementor-element elementor-element-69c9964\" data-id=\"69c9964\" data-element_type=\"column\">\n\t\t\t<div class=\"elementor-widget-wrap elementor-element-populated\">\n\t\t\t\t\t\t<div class=\"elementor-element elementor-element-7524c9fa elementor-invisible elementor-widget elementor-widget-heading\" data-id=\"7524c9fa\" data-element_type=\"widget\" data-settings=\"{&quot;_animation&quot;:&quot;fadeInUp&quot;,&quot;_animation_delay&quot;:200}\" data-widget_type=\"heading.default\">\n\t\t\t\t<div class=\"elementor-widget-container\">\n\t\t\t<style>\/*! elementor - v3.23.0 - 25-07-2024 *\/\n.elementor-heading-title{padding:0;margin:0;line-height:1}.elementor-widget-heading .elementor-heading-title[class*=elementor-size-]>a{color:inherit;font-size:inherit;line-height:inherit}.elementor-widget-heading .elementor-heading-title.elementor-size-small{font-size:15px}.elementor-widget-heading .elementor-heading-title.elementor-size-medium{font-size:19px}.elementor-widget-heading .elementor-heading-title.elementor-size-large{font-size:29px}.elementor-widget-heading .elementor-heading-title.elementor-size-xl{font-size:39px}.elementor-widget-heading .elementor-heading-title.elementor-size-xxl{font-size:59px}<\/style><h2 class=\"elementor-heading-title elementor-size-default\">Presione soltar<\/h2>\t\t<\/div>\n\t\t\t\t<\/div>\n\t\t\t\t<div class=\"elementor-element elementor-element-274f009a elementor-invisible elementor-widget elementor-widget-heading\" data-id=\"274f009a\" data-element_type=\"widget\" data-settings=\"{&quot;_animation&quot;:&quot;fadeInUp&quot;,&quot;_animation_delay&quot;:100}\" data-widget_type=\"heading.default\">\n\t\t\t\t<div class=\"elementor-widget-container\">\n\t\t\t<h4 class=\"elementor-heading-title elementor-size-default\">Poder de la ciencia de Anten<\/h4>\t\t<\/div>\n\t\t\t\t<\/div>\n\t\t\t\t\t<\/div>\n\t\t<\/div>\n\t\t\t\t\t<\/div>\n\t\t<\/section>\n\t\t\t\t<section class=\"elementor-section elementor-top-section elementor-element elementor-element-202ca55f elementor-section-boxed elementor-section-height-default elementor-section-height-default\" data-id=\"202ca55f\" data-element_type=\"section\">\n\t\t\t\t\t\t<div class=\"elementor-container elementor-column-gap-default\">\n\t\t\t\t\t<div class=\"elementor-column elementor-col-100 elementor-top-column elementor-element elementor-element-61b067fd\" data-id=\"61b067fd\" data-element_type=\"column\">\n\t\t\t<div class=\"elementor-widget-wrap elementor-element-populated\">\n\t\t\t\t\t\t<div class=\"elementor-element elementor-element-6cec39dc elementor-invisible elementor-widget elementor-widget-heading\" data-id=\"6cec39dc\" data-element_type=\"widget\" data-settings=\"{&quot;_animation&quot;:&quot;fadeInUp&quot;,&quot;_animation_delay&quot;:200}\" data-widget_type=\"heading.default\">\n\t\t\t\t<div class=\"elementor-widget-container\">\n\t\t\t<h1 class=\"elementor-heading-title elementor-size-default\">Presione soltar<\/h1>\t\t<\/div>\n\t\t\t\t<\/div>\n\t\t\t\t<div class=\"elementor-element elementor-element-614743b4 elementor-widget elementor-widget-text-editor\" data-id=\"614743b4\" data-element_type=\"widget\" data-widget_type=\"text-editor.default\">\n\t\t\t\t<div class=\"elementor-widget-container\">\n\t\t\t<style>\/*! elementor - v3.23.0 - 25-07-2024 *\/\n.elementor-widget-text-editor.elementor-drop-cap-view-stacked .elementor-drop-cap{background-color:#69727d;color:#fff}.elementor-widget-text-editor.elementor-drop-cap-view-framed .elementor-drop-cap{color:#69727d;border:3px solid;background-color:transparent}.elementor-widget-text-editor:not(.elementor-drop-cap-view-default) .elementor-drop-cap{margin-top:8px}.elementor-widget-text-editor:not(.elementor-drop-cap-view-default) .elementor-drop-cap-letter{width:1em;height:1em}.elementor-widget-text-editor .elementor-drop-cap{float:left;text-align:center;line-height:1;font-size:50px}.elementor-widget-text-editor .elementor-drop-cap-letter{display:inline-block}<\/style>\t\t\t\t<p>Anten Chemical Co., Ltd. ha participado activamente en el desarrollo y la producci\u00f3n de productos de zeolita durante m\u00e1s de 17 a\u00f1os. Continuamos brindando varios tipos de productos de zeolita para nuestros clientes.<\/p><p>Somos una empresa privada, el gerente general fue galardonado con el Empresario Sobresaliente. Tiene activos fijos de 80 millones de yuanes ahora, 580 trabajadores, incluidos 13 ingenieros superiores, 13 administradores superiores, 13 ingenieros, 15 t\u00e9cnicos. En 1992, se fund\u00f3 nuestra empresa de exportaci\u00f3n para exportar al mundo. Hasta ahora, se suministraron m\u00e1s de 801 productos TP2T para la mayor\u00eda de los clientes extranjeros conocidos, como P&amp;G Corp., Kao Corp, Lion Corp, Colgate corp, Unilever Corp y Henkel.<\/p>\t\t\t\t\t\t<\/div>\n\t\t\t\t<\/div>\n\t\t\t\t\t<\/div>\n\t\t<\/div>\n\t\t\t\t\t<\/div>\n\t\t<\/section>\n\t\t\t\t<\/div>","protected":false},"excerpt":{"rendered":"<p>Energ\u00eda de la ciencia de Anten Anten Chemical Co., Ltd. ha participado activamente en el desarrollo y la producci\u00f3n de productos de zeolita durante m\u00e1s de 17 a\u00f1os. Continuamos brindando varios tipos de productos de zeolita para nuestros clientes. Somos una empresa privada, el gerente general fue galardonado con el Empresario Sobresaliente. Tiene activos fijos de 80 millones de yuanes [\u2026]<\/p>","protected":false},"author":1,"featured_media":3371,"parent":0,"menu_order":0,"comment_status":"closed","ping_status":"closed","template":"elementor_header_footer","meta":{"footnotes":""},"class_list":["post-998","page","type-page","status-publish","has-post-thumbnail","hentry"],"_links":{"self":[{"href":"https:\/\/antenchem.com\/es\/wp-json\/wp\/v2\/pages\/998","targetHints":{"allow":["GET"]}}],"collection":[{"href":"https:\/\/antenchem.com\/es\/wp-json\/wp\/v2\/pages"}],"about":[{"href":"https:\/\/antenchem.com\/es\/wp-json\/wp\/v2\/types\/page"}],"author":[{"embeddable":true,"href":"https:\/\/antenchem.com\/es\/wp-json\/wp\/v2\/users\/1"}],"replies":[{"embeddable":true,"href":"https:\/\/antenchem.com\/es\/wp-json\/wp\/v2\/comments?post=998"}],"version-history":[{"count":0,"href":"https:\/\/antenchem.com\/es\/wp-json\/wp\/v2\/pages\/998\/revisions"}],"wp:featuredmedia":[{"embeddable":true,"href":"https:\/\/antenchem.com\/es\/wp-json\/wp\/v2\/media\/3371"}],"wp:attachment":[{"href":"https:\/\/antenchem.com\/es\/wp-json\/wp\/v2\/media?parent=998"}],"curies":[{"name":"wp","href":"https:\/\/api.w.org\/{rel}","templated":true}]}}